{"id":24848,"date":"2021-06-22T13:06:33","date_gmt":"2021-06-22T11:06:33","guid":{"rendered":"https:\/\/www.santjosep.net\/ibiza-family-experience\/"},"modified":"2021-07-23T08:42:42","modified_gmt":"2021-07-23T06:42:42","slug":"ibiza-family-experience","status":"publish","type":"page","link":"https:\/\/www.santjosep.net\/ca\/ibiza-family-experience\/","title":{"rendered":"Ibiza Family Experience"},"content":{"rendered":"<div class=\"wpb-content-wrapper\"><p>[vc_row enable_hue_rotation=&#8221;no&#8221; enable_text_marquee=&#8221;no&#8221;][vc_column][vc_column_text]<\/p>\n<h2><b>Qu\u00e8 \u00e9s Ibiza Family Experience?<\/b><\/h2>\n<p>Cada any m\u00e9s fam\u00edlies amb infants venen a l\u2019illa d\u2019Eivissa a gaudir, i algunes fins i tot repeteixen.<\/p>\n<p>El projecte \u00ab<a href=\"https:\/\/ibizafamilyexperience.com\/\">Ibiza Family Experience<\/a>\u00ab, amb l\u2019objectiu de mostrar que Eivissa \u00e9s una destinaci\u00f3 ideal per a les vacances en fam\u00edlia.<\/p>\n<h5>Vens de vacances a Eivissa amb la fam\u00edlia i est\u00e0s buscant coses per fer<\/h5>\n<p>Eivissa \u00e9s una destinaci\u00f3 tur\u00edstica atractiva durant tot l\u2019any pel seu atractiu entorn natural i la seva variada oferta d\u2019hotels, restaurants i oci.[\/vc_column_text][\/vc_column][\/vc_row][vc_row enable_hue_rotation=&#8221;no&#8221; enable_text_marquee=&#8221;no&#8221;][vc_column css=&#8221;.vc_custom_1624360224855{padding-top: 20px !important;}&#8221;][vc_column_text]<\/p>\n<h2>Activitats 2021:<\/h2>\n<p>[\/vc_column_text][\/vc_column][\/vc_row][vc_row enable_hue_rotation=&#8221;no&#8221; enable_text_marquee=&#8221;no&#8221; el_class=&#8221;partfullgrid&#8221;][vc_column][vc_basic_grid post_type=&#8221;ids&#8221; element_width=&#8221;6&#8243; item=&#8221;20128&#8243; grid_id=&#8221;vc_gid:1627022542834-9107ed23-ceed-2&#8243; include=&#8221;24796, 24798&#8243;][\/vc_column][\/vc_row]<\/p>\n<\/div>","protected":false},"excerpt":{"rendered":"<p>[vc_row enable_hue_rotation=&#8221;no&#8221; enable_text_marquee=&#8221;no&#8221;][vc_column][vc_column_text] Qu\u00e8 \u00e9s Ibiza Family Experience? Cada any m\u00e9s fam\u00edlies amb infants venen a l\u2019illa d\u2019Eivissa a gaudir, i algunes fins i tot repeteixen. El projecte \u00abIbiza Family Experience\u00ab, amb l\u2019objectiu de mostrar que Eivissa \u00e9s una destinaci\u00f3 [&hellip;]<\/p>\n","protected":false},"author":1,"featured_media":24737,"parent":0,"menu_order":0,"comment_status":"closed","ping_status":"closed","template":"page-actividad.php","meta":{"_acf_changed":false,"inline_featured_image":false,"footnotes":""},"categoria_pagina":[],"class_list":["post-24848","page","type-page","status-publish","has-post-thumbnail","hentry"],"acf":[],"yoast_head":"<!-- This site is optimized with the Yoast SEO plugin v25.7 - https:\/\/yoast.com\/wordpress\/plugins\/seo\/ -->\n<title>Ibiza Family Experience - Santjosep.net<\/title>\n<meta name=\"robots\" content=\"index, follow, max-snippet:-1, max-image-preview:large, max-video-preview:-1\" \/>\n<link rel=\"canonical\" href=\"https:\/\/www.santjosep.net\/ca\/ibiza-family-experience\/\" \/>\n<meta property=\"og:locale\" content=\"ca_ES\" \/>\n<meta property=\"og:type\" content=\"article\" \/>\n<meta property=\"og:title\" content=\"Ibiza Family Experience - Santjosep.net\" \/>\n<meta property=\"og:description\" content=\"[vc_row enable_hue_rotation=&#8221;no&#8221; enable_text_marquee=&#8221;no&#8221;][vc_column][vc_column_text] Qu\u00e8 \u00e9s Ibiza Family Experience? Cada any m\u00e9s fam\u00edlies amb infants venen a l\u2019illa d\u2019Eivissa a gaudir, i algunes fins i tot repeteixen. El projecte \u00abIbiza Family Experience\u00ab, amb l\u2019objectiu de mostrar que Eivissa \u00e9s una destinaci\u00f3 [&hellip;]\" \/>\n<meta property=\"og:url\" content=\"https:\/\/www.santjosep.net\/ca\/ibiza-family-experience\/\" \/>\n<meta property=\"og:site_name\" content=\"Santjosep.net\" \/>\n<meta property=\"article:modified_time\" content=\"2021-07-23T06:42:42+00:00\" \/>\n<meta property=\"og:image\" content=\"https:\/\/www.santjosep.net\/wp-content\/uploads\/2021\/06\/ibizafamilyexperience.jpg\" \/>\n\t<meta property=\"og:image:width\" content=\"1902\" \/>\n\t<meta property=\"og:image:height\" content=\"1268\" \/>\n\t<meta property=\"og:image:type\" content=\"image\/jpeg\" \/>\n<meta name=\"twitter:card\" content=\"summary_large_image\" \/>\n<meta name=\"twitter:label1\" content=\"Temps estimat de lectura\" \/>\n\t<meta name=\"twitter:data1\" content=\"1 minut\" \/>\n<script type=\"application\/ld+json\" class=\"yoast-schema-graph\">{\"@context\":\"https:\/\/schema.org\",\"@graph\":[{\"@type\":\"WebPage\",\"@id\":\"https:\/\/www.santjosep.net\/ca\/ibiza-family-experience\/\",\"url\":\"https:\/\/www.santjosep.net\/ca\/ibiza-family-experience\/\",\"name\":\"Ibiza Family Experience - Santjosep.net\",\"isPartOf\":{\"@id\":\"https:\/\/www.santjosep.net\/#website\"},\"primaryImageOfPage\":{\"@id\":\"https:\/\/www.santjosep.net\/ca\/ibiza-family-experience\/#primaryimage\"},\"image\":{\"@id\":\"https:\/\/www.santjosep.net\/ca\/ibiza-family-experience\/#primaryimage\"},\"thumbnailUrl\":\"https:\/\/www.santjosep.net\/wp-content\/uploads\/2021\/06\/ibizafamilyexperience.jpg\",\"datePublished\":\"2021-06-22T11:06:33+00:00\",\"dateModified\":\"2021-07-23T06:42:42+00:00\",\"inLanguage\":\"ca\",\"potentialAction\":[{\"@type\":\"ReadAction\",\"target\":[\"https:\/\/www.santjosep.net\/ca\/ibiza-family-experience\/\"]}]},{\"@type\":\"ImageObject\",\"inLanguage\":\"ca\",\"@id\":\"https:\/\/www.santjosep.net\/ca\/ibiza-family-experience\/#primaryimage\",\"url\":\"https:\/\/www.santjosep.net\/wp-content\/uploads\/2021\/06\/ibizafamilyexperience.jpg\",\"contentUrl\":\"https:\/\/www.santjosep.net\/wp-content\/uploads\/2021\/06\/ibizafamilyexperience.jpg\",\"width\":1902,\"height\":1268},{\"@type\":\"WebSite\",\"@id\":\"https:\/\/www.santjosep.net\/#website\",\"url\":\"https:\/\/www.santjosep.net\/\",\"name\":\"Santjosep.net\",\"description\":\"\",\"potentialAction\":[{\"@type\":\"SearchAction\",\"target\":{\"@type\":\"EntryPoint\",\"urlTemplate\":\"https:\/\/www.santjosep.net\/?s={search_term_string}\"},\"query-input\":{\"@type\":\"PropertyValueSpecification\",\"valueRequired\":true,\"valueName\":\"search_term_string\"}}],\"inLanguage\":\"ca\"}]}<\/script>\n<!-- \/ Yoast SEO plugin. -->","yoast_head_json":{"title":"Ibiza Family Experience - Santjosep.net","robots":{"index":"index","follow":"follow","max-snippet":"max-snippet:-1","max-image-preview":"max-image-preview:large","max-video-preview":"max-video-preview:-1"},"canonical":"https:\/\/www.santjosep.net\/ca\/ibiza-family-experience\/","og_locale":"ca_ES","og_type":"article","og_title":"Ibiza Family Experience - Santjosep.net","og_description":"[vc_row enable_hue_rotation=&#8221;no&#8221; enable_text_marquee=&#8221;no&#8221;][vc_column][vc_column_text] Qu\u00e8 \u00e9s Ibiza Family Experience? Cada any m\u00e9s fam\u00edlies amb infants venen a l\u2019illa d\u2019Eivissa a gaudir, i algunes fins i tot repeteixen. El projecte \u00abIbiza Family Experience\u00ab, amb l\u2019objectiu de mostrar que Eivissa \u00e9s una destinaci\u00f3 [&hellip;]","og_url":"https:\/\/www.santjosep.net\/ca\/ibiza-family-experience\/","og_site_name":"Santjosep.net","article_modified_time":"2021-07-23T06:42:42+00:00","og_image":[{"width":1902,"height":1268,"url":"https:\/\/www.santjosep.net\/wp-content\/uploads\/2021\/06\/ibizafamilyexperience.jpg","type":"image\/jpeg"}],"twitter_card":"summary_large_image","twitter_misc":{"Temps estimat de lectura":"1 minut"},"schema":{"@context":"https:\/\/schema.org","@graph":[{"@type":"WebPage","@id":"https:\/\/www.santjosep.net\/ca\/ibiza-family-experience\/","url":"https:\/\/www.santjosep.net\/ca\/ibiza-family-experience\/","name":"Ibiza Family Experience - Santjosep.net","isPartOf":{"@id":"https:\/\/www.santjosep.net\/#website"},"primaryImageOfPage":{"@id":"https:\/\/www.santjosep.net\/ca\/ibiza-family-experience\/#primaryimage"},"image":{"@id":"https:\/\/www.santjosep.net\/ca\/ibiza-family-experience\/#primaryimage"},"thumbnailUrl":"https:\/\/www.santjosep.net\/wp-content\/uploads\/2021\/06\/ibizafamilyexperience.jpg","datePublished":"2021-06-22T11:06:33+00:00","dateModified":"2021-07-23T06:42:42+00:00","inLanguage":"ca","potentialAction":[{"@type":"ReadAction","target":["https:\/\/www.santjosep.net\/ca\/ibiza-family-experience\/"]}]},{"@type":"ImageObject","inLanguage":"ca","@id":"https:\/\/www.santjosep.net\/ca\/ibiza-family-experience\/#primaryimage","url":"https:\/\/www.santjosep.net\/wp-content\/uploads\/2021\/06\/ibizafamilyexperience.jpg","contentUrl":"https:\/\/www.santjosep.net\/wp-content\/uploads\/2021\/06\/ibizafamilyexperience.jpg","width":1902,"height":1268},{"@type":"WebSite","@id":"https:\/\/www.santjosep.net\/#website","url":"https:\/\/www.santjosep.net\/","name":"Santjosep.net","description":"","potentialAction":[{"@type":"SearchAction","target":{"@type":"EntryPoint","urlTemplate":"https:\/\/www.santjosep.net\/?s={search_term_string}"},"query-input":{"@type":"PropertyValueSpecification","valueRequired":true,"valueName":"search_term_string"}}],"inLanguage":"ca"}]}},"_links":{"self":[{"href":"https:\/\/www.santjosep.net\/ca\/wp-json\/wp\/v2\/pages\/24848","targetHints":{"allow":["GET"]}}],"collection":[{"href":"https:\/\/www.santjosep.net\/ca\/wp-json\/wp\/v2\/pages"}],"about":[{"href":"https:\/\/www.santjosep.net\/ca\/wp-json\/wp\/v2\/types\/page"}],"author":[{"embeddable":true,"href":"https:\/\/www.santjosep.net\/ca\/wp-json\/wp\/v2\/users\/1"}],"replies":[{"embeddable":true,"href":"https:\/\/www.santjosep.net\/ca\/wp-json\/wp\/v2\/comments?post=24848"}],"version-history":[{"count":0,"href":"https:\/\/www.santjosep.net\/ca\/wp-json\/wp\/v2\/pages\/24848\/revisions"}],"wp:featuredmedia":[{"embeddable":true,"href":"https:\/\/www.santjosep.net\/ca\/wp-json\/wp\/v2\/media\/24737"}],"wp:attachment":[{"href":"https:\/\/www.santjosep.net\/ca\/wp-json\/wp\/v2\/media?parent=24848"}],"wp:term":[{"taxonomy":"categoria_pagina","embeddable":true,"href":"https:\/\/www.santjosep.net\/ca\/wp-json\/wp\/v2\/categoria_pagina?post=24848"}],"curies":[{"name":"wp","href":"https:\/\/api.w.org\/{rel}","templated":true}]}}