{"id":24554,"date":"2021-05-12T15:58:13","date_gmt":"2021-05-12T13:58:13","guid":{"rendered":"https:\/\/www.santjosep.net\/tour-virtual\/es-cubells\/"},"modified":"2021-05-19T15:42:48","modified_gmt":"2021-05-19T13:42:48","slug":"es-cubells","status":"publish","type":"page","link":"https:\/\/www.santjosep.net\/ca\/tour-virtual\/es-cubells\/","title":{"rendered":"Es Cubells"},"content":{"rendered":"<div class=\"wpb-content-wrapper\"><p>[vc_row enable_hue_rotation=&#8221;no&#8221; enable_text_marquee=&#8221;no&#8221; css=&#8221;.vc_custom_1620990235992{padding-top: 30px !important;}&#8221;][vc_column][vc_column_text]<script src=\"https:\/\/static.kuula.io\/embed.js\" data-kuula=\"https:\/\/kuula.co\/share\/collection\/7YsGM?fs=1&#038;vr=1&#038;sd=1&#038;initload=0&#038;thumbs=1&#038;info=0&#038;logo=1\" data-width=\"100%\" data-height=\"640px\"><\/script>[\/vc_column_text][vc_column_text]<strong><a href=\"\/?page_id=5460\">Es Cubells<\/a><\/strong>, un dels pobles m\u00e9s diminuts de l&#8217;illa, amb un nucli urb\u00e0 format per l&#8217;esgl\u00e9sia i dos bars, posseeix un encant especial, ja que es troba a la vora d&#8217;un impressionant penya-segat.[\/vc_column_text][\/vc_column][\/vc_row]<\/p>\n<\/div>","protected":false},"excerpt":{"rendered":"<p>[vc_row enable_hue_rotation=&#8221;no&#8221; enable_text_marquee=&#8221;no&#8221; css=&#8221;.vc_custom_1620990235992{padding-top: 30px !important;}&#8221;][vc_column][vc_column_text][\/vc_column_text][vc_column_text]Es Cubells, un dels pobles m\u00e9s diminuts de l&#8217;illa, amb un nucli urb\u00e0 format per l&#8217;esgl\u00e9sia i dos bars, posseeix un encant especial, ja que es troba a la vora d&#8217;un impressionant penya-segat.[\/vc_column_text][\/vc_column][\/vc_row]<\/p>\n","protected":false},"author":1,"featured_media":24427,"parent":24464,"menu_order":0,"comment_status":"closed","ping_status":"closed","template":"","meta":{"_acf_changed":false,"inline_featured_image":false,"footnotes":""},"categoria_pagina":[],"class_list":["post-24554","page","type-page","status-publish","has-post-thumbnail","hentry"],"acf":[],"yoast_head":"<!-- This site is optimized with the Yoast SEO plugin v25.7 - https:\/\/yoast.com\/wordpress\/plugins\/seo\/ -->\n<title>Es Cubells - Santjosep.net<\/title>\n<meta name=\"robots\" content=\"index, follow, max-snippet:-1, max-image-preview:large, max-video-preview:-1\" \/>\n<link rel=\"canonical\" href=\"https:\/\/www.santjosep.net\/ca\/tour-virtual\/es-cubells\/\" \/>\n<meta property=\"og:locale\" content=\"ca_ES\" \/>\n<meta property=\"og:type\" content=\"article\" \/>\n<meta property=\"og:title\" content=\"Es Cubells - Santjosep.net\" \/>\n<meta property=\"og:description\" content=\"[vc_row enable_hue_rotation=&#8221;no&#8221; enable_text_marquee=&#8221;no&#8221; css=&#8221;.vc_custom_1620990235992{padding-top: 30px !important;}&#8221;][vc_column][vc_column_text][\/vc_column_text][vc_column_text]Es Cubells, un dels pobles m\u00e9s diminuts de l&#8217;illa, amb un nucli urb\u00e0 format per l&#8217;esgl\u00e9sia i dos bars, posseeix un encant especial, ja que es troba a la vora d&#8217;un impressionant penya-segat.[\/vc_column_text][\/vc_column][\/vc_row]\" \/>\n<meta property=\"og:url\" content=\"https:\/\/www.santjosep.net\/ca\/tour-virtual\/es-cubells\/\" \/>\n<meta property=\"og:site_name\" content=\"Santjosep.net\" \/>\n<meta property=\"article:modified_time\" content=\"2021-05-19T13:42:48+00:00\" \/>\n<meta property=\"og:image\" content=\"https:\/\/www.santjosep.net\/wp-content\/uploads\/2021\/05\/escubells_DJI_0031-1.jpg\" \/>\n\t<meta property=\"og:image:width\" content=\"1900\" \/>\n\t<meta property=\"og:image:height\" content=\"1425\" \/>\n\t<meta property=\"og:image:type\" content=\"image\/jpeg\" \/>\n<meta name=\"twitter:card\" content=\"summary_large_image\" \/>\n<script type=\"application\/ld+json\" class=\"yoast-schema-graph\">{\"@context\":\"https:\/\/schema.org\",\"@graph\":[{\"@type\":\"WebPage\",\"@id\":\"https:\/\/www.santjosep.net\/ca\/tour-virtual\/es-cubells\/\",\"url\":\"https:\/\/www.santjosep.net\/ca\/tour-virtual\/es-cubells\/\",\"name\":\"Es Cubells - Santjosep.net\",\"isPartOf\":{\"@id\":\"https:\/\/www.santjosep.net\/#website\"},\"primaryImageOfPage\":{\"@id\":\"https:\/\/www.santjosep.net\/ca\/tour-virtual\/es-cubells\/#primaryimage\"},\"image\":{\"@id\":\"https:\/\/www.santjosep.net\/ca\/tour-virtual\/es-cubells\/#primaryimage\"},\"thumbnailUrl\":\"https:\/\/www.santjosep.net\/wp-content\/uploads\/2021\/05\/escubells_DJI_0031-1.jpg\",\"datePublished\":\"2021-05-12T13:58:13+00:00\",\"dateModified\":\"2021-05-19T13:42:48+00:00\",\"breadcrumb\":{\"@id\":\"https:\/\/www.santjosep.net\/ca\/tour-virtual\/es-cubells\/#breadcrumb\"},\"inLanguage\":\"ca\",\"potentialAction\":[{\"@type\":\"ReadAction\",\"target\":[\"https:\/\/www.santjosep.net\/ca\/tour-virtual\/es-cubells\/\"]}]},{\"@type\":\"ImageObject\",\"inLanguage\":\"ca\",\"@id\":\"https:\/\/www.santjosep.net\/ca\/tour-virtual\/es-cubells\/#primaryimage\",\"url\":\"https:\/\/www.santjosep.net\/wp-content\/uploads\/2021\/05\/escubells_DJI_0031-1.jpg\",\"contentUrl\":\"https:\/\/www.santjosep.net\/wp-content\/uploads\/2021\/05\/escubells_DJI_0031-1.jpg\",\"width\":1900,\"height\":1425,\"caption\":\"DCIM100MEDIADJI_0031.JPG\"},{\"@type\":\"BreadcrumbList\",\"@id\":\"https:\/\/www.santjosep.net\/ca\/tour-virtual\/es-cubells\/#breadcrumb\",\"itemListElement\":[{\"@type\":\"ListItem\",\"position\":1,\"name\":\"Tour Virtual\",\"item\":\"https:\/\/www.santjosep.net\/ca\/tour-virtual\/\"},{\"@type\":\"ListItem\",\"position\":2,\"name\":\"Es Cubells\"}]},{\"@type\":\"WebSite\",\"@id\":\"https:\/\/www.santjosep.net\/#website\",\"url\":\"https:\/\/www.santjosep.net\/\",\"name\":\"Santjosep.net\",\"description\":\"\",\"potentialAction\":[{\"@type\":\"SearchAction\",\"target\":{\"@type\":\"EntryPoint\",\"urlTemplate\":\"https:\/\/www.santjosep.net\/?s={search_term_string}\"},\"query-input\":{\"@type\":\"PropertyValueSpecification\",\"valueRequired\":true,\"valueName\":\"search_term_string\"}}],\"inLanguage\":\"ca\"}]}<\/script>\n<!-- \/ Yoast SEO plugin. -->","yoast_head_json":{"title":"Es Cubells - Santjosep.net","robots":{"index":"index","follow":"follow","max-snippet":"max-snippet:-1","max-image-preview":"max-image-preview:large","max-video-preview":"max-video-preview:-1"},"canonical":"https:\/\/www.santjosep.net\/ca\/tour-virtual\/es-cubells\/","og_locale":"ca_ES","og_type":"article","og_title":"Es Cubells - Santjosep.net","og_description":"[vc_row enable_hue_rotation=&#8221;no&#8221; enable_text_marquee=&#8221;no&#8221; css=&#8221;.vc_custom_1620990235992{padding-top: 30px !important;}&#8221;][vc_column][vc_column_text][\/vc_column_text][vc_column_text]Es Cubells, un dels pobles m\u00e9s diminuts de l&#8217;illa, amb un nucli urb\u00e0 format per l&#8217;esgl\u00e9sia i dos bars, posseeix un encant especial, ja que es troba a la vora d&#8217;un impressionant penya-segat.[\/vc_column_text][\/vc_column][\/vc_row]","og_url":"https:\/\/www.santjosep.net\/ca\/tour-virtual\/es-cubells\/","og_site_name":"Santjosep.net","article_modified_time":"2021-05-19T13:42:48+00:00","og_image":[{"width":1900,"height":1425,"url":"https:\/\/www.santjosep.net\/wp-content\/uploads\/2021\/05\/escubells_DJI_0031-1.jpg","type":"image\/jpeg"}],"twitter_card":"summary_large_image","schema":{"@context":"https:\/\/schema.org","@graph":[{"@type":"WebPage","@id":"https:\/\/www.santjosep.net\/ca\/tour-virtual\/es-cubells\/","url":"https:\/\/www.santjosep.net\/ca\/tour-virtual\/es-cubells\/","name":"Es Cubells - Santjosep.net","isPartOf":{"@id":"https:\/\/www.santjosep.net\/#website"},"primaryImageOfPage":{"@id":"https:\/\/www.santjosep.net\/ca\/tour-virtual\/es-cubells\/#primaryimage"},"image":{"@id":"https:\/\/www.santjosep.net\/ca\/tour-virtual\/es-cubells\/#primaryimage"},"thumbnailUrl":"https:\/\/www.santjosep.net\/wp-content\/uploads\/2021\/05\/escubells_DJI_0031-1.jpg","datePublished":"2021-05-12T13:58:13+00:00","dateModified":"2021-05-19T13:42:48+00:00","breadcrumb":{"@id":"https:\/\/www.santjosep.net\/ca\/tour-virtual\/es-cubells\/#breadcrumb"},"inLanguage":"ca","potentialAction":[{"@type":"ReadAction","target":["https:\/\/www.santjosep.net\/ca\/tour-virtual\/es-cubells\/"]}]},{"@type":"ImageObject","inLanguage":"ca","@id":"https:\/\/www.santjosep.net\/ca\/tour-virtual\/es-cubells\/#primaryimage","url":"https:\/\/www.santjosep.net\/wp-content\/uploads\/2021\/05\/escubells_DJI_0031-1.jpg","contentUrl":"https:\/\/www.santjosep.net\/wp-content\/uploads\/2021\/05\/escubells_DJI_0031-1.jpg","width":1900,"height":1425,"caption":"DCIM100MEDIADJI_0031.JPG"},{"@type":"BreadcrumbList","@id":"https:\/\/www.santjosep.net\/ca\/tour-virtual\/es-cubells\/#breadcrumb","itemListElement":[{"@type":"ListItem","position":1,"name":"Tour Virtual","item":"https:\/\/www.santjosep.net\/ca\/tour-virtual\/"},{"@type":"ListItem","position":2,"name":"Es Cubells"}]},{"@type":"WebSite","@id":"https:\/\/www.santjosep.net\/#website","url":"https:\/\/www.santjosep.net\/","name":"Santjosep.net","description":"","potentialAction":[{"@type":"SearchAction","target":{"@type":"EntryPoint","urlTemplate":"https:\/\/www.santjosep.net\/?s={search_term_string}"},"query-input":{"@type":"PropertyValueSpecification","valueRequired":true,"valueName":"search_term_string"}}],"inLanguage":"ca"}]}},"_links":{"self":[{"href":"https:\/\/www.santjosep.net\/ca\/wp-json\/wp\/v2\/pages\/24554","targetHints":{"allow":["GET"]}}],"collection":[{"href":"https:\/\/www.santjosep.net\/ca\/wp-json\/wp\/v2\/pages"}],"about":[{"href":"https:\/\/www.santjosep.net\/ca\/wp-json\/wp\/v2\/types\/page"}],"author":[{"embeddable":true,"href":"https:\/\/www.santjosep.net\/ca\/wp-json\/wp\/v2\/users\/1"}],"replies":[{"embeddable":true,"href":"https:\/\/www.santjosep.net\/ca\/wp-json\/wp\/v2\/comments?post=24554"}],"version-history":[{"count":0,"href":"https:\/\/www.santjosep.net\/ca\/wp-json\/wp\/v2\/pages\/24554\/revisions"}],"up":[{"embeddable":true,"href":"https:\/\/www.santjosep.net\/ca\/wp-json\/wp\/v2\/pages\/24464"}],"wp:featuredmedia":[{"embeddable":true,"href":"https:\/\/www.santjosep.net\/ca\/wp-json\/wp\/v2\/media\/24427"}],"wp:attachment":[{"href":"https:\/\/www.santjosep.net\/ca\/wp-json\/wp\/v2\/media?parent=24554"}],"wp:term":[{"taxonomy":"categoria_pagina","embeddable":true,"href":"https:\/\/www.santjosep.net\/ca\/wp-json\/wp\/v2\/categoria_pagina?post=24554"}],"curies":[{"name":"wp","href":"https:\/\/api.w.org\/{rel}","templated":true}]}}