{"id":23295,"date":"2020-09-08T16:30:40","date_gmt":"2020-09-08T14:30:40","guid":{"rendered":"https:\/\/www.santjosep.net\/alojamientos\/"},"modified":"2020-09-22T09:34:27","modified_gmt":"2020-09-22T07:34:27","slug":"allotjaments","status":"publish","type":"page","link":"https:\/\/www.santjosep.net\/ca\/allotjaments\/","title":{"rendered":"Allotjaments"},"content":{"rendered":"<div class=\"wpb-content-wrapper\"><p>[vc_row enable_hue_rotation=&#8221;no&#8221; enable_text_marquee=&#8221;no&#8221; css=&#8221;.vc_custom_1599646739952{margin-top: 40px !important;}&#8221;][vc_column][vc_column_text css=&#8221;.vc_custom_1600760039508{padding-right: 20px !important;padding-left: 20px !important;}&#8221;]Sant Josep compta amb una \u00e0mplia i nodrida oferta d\u2019establiments hotelers i allotjaments tur\u00edstics de tipologies molt diverses, que permeten al visitant escollir el lloc m\u00e9s adequat per tal de gaudir de les seves vacances. Hotels de luxe, familiars, tem\u00e0tics, d\u2019agroturisme, apartaments, cases de vacances, hostals&#8230; Des del m\u00e9s sofisticat i <i>trendy<\/i> fins al m\u00e9s tradicional i genu\u00ed; des del m\u00e9s discret i apartat fins al m\u00e9s c\u00e8ntric i animat. Sant Josep ofereix totes les possibilitats.<\/p>\n<p>Cala de Bou y Port des Torrent, per exemple, s\u00f3n en plena badia de Sant Antoni, ocupant una extensa \u00e0rea amb una oferta complet\u00edssima de locals d\u2019oci i restauraci\u00f3. Cala Tarida, per la seva banda, brinda al visitant tota la bellesa natural d\u2019una preciosa cala amb tots els serveis disponibles. Cala Vedella, un rac\u00f3 ple d\u2019encant, proposa tranquil\u00b7litat i una atmosfera familiar. I Platja d\u2019en\u00a0 Bossa reuneix, al llarg d\u2019un extens sorral, tot un continu d\u2019establiments d\u2019avantguarda i fama internacional. Cada rac\u00f3 de Sant Josep t\u00e9 una personalitat diferent i una oferta d\u2019allotjament ideal per gaudir-ne. El visitant nom\u00e9s ha de decidir quina experi\u00e8ncia escull i \u00a1fer clic![\/vc_column_text][\/vc_column][\/vc_row]<\/p>\n<\/div>","protected":false},"excerpt":{"rendered":"<p>[vc_row enable_hue_rotation=&#8221;no&#8221; enable_text_marquee=&#8221;no&#8221; css=&#8221;.vc_custom_1599646739952{margin-top: 40px !important;}&#8221;][vc_column][vc_column_text css=&#8221;.vc_custom_1600760039508{padding-right: 20px !important;padding-left: 20px !important;}&#8221;]Sant Josep compta amb una \u00e0mplia i nodrida oferta d\u2019establiments hotelers i allotjaments tur\u00edstics de tipologies molt diverses, que permeten al visitant escollir el lloc m\u00e9s adequat per tal de [&hellip;]<\/p>\n","protected":false},"author":1,"featured_media":0,"parent":0,"menu_order":0,"comment_status":"closed","ping_status":"closed","template":"page-alojamientos.php","meta":{"_acf_changed":false,"inline_featured_image":false,"footnotes":""},"categoria_pagina":[],"class_list":["post-23295","page","type-page","status-publish","hentry"],"acf":[],"yoast_head":"<!-- This site is optimized with the Yoast SEO plugin v25.7 - https:\/\/yoast.com\/wordpress\/plugins\/seo\/ -->\n<title>Allotjaments - Santjosep.net<\/title>\n<meta name=\"robots\" content=\"index, follow, max-snippet:-1, max-image-preview:large, max-video-preview:-1\" \/>\n<link rel=\"canonical\" href=\"https:\/\/www.santjosep.net\/ca\/allotjaments\/\" \/>\n<meta property=\"og:locale\" content=\"ca_ES\" \/>\n<meta property=\"og:type\" content=\"article\" \/>\n<meta property=\"og:title\" content=\"Allotjaments - Santjosep.net\" \/>\n<meta property=\"og:description\" content=\"[vc_row enable_hue_rotation=&#8221;no&#8221; enable_text_marquee=&#8221;no&#8221; css=&#8221;.vc_custom_1599646739952{margin-top: 40px !important;}&#8221;][vc_column][vc_column_text css=&#8221;.vc_custom_1600760039508{padding-right: 20px !important;padding-left: 20px !important;}&#8221;]Sant Josep compta amb una \u00e0mplia i nodrida oferta d\u2019establiments hotelers i allotjaments tur\u00edstics de tipologies molt diverses, que permeten al visitant escollir el lloc m\u00e9s adequat per tal de [&hellip;]\" \/>\n<meta property=\"og:url\" content=\"https:\/\/www.santjosep.net\/ca\/allotjaments\/\" \/>\n<meta property=\"og:site_name\" content=\"Santjosep.net\" \/>\n<meta property=\"article:modified_time\" content=\"2020-09-22T07:34:27+00:00\" \/>\n<meta name=\"twitter:card\" content=\"summary_large_image\" \/>\n<meta name=\"twitter:label1\" content=\"Temps estimat de lectura\" \/>\n\t<meta name=\"twitter:data1\" content=\"1 minut\" \/>\n<script type=\"application\/ld+json\" class=\"yoast-schema-graph\">{\"@context\":\"https:\/\/schema.org\",\"@graph\":[{\"@type\":\"WebPage\",\"@id\":\"https:\/\/www.santjosep.net\/ca\/allotjaments\/\",\"url\":\"https:\/\/www.santjosep.net\/ca\/allotjaments\/\",\"name\":\"Allotjaments - Santjosep.net\",\"isPartOf\":{\"@id\":\"https:\/\/www.santjosep.net\/#website\"},\"datePublished\":\"2020-09-08T14:30:40+00:00\",\"dateModified\":\"2020-09-22T07:34:27+00:00\",\"inLanguage\":\"ca\",\"potentialAction\":[{\"@type\":\"ReadAction\",\"target\":[\"https:\/\/www.santjosep.net\/ca\/allotjaments\/\"]}]},{\"@type\":\"WebSite\",\"@id\":\"https:\/\/www.santjosep.net\/#website\",\"url\":\"https:\/\/www.santjosep.net\/\",\"name\":\"Santjosep.net\",\"description\":\"\",\"potentialAction\":[{\"@type\":\"SearchAction\",\"target\":{\"@type\":\"EntryPoint\",\"urlTemplate\":\"https:\/\/www.santjosep.net\/?s={search_term_string}\"},\"query-input\":{\"@type\":\"PropertyValueSpecification\",\"valueRequired\":true,\"valueName\":\"search_term_string\"}}],\"inLanguage\":\"ca\"}]}<\/script>\n<!-- \/ Yoast SEO plugin. -->","yoast_head_json":{"title":"Allotjaments - Santjosep.net","robots":{"index":"index","follow":"follow","max-snippet":"max-snippet:-1","max-image-preview":"max-image-preview:large","max-video-preview":"max-video-preview:-1"},"canonical":"https:\/\/www.santjosep.net\/ca\/allotjaments\/","og_locale":"ca_ES","og_type":"article","og_title":"Allotjaments - Santjosep.net","og_description":"[vc_row enable_hue_rotation=&#8221;no&#8221; enable_text_marquee=&#8221;no&#8221; css=&#8221;.vc_custom_1599646739952{margin-top: 40px !important;}&#8221;][vc_column][vc_column_text css=&#8221;.vc_custom_1600760039508{padding-right: 20px !important;padding-left: 20px !important;}&#8221;]Sant Josep compta amb una \u00e0mplia i nodrida oferta d\u2019establiments hotelers i allotjaments tur\u00edstics de tipologies molt diverses, que permeten al visitant escollir el lloc m\u00e9s adequat per tal de [&hellip;]","og_url":"https:\/\/www.santjosep.net\/ca\/allotjaments\/","og_site_name":"Santjosep.net","article_modified_time":"2020-09-22T07:34:27+00:00","twitter_card":"summary_large_image","twitter_misc":{"Temps estimat de lectura":"1 minut"},"schema":{"@context":"https:\/\/schema.org","@graph":[{"@type":"WebPage","@id":"https:\/\/www.santjosep.net\/ca\/allotjaments\/","url":"https:\/\/www.santjosep.net\/ca\/allotjaments\/","name":"Allotjaments - Santjosep.net","isPartOf":{"@id":"https:\/\/www.santjosep.net\/#website"},"datePublished":"2020-09-08T14:30:40+00:00","dateModified":"2020-09-22T07:34:27+00:00","inLanguage":"ca","potentialAction":[{"@type":"ReadAction","target":["https:\/\/www.santjosep.net\/ca\/allotjaments\/"]}]},{"@type":"WebSite","@id":"https:\/\/www.santjosep.net\/#website","url":"https:\/\/www.santjosep.net\/","name":"Santjosep.net","description":"","potentialAction":[{"@type":"SearchAction","target":{"@type":"EntryPoint","urlTemplate":"https:\/\/www.santjosep.net\/?s={search_term_string}"},"query-input":{"@type":"PropertyValueSpecification","valueRequired":true,"valueName":"search_term_string"}}],"inLanguage":"ca"}]}},"_links":{"self":[{"href":"https:\/\/www.santjosep.net\/ca\/wp-json\/wp\/v2\/pages\/23295","targetHints":{"allow":["GET"]}}],"collection":[{"href":"https:\/\/www.santjosep.net\/ca\/wp-json\/wp\/v2\/pages"}],"about":[{"href":"https:\/\/www.santjosep.net\/ca\/wp-json\/wp\/v2\/types\/page"}],"author":[{"embeddable":true,"href":"https:\/\/www.santjosep.net\/ca\/wp-json\/wp\/v2\/users\/1"}],"replies":[{"embeddable":true,"href":"https:\/\/www.santjosep.net\/ca\/wp-json\/wp\/v2\/comments?post=23295"}],"version-history":[{"count":0,"href":"https:\/\/www.santjosep.net\/ca\/wp-json\/wp\/v2\/pages\/23295\/revisions"}],"wp:attachment":[{"href":"https:\/\/www.santjosep.net\/ca\/wp-json\/wp\/v2\/media?parent=23295"}],"wp:term":[{"taxonomy":"categoria_pagina","embeddable":true,"href":"https:\/\/www.santjosep.net\/ca\/wp-json\/wp\/v2\/categoria_pagina?post=23295"}],"curies":[{"name":"wp","href":"https:\/\/api.w.org\/{rel}","templated":true}]}}