{"id":20561,"date":"2016-03-03T16:53:34","date_gmt":"2016-03-03T16:53:34","guid":{"rendered":"https:\/\/www.santjosep.net\/activitats-esportives\/rutes-btt\/port-des-torrent-sant-josep-ibiza\/"},"modified":"2021-10-05T13:05:38","modified_gmt":"2021-10-05T11:05:38","slug":"port-des-torrent-sant-josep-ibiza","status":"publish","type":"page","link":"https:\/\/www.santjosep.net\/ca\/turisme-actiu\/rutes-btt\/port-des-torrent-sant-josep-ibiza\/","title":{"rendered":"Port des Torrent (Sant Josep) &#8211; Ibiza"},"content":{"rendered":"<p>El nostre recorregut d\u2019anada i tornada comen\u00e7a a Sant Antoni, al costat de la platja de Port des Torrent, indret que dona nom a aquesta ruta. Sortint des del panell indicatiu, agafarem el carrer Conca en sentit ascendent i, pocs metres despr\u00e9s, deixarem l\u2019asfalt i agafarem un cam\u00ed de terra que ens queda a la dreta.<br \/>\nAquesta \u00e9s una ruta de nivell baix, perfecta per iniciar-nos en l\u2019exploraci\u00f3 de l\u2019illa sobre dues rodes i pedals, que ens far\u00e0 travessar pinedes, camins i pedregars fins a un imponent paisatge d\u2019illots i penya-segats. La ruta \u00e9s lineal: anirem i tornarem pel mateix cam\u00ed, excepte un petit bucle a la secci\u00f3 final, que ens donar\u00e0 a con\u00e8ixer una altra possible combinaci\u00f3 de camins.<br \/>\nEns aproparem a cala Bassa, una badia tranquil\u00b7la d\u2019aig\u00fces transparents on ser\u00e0 dif\u00edcil no caure en la temptaci\u00f3 del bany, si l\u2019estaci\u00f3 ho permet. Al costat d\u2019aquesta cala hi trobarem un c\u00e0mping que disposa de totes les comoditats, i tamb\u00e9 algun quiosc on podrem prendre alguna cosa, si ens ve de gust.<\/p>\n<p><a href=\"https:\/\/www.santjosep.net\/wp-content\/uploads\/2013\/11\/calabassa.jpg\" rel=\"attachment wp-att-941\"><img loading=\"lazy\" decoding=\"async\" class=\"alignnone size-full wp-image-16572\" src=\"https:\/\/www.santjosep.net\/wp-content\/uploads\/2013\/11\/calabassa.jpg\" alt=\"calabassa\" width=\"800\" height=\"533\" srcset=\"https:\/\/www.santjosep.net\/wp-content\/uploads\/2013\/11\/calabassa.jpg 800w, https:\/\/www.santjosep.net\/wp-content\/uploads\/2013\/11\/calabassa-300x199.jpg 300w\" sizes=\"auto, (max-width: 800px) 100vw, 800px\" \/><\/a><\/p>\n<p>Seguirem pedalant al costat de la costa i gaudirem de les precioses vistes a l\u2019illa Conillera, a diverses cales que hi ha sota els penya-segats i a la torre d\u2019en Rovira o torre de Comte, una majestuosa torre de vigil\u00e0ncia aixecada l\u2019any 1763 que presideix aquesta zona de penya-segats, tot i que haurem de vigilar especialment i no apropar-nos massa al marge.<\/p>\n<p><a href=\"https:\/\/www.santjosep.net\/wp-content\/uploads\/2016\/03\/IMG_2193.jpg\" rel=\"attachment wp-att-5073\"><img loading=\"lazy\" decoding=\"async\" class=\"alignnone size-full wp-image-20562\" src=\"https:\/\/www.santjosep.net\/wp-content\/uploads\/2016\/03\/IMG_2193.jpg\" alt=\"IMG_2193\" width=\"1200\" height=\"800\" srcset=\"https:\/\/www.santjosep.net\/wp-content\/uploads\/2016\/03\/IMG_2193.jpg 1200w, https:\/\/www.santjosep.net\/wp-content\/uploads\/2016\/03\/IMG_2193-300x200.jpg 300w, https:\/\/www.santjosep.net\/wp-content\/uploads\/2016\/03\/IMG_2193-768x512.jpg 768w, https:\/\/www.santjosep.net\/wp-content\/uploads\/2016\/03\/IMG_2193-1024x683.jpg 1024w\" sizes=\"auto, (max-width: 1200px) 100vw, 1200px\" \/><\/a><br \/>\nCContinuarem la nostra ruta fins a arribar a Platges de Comte, indret que disposa de restaurants i barets on podrem refrescar-nos i gaudir d\u2019unes vistes espectaculars. Aquesta zona amaga innumerables racons on podrem descansar sota l\u2019ombra de pins i savines. Tornarem per una secci\u00f3 de carretera asfaltada per tancar el bucle i desfer el cam\u00ed fins a Port des Torrent, on acabar\u00e0 la nostra excursi\u00f3 despr\u00e9s d\u2019haver recorregut quinze quil\u00f2metres al llarg d\u2019una ruta f\u00e0cil, bonica i molt suggeridora.<\/p>\n<p><a href=\"https:\/\/www.santjosep.net\/wp-content\/uploads\/2016\/03\/IMG_2093.jpg\" rel=\"attachment wp-att-5076\"><img loading=\"lazy\" decoding=\"async\" class=\"alignnone size-full wp-image-21433\" src=\"https:\/\/www.santjosep.net\/wp-content\/uploads\/2016\/03\/IMG_2093.jpg\" alt=\"IMG_2093\" width=\"1200\" height=\"800\" srcset=\"https:\/\/www.santjosep.net\/wp-content\/uploads\/2016\/03\/IMG_2093.jpg 1200w, https:\/\/www.santjosep.net\/wp-content\/uploads\/2016\/03\/IMG_2093-300x200.jpg 300w, https:\/\/www.santjosep.net\/wp-content\/uploads\/2016\/03\/IMG_2093-768x512.jpg 768w, https:\/\/www.santjosep.net\/wp-content\/uploads\/2016\/03\/IMG_2093-1024x683.jpg 1024w\" sizes=\"auto, (max-width: 1200px) 100vw, 1200px\" \/><\/a><\/p>\n<p>Dist\u00e0ncia total \u2013 14,57 km<br \/>\nPer carretera \u2013 3 km<br \/>\nPer pista \u2013 9,57 km<br \/>\nPer cam\u00ed \u2013 2 km<br \/>\nTemps \u2013 1-2 hores<br \/>\nDificultat global \u2013 VERDA<br \/>\nDificultat t\u00e8cnica \u2013 Baixa<br \/>\nDificultat f\u00edsica \u2013 Baixa<br \/>\nDesnivell + acumulat \u2013 223 m<br \/>\nDesnivell \u2013 acumulat \u2013 223 m<\/p>\n<p>\u2013 Haurem de tenir una cura especial durant l\u2019\u00faltima part de la ruta, ja que compartirem carretera amb el tr\u00e0nsit motoritzat, que pot ser intens segons l\u2019\u00e8poca de l\u2019any.<br \/>\n\u2013 Atenci\u00f3 al penya-segat, sobretot si hi ha vent fort.<\/p>\n<div class=\"gm-map\" style=\"position: relative;height: 200px; width: 200px;\"><iframe name=\"gm-map-1\" allowfullscreen src=\"https:\/\/www.santjosep.net\/ca\/?geo_mashup_content=render-map&amp;map_data_key=79bac29f546759b1240173448f7706ae&amp;lang=ca&amp;zoom=13&amp;name=gm-map-1&amp;map_content=contextual&amp;error_comment=&lt;!-- Geo Mashup found no objects to map in this context--&gt;\" style=\"position: absolute; top: 0; left: 0; width: 100%; height: 100%; border: none; overflow: hidden;\"><\/iframe><\/div>\n<p>QUADERN DE RUTA<br \/>\n1. Sortida. Sortim de Port des Torrent, des del cartell indicador de la ruta, tot pujant pel carrer Conca.<br \/>\n2. Gir a la dreta. Entrem a la pista de terra.<br \/>\n3. Gir a l\u2019esquerra. Arribem a una cru\u00eflla al costat d\u2019unes cases i tombem a l\u2019esquerra.<br \/>\n4. Cam\u00ed dreta. Arribem a la carretera i girem a la dreta.<br \/>\n5. Pista recte. Al revolt de la dreta de la carretera, continuem recte per una pista.<br \/>\n6. Bifurcaci\u00f3 esquerra. A la bifurcaci\u00f3 seg\u00fcent, girem a l\u2019esquerra.<br \/>\n7. Cru\u00eflla: en aquesta cru\u00eflla continuem recte, tot seguint la pista principal.<br \/>\n8. Gir a la carretera dreta. Arribem a una carretera asfaltada amb certa circulaci\u00f3 de cotxes. Girem a la dreta.<br \/>\n9. Gir cam\u00ed esquerra. Arribem a cala Bassa i agafem el cam\u00ed a l\u2019esquerra.<br \/>\n10. Bifurcaci\u00f3 dreta. Ens topem amb una tanca que envolta una propietat privada. Agafem el cam\u00ed de la dreta.<br \/>\n11. Gir viarany esquerra. Arribem al que sembla el final de la pista cap a una casa. Agafem un cam\u00ed a l\u2019esquerra.<br \/>\n12. Bifurcaci\u00f3 dreta. En arribar a aquesta bifurcaci\u00f3, seguim per la dreta.<br \/>\n13. Gir esquerra. Arribem al penya-segat de cala Roja i seguim la l\u00ednia de la costa cap a l\u2019esquerra.<br \/>\n14. Gir pista esquerra. Despr\u00e9s d\u2019envoltar cala Roja, trobem una pista. Tombem a l\u2019esquerra.<br \/>\n15. Gir dreta. En aquest revolt pronunciat agafem el cam\u00ed a la dreta.<br \/>\n16. Seguim la costa. Arribem a un restaurant. Seguim vorejant la costa.<br \/>\n17. Gir carretera esquerra. Des del penya-segat on ens trobem, podem veure diferents illots i una tanca que ens separa del penya-segat. Agafem la carretera d\u2019asfalt cap a l\u2019esquerra.<br \/>\n18. Gir esquerra. Despr\u00e9s d\u2019una recta a la carretera, trobem un revolt a la dreta. Agafem la carretera que surt cap a l\u2019esquerra.<br \/>\n19. Bifurcaci\u00f3 dreta pista. Trobem una bifurcaci\u00f3. Seguim per la pista de terra de la dreta.<br \/>\n20. Gir esquerra. Arribem a una carretera asfaltada. Girem a l\u2019esquerra.<br \/>\n21. Gir pista dreta. Entrem a la pista de terra de la dreta, per on ja hem passat abans. Aqu\u00ed es tanca el bucle i tornem per on hem vingut.<br \/>\n22. Gir esquerra. Girem pel carrer Conca fins al punt de sortida.<br \/>\n23. Fi de la ruta. <\/p>\n","protected":false},"excerpt":{"rendered":"<p>El nostre recorregut d\u2019anada i tornada comen\u00e7a a Sant Antoni, al costat de la platja de Port des Torrent, indret que dona nom a aquesta ruta. Sortint des del panell indicatiu, agafarem el carrer Conca en sentit ascendent i, pocs [&hellip;]<\/p>\n","protected":false},"author":1,"featured_media":20562,"parent":12397,"menu_order":0,"comment_status":"closed","ping_status":"closed","template":"page-actividad.php","meta":{"_acf_changed":false,"inline_featured_image":false,"footnotes":""},"categoria_pagina":[],"class_list":["post-20561","page","type-page","status-publish","has-post-thumbnail","hentry"],"acf":[],"yoast_head":"<!-- This site is optimized with the Yoast SEO plugin v25.7 - https:\/\/yoast.com\/wordpress\/plugins\/seo\/ -->\n<title>Port des Torrent (Sant Josep) - Ibiza - Santjosep.net<\/title>\n<meta name=\"robots\" content=\"index, follow, max-snippet:-1, max-image-preview:large, max-video-preview:-1\" \/>\n<link rel=\"canonical\" href=\"https:\/\/www.santjosep.net\/ca\/turisme-actiu\/rutes-btt\/port-des-torrent-sant-josep-ibiza\/\" \/>\n<meta property=\"og:locale\" content=\"ca_ES\" \/>\n<meta property=\"og:type\" content=\"article\" \/>\n<meta property=\"og:title\" content=\"Port des Torrent (Sant Josep) - Ibiza - Santjosep.net\" \/>\n<meta property=\"og:description\" content=\"El nostre recorregut d\u2019anada i tornada comen\u00e7a a Sant Antoni, al costat de la platja de Port des Torrent, indret que dona nom a aquesta ruta. Sortint des del panell indicatiu, agafarem el carrer Conca en sentit ascendent i, pocs [&hellip;]\" \/>\n<meta property=\"og:url\" content=\"https:\/\/www.santjosep.net\/ca\/turisme-actiu\/rutes-btt\/port-des-torrent-sant-josep-ibiza\/\" \/>\n<meta property=\"og:site_name\" content=\"Santjosep.net\" \/>\n<meta property=\"article:modified_time\" content=\"2021-10-05T11:05:38+00:00\" \/>\n<meta property=\"og:image\" content=\"https:\/\/www.santjosep.net\/wp-content\/uploads\/2016\/03\/IMG_2193.jpg\" \/>\n\t<meta property=\"og:image:width\" content=\"1200\" \/>\n\t<meta property=\"og:image:height\" content=\"800\" \/>\n\t<meta property=\"og:image:type\" content=\"image\/jpeg\" \/>\n<meta name=\"twitter:card\" content=\"summary_large_image\" \/>\n<meta name=\"twitter:label1\" content=\"Temps estimat de lectura\" \/>\n\t<meta name=\"twitter:data1\" content=\"4 minuts\" \/>\n<script type=\"application\/ld+json\" class=\"yoast-schema-graph\">{\"@context\":\"https:\/\/schema.org\",\"@graph\":[{\"@type\":\"WebPage\",\"@id\":\"https:\/\/www.santjosep.net\/ca\/turisme-actiu\/rutes-btt\/port-des-torrent-sant-josep-ibiza\/\",\"url\":\"https:\/\/www.santjosep.net\/ca\/turisme-actiu\/rutes-btt\/port-des-torrent-sant-josep-ibiza\/\",\"name\":\"Port des Torrent (Sant Josep) - Ibiza - Santjosep.net\",\"isPartOf\":{\"@id\":\"https:\/\/www.santjosep.net\/#website\"},\"primaryImageOfPage\":{\"@id\":\"https:\/\/www.santjosep.net\/ca\/turisme-actiu\/rutes-btt\/port-des-torrent-sant-josep-ibiza\/#primaryimage\"},\"image\":{\"@id\":\"https:\/\/www.santjosep.net\/ca\/turisme-actiu\/rutes-btt\/port-des-torrent-sant-josep-ibiza\/#primaryimage\"},\"thumbnailUrl\":\"https:\/\/www.santjosep.net\/wp-content\/uploads\/2016\/03\/IMG_2193.jpg\",\"datePublished\":\"2016-03-03T16:53:34+00:00\",\"dateModified\":\"2021-10-05T11:05:38+00:00\",\"breadcrumb\":{\"@id\":\"https:\/\/www.santjosep.net\/ca\/turisme-actiu\/rutes-btt\/port-des-torrent-sant-josep-ibiza\/#breadcrumb\"},\"inLanguage\":\"ca\",\"potentialAction\":[{\"@type\":\"ReadAction\",\"target\":[\"https:\/\/www.santjosep.net\/ca\/turisme-actiu\/rutes-btt\/port-des-torrent-sant-josep-ibiza\/\"]}]},{\"@type\":\"ImageObject\",\"inLanguage\":\"ca\",\"@id\":\"https:\/\/www.santjosep.net\/ca\/turisme-actiu\/rutes-btt\/port-des-torrent-sant-josep-ibiza\/#primaryimage\",\"url\":\"https:\/\/www.santjosep.net\/wp-content\/uploads\/2016\/03\/IMG_2193.jpg\",\"contentUrl\":\"https:\/\/www.santjosep.net\/wp-content\/uploads\/2016\/03\/IMG_2193.jpg\",\"width\":1200,\"height\":800},{\"@type\":\"BreadcrumbList\",\"@id\":\"https:\/\/www.santjosep.net\/ca\/turisme-actiu\/rutes-btt\/port-des-torrent-sant-josep-ibiza\/#breadcrumb\",\"itemListElement\":[{\"@type\":\"ListItem\",\"position\":1,\"name\":\"Turisme actiu\",\"item\":\"https:\/\/www.santjosep.net\/ca\/turisme-actiu\/\"},{\"@type\":\"ListItem\",\"position\":2,\"name\":\"Rutes BTT\",\"item\":\"https:\/\/www.santjosep.net\/ca\/turisme-actiu\/rutes-btt\/\"},{\"@type\":\"ListItem\",\"position\":3,\"name\":\"Port des Torrent (Sant Josep) &#8211; Ibiza\"}]},{\"@type\":\"WebSite\",\"@id\":\"https:\/\/www.santjosep.net\/#website\",\"url\":\"https:\/\/www.santjosep.net\/\",\"name\":\"Santjosep.net\",\"description\":\"\",\"potentialAction\":[{\"@type\":\"SearchAction\",\"target\":{\"@type\":\"EntryPoint\",\"urlTemplate\":\"https:\/\/www.santjosep.net\/?s={search_term_string}\"},\"query-input\":{\"@type\":\"PropertyValueSpecification\",\"valueRequired\":true,\"valueName\":\"search_term_string\"}}],\"inLanguage\":\"ca\"}]}<\/script>\n<!-- \/ Yoast SEO plugin. -->","yoast_head_json":{"title":"Port des Torrent (Sant Josep) - Ibiza - Santjosep.net","robots":{"index":"index","follow":"follow","max-snippet":"max-snippet:-1","max-image-preview":"max-image-preview:large","max-video-preview":"max-video-preview:-1"},"canonical":"https:\/\/www.santjosep.net\/ca\/turisme-actiu\/rutes-btt\/port-des-torrent-sant-josep-ibiza\/","og_locale":"ca_ES","og_type":"article","og_title":"Port des Torrent (Sant Josep) - Ibiza - Santjosep.net","og_description":"El nostre recorregut d\u2019anada i tornada comen\u00e7a a Sant Antoni, al costat de la platja de Port des Torrent, indret que dona nom a aquesta ruta. Sortint des del panell indicatiu, agafarem el carrer Conca en sentit ascendent i, pocs [&hellip;]","og_url":"https:\/\/www.santjosep.net\/ca\/turisme-actiu\/rutes-btt\/port-des-torrent-sant-josep-ibiza\/","og_site_name":"Santjosep.net","article_modified_time":"2021-10-05T11:05:38+00:00","og_image":[{"width":1200,"height":800,"url":"https:\/\/www.santjosep.net\/wp-content\/uploads\/2016\/03\/IMG_2193.jpg","type":"image\/jpeg"}],"twitter_card":"summary_large_image","twitter_misc":{"Temps estimat de lectura":"4 minuts"},"schema":{"@context":"https:\/\/schema.org","@graph":[{"@type":"WebPage","@id":"https:\/\/www.santjosep.net\/ca\/turisme-actiu\/rutes-btt\/port-des-torrent-sant-josep-ibiza\/","url":"https:\/\/www.santjosep.net\/ca\/turisme-actiu\/rutes-btt\/port-des-torrent-sant-josep-ibiza\/","name":"Port des Torrent (Sant Josep) - Ibiza - Santjosep.net","isPartOf":{"@id":"https:\/\/www.santjosep.net\/#website"},"primaryImageOfPage":{"@id":"https:\/\/www.santjosep.net\/ca\/turisme-actiu\/rutes-btt\/port-des-torrent-sant-josep-ibiza\/#primaryimage"},"image":{"@id":"https:\/\/www.santjosep.net\/ca\/turisme-actiu\/rutes-btt\/port-des-torrent-sant-josep-ibiza\/#primaryimage"},"thumbnailUrl":"https:\/\/www.santjosep.net\/wp-content\/uploads\/2016\/03\/IMG_2193.jpg","datePublished":"2016-03-03T16:53:34+00:00","dateModified":"2021-10-05T11:05:38+00:00","breadcrumb":{"@id":"https:\/\/www.santjosep.net\/ca\/turisme-actiu\/rutes-btt\/port-des-torrent-sant-josep-ibiza\/#breadcrumb"},"inLanguage":"ca","potentialAction":[{"@type":"ReadAction","target":["https:\/\/www.santjosep.net\/ca\/turisme-actiu\/rutes-btt\/port-des-torrent-sant-josep-ibiza\/"]}]},{"@type":"ImageObject","inLanguage":"ca","@id":"https:\/\/www.santjosep.net\/ca\/turisme-actiu\/rutes-btt\/port-des-torrent-sant-josep-ibiza\/#primaryimage","url":"https:\/\/www.santjosep.net\/wp-content\/uploads\/2016\/03\/IMG_2193.jpg","contentUrl":"https:\/\/www.santjosep.net\/wp-content\/uploads\/2016\/03\/IMG_2193.jpg","width":1200,"height":800},{"@type":"BreadcrumbList","@id":"https:\/\/www.santjosep.net\/ca\/turisme-actiu\/rutes-btt\/port-des-torrent-sant-josep-ibiza\/#breadcrumb","itemListElement":[{"@type":"ListItem","position":1,"name":"Turisme actiu","item":"https:\/\/www.santjosep.net\/ca\/turisme-actiu\/"},{"@type":"ListItem","position":2,"name":"Rutes BTT","item":"https:\/\/www.santjosep.net\/ca\/turisme-actiu\/rutes-btt\/"},{"@type":"ListItem","position":3,"name":"Port des Torrent (Sant Josep) &#8211; Ibiza"}]},{"@type":"WebSite","@id":"https:\/\/www.santjosep.net\/#website","url":"https:\/\/www.santjosep.net\/","name":"Santjosep.net","description":"","potentialAction":[{"@type":"SearchAction","target":{"@type":"EntryPoint","urlTemplate":"https:\/\/www.santjosep.net\/?s={search_term_string}"},"query-input":{"@type":"PropertyValueSpecification","valueRequired":true,"valueName":"search_term_string"}}],"inLanguage":"ca"}]}},"_links":{"self":[{"href":"https:\/\/www.santjosep.net\/ca\/wp-json\/wp\/v2\/pages\/20561","targetHints":{"allow":["GET"]}}],"collection":[{"href":"https:\/\/www.santjosep.net\/ca\/wp-json\/wp\/v2\/pages"}],"about":[{"href":"https:\/\/www.santjosep.net\/ca\/wp-json\/wp\/v2\/types\/page"}],"author":[{"embeddable":true,"href":"https:\/\/www.santjosep.net\/ca\/wp-json\/wp\/v2\/users\/1"}],"replies":[{"embeddable":true,"href":"https:\/\/www.santjosep.net\/ca\/wp-json\/wp\/v2\/comments?post=20561"}],"version-history":[{"count":0,"href":"https:\/\/www.santjosep.net\/ca\/wp-json\/wp\/v2\/pages\/20561\/revisions"}],"up":[{"embeddable":true,"href":"https:\/\/www.santjosep.net\/ca\/wp-json\/wp\/v2\/pages\/12397"}],"wp:featuredmedia":[{"embeddable":true,"href":"https:\/\/www.santjosep.net\/ca\/wp-json\/wp\/v2\/media\/20562"}],"wp:attachment":[{"href":"https:\/\/www.santjosep.net\/ca\/wp-json\/wp\/v2\/media?parent=20561"}],"wp:term":[{"taxonomy":"categoria_pagina","embeddable":true,"href":"https:\/\/www.santjosep.net\/ca\/wp-json\/wp\/v2\/categoria_pagina?post=20561"}],"curies":[{"name":"wp","href":"https:\/\/api.w.org\/{rel}","templated":true}]}}