{"id":20556,"date":"2016-03-02T11:56:57","date_gmt":"2016-03-02T11:56:57","guid":{"rendered":"https:\/\/www.santjosep.net\/activitats-esportives\/rutes-btt\/cala-jondal-sant-josep-ibiza\/"},"modified":"2021-10-05T13:08:22","modified_gmt":"2021-10-05T11:08:22","slug":"cala-jondal-sant-josep-ibiza","status":"publish","type":"page","link":"https:\/\/www.santjosep.net\/ca\/turisme-actiu\/rutes-btt\/cala-jondal-sant-josep-ibiza\/","title":{"rendered":"Cala Jondal (Sant Josep) Ibiza"},"content":{"rendered":"<p>Aquesta ruta va adre\u00e7ada als amants del camp i de la muntanya. Es tracta d\u2019un recorregut que ens exigir\u00e0 un bon domini sobre la bici i una resist\u00e8ncia f\u00edsica experimentada. A canvi, gaudirem d\u2019un itinerari que ens descobrir\u00e0 l\u2019interior de l\u2019extrem sud-oest de l\u2019illa i ens ensenyar\u00e0 cultius tradicionals, vistes impressionants i viaranys que serpentegen mentre recorrem boscs i camps que, sobretot a la primavera, desborden color i esperit mediterrani.<\/p>\n<p><a href=\"https:\/\/www.santjosep.net\/wp-content\/uploads\/2014\/05\/satalaia_santantoni_IMG_4751.jpg\" rel=\"attachment wp-att-2062\"><img loading=\"lazy\" decoding=\"async\" class=\"alignnone size-full wp-image-13180\" src=\"https:\/\/www.santjosep.net\/wp-content\/uploads\/2014\/05\/satalaia_santantoni_IMG_4751.jpg\" alt=\"satalaia_santantoni_IMG_4751\" width=\"1200\" height=\"800\" srcset=\"https:\/\/www.santjosep.net\/wp-content\/uploads\/2014\/05\/satalaia_santantoni_IMG_4751.jpg 1200w, https:\/\/www.santjosep.net\/wp-content\/uploads\/2014\/05\/satalaia_santantoni_IMG_4751-300x200.jpg 300w, https:\/\/www.santjosep.net\/wp-content\/uploads\/2014\/05\/satalaia_santantoni_IMG_4751-1024x682.jpg 1024w\" sizes=\"auto, (max-width: 1200px) 100vw, 1200px\" \/><\/a><\/p>\n<p>Comen\u00e7arem pedalant per asfalt, per\u00f2 de seguida deixarem el paviment per endinsar-nos pels camins, els viaranys i les trialeres que no abandonarem pr\u00e0cticament fins al final.Els aproximadament nou-cents metres de desnivell que salvarem durant els gaireb\u00e9 quaranta quil\u00f2metres de ruta els afrontarem en dos ascensos assequibles, primer a sa Capelleta i despr\u00e9s a sa Talaia, per\u00f2 sense arribar a coronar cap dels cims.<\/p>\n<p><a href=\"https:\/\/www.santjosep.net\/wp-content\/uploads\/2013\/11\/calajondal_IMG_92052.jpg\" rel=\"attachment wp-att-963\"><img loading=\"lazy\" decoding=\"async\" class=\"size-full wp-image-16571\" src=\"https:\/\/www.santjosep.net\/wp-content\/uploads\/2013\/11\/calajondal_IMG_92052.jpg\" alt=\"Cala Jondal\" width=\"800\" height=\"533\" srcset=\"https:\/\/www.santjosep.net\/wp-content\/uploads\/2013\/11\/calajondal_IMG_92052.jpg 800w, https:\/\/www.santjosep.net\/wp-content\/uploads\/2013\/11\/calajondal_IMG_92052-300x199.jpg 300w\" sizes=\"auto, (max-width: 800px) 100vw, 800px\" \/><\/a><\/p>\n<p>Ser\u00e0 gaireb\u00e9 ineludible, si el clima acompanya, aprofitar a meitat del passeig les brillants aig\u00fces de cala Jondal o de Porroig per fer un bany refrescant.<\/p>\n<p><a href=\"https:\/\/www.santjosep.net\/wp-content\/uploads\/2013\/11\/porroig_IMG_8432.jpg\" rel=\"attachment wp-att-1065\"><img loading=\"lazy\" decoding=\"async\" class=\"alignnone size-full wp-image-11397\" src=\"https:\/\/www.santjosep.net\/wp-content\/uploads\/2013\/11\/porroig_IMG_8432.jpg\" alt=\"porroig_IMG_8432\" width=\"1000\" height=\"667\" srcset=\"https:\/\/www.santjosep.net\/wp-content\/uploads\/2013\/11\/porroig_IMG_8432.jpg 1000w, https:\/\/www.santjosep.net\/wp-content\/uploads\/2013\/11\/porroig_IMG_8432-300x200.jpg 300w\" sizes=\"auto, (max-width: 1000px) 100vw, 1000px\" \/><\/a><\/p>\n<p>Tot seguit, pujarem fins a la meitat del vessant de la muntanya de sa Talaia, tot travessant impressionants valls plenes de flora i fauna local, fins a tornar a Sant Antoni per un terreny m\u00e9s relaxat a trav\u00e9s de petits i bonics camps de cultiu.<\/p>\n<p>Dist\u00e0ncia total \u2013 38,63<br \/>\nTemps estimat \u2013 4-5 hores<br \/>\nAscens total \u2013 878<br \/>\nDescens total \u2013 878<br \/>\nCarretera \u2013 35%<br \/>\nPista \u2013 20%<br \/>\nCam\u00ed \u2013 45%<br \/>\nDificultat t\u00e8cnica \u2013 Alta<br \/>\nDificultat f\u00edsica \u2013 Mitjana<br \/>\nDificultat global \u2013 VERMELLA<\/p>\n<p>\u2013 Pel cam\u00ed no hi ha fonts i no passarem per cap poble: durem aigua i menjar.<\/p>\n<div class=\"gm-map\" style=\"position: relative;height: 200px; width: 200px;\"><iframe name=\"gm-map-1\" allowfullscreen src=\"https:\/\/www.santjosep.net\/ca\/?geo_mashup_content=render-map&amp;map_data_key=cff4c38f90abcddcb979b9fcdb3a0ba5&amp;lang=ca&amp;zoom=11&amp;name=gm-map-1&amp;map_content=contextual&amp;error_comment=&lt;!-- Geo Mashup found no objects to map in this context--&gt;\" style=\"position: absolute; top: 0; left: 0; width: 100%; height: 100%; border: none; overflow: hidden;\"><\/iframe><\/div><br \/>\nQUADERN DE RUTA<br \/>\n1. Sortida. Sortim des de l\u2019avinguda Dr. Fleming, des de la rotonda de cala Bou, al costat del cartell informatiu de les rutes, en direcci\u00f3 sud.<br \/>\n2. Rotonda recte-esquerra. Agafem la rotonda i travessem el pas de vianants, perqu\u00e8 hem d\u2019agafar el carrer que surt en direcci\u00f3 sud-est. A la rotonda seg\u00fcent, seguim recte i sortim del poble.<br \/>\n3. Cru\u00eflla recte pista. En aquest revolt, seguim recte i entrem al camp a trav\u00e9s d\u2019una pista de terra que seguirem una estona sense desviar-nos.<br \/>\n4. Cru\u00eflla recte carretera. Arribem a una cru\u00eflla i continuem recte per una carretera que seguirem durant uns dos quil\u00f2metres i mig.<br \/>\n5. Cru\u00eflla recte. Arribem a una cru\u00eflla i seguim recte, NO ens desviem cap a sa Capelleta.<br \/>\n6. Cru\u00eflla esquerra pista. Girem a l\u2019esquerra al costat d\u2019una casa i agafem una pista. A la cru\u00eflla seg\u00fcent, seguim recte i, a la bifurcaci\u00f3 seg\u00fcent, tombem a la dreta.<br \/>\n7. Bifurcaci\u00f3 esquerra. Arribem a una bifurcaci\u00f3 al costat d\u2019una casa i seguim per l\u2019esquerra; una mica m\u00e9s endavant, arribem a un viarany i comencem a baixar cap a la dreta.<br \/>\n8. Cru\u00eflla dreta. Continuem la pista principal a la dreta i la seguim recte sense desviar-nos a les cru\u00eflles.<br \/>\n9. Cru\u00eflla dreta. Arribem a una pista de terra, tombem a la dreta i seguim baixant. A la bifurcaci\u00f3 seg\u00fcent, continuem per l\u2019esquerra.<br \/>\n10. Cru\u00eflla recte carretera. Ens apareix una cru\u00eflla al davant i seguim recte per la carretera asfaltada sense desviar-nos.<br \/>\n11. Cru\u00eflla dreta. Sortim a la carretera de Sant Josep per\u00f2 agafem un cam\u00ed a la dreta que es converteix en una pista de grava.<br \/>\n12. Cru\u00eflla recte pista. Travessem la carretera amb precauci\u00f3 i seguim recte tot passant al costat del bar. A les dues cru\u00eflles seg\u00fcents, girem a l\u2019esquerra i seguim la pista sense desviar-nos.<br \/>\n13. Gir esquerra. A aquesta altura, agafem un cam\u00ed que s\u2019endinsa en el bosc a l\u2019esquerra.<br \/>\n14. Gir dreta viarany. Quan arribem a una casa amb una olivera impressionant, girem a la dreta per un viarany que comen\u00e7a a baixar i entrem a la trialera de cala Jondal. Seguim el viarany tot recte.<br \/>\n15. Bifurcaci\u00f3 dreta. Arribem a una bifurcaci\u00f3 i seguim per la dreta per un viarany dur amb pedres.<br \/>\n16. Cru\u00eflla recte pista. Anem a parar a una casa i seguim baixant recte. A la cru\u00eflla seg\u00fcent, girem a l\u2019esquerra i despr\u00e9s seguim recte.<br \/>\n17. Gir dreta. Ens tornem a endinsar al bosc per la dreta i el continuem sense desviar-nos.<br \/>\n18. Cru\u00eflla esquerra. En aquesta cru\u00eflla, continuarem per l\u2019esquerra. Quan arribem a una casa, seguim per l\u2019esquerra i baixem una pista.<br \/>\n19. Cru\u00eflla dreta carretera. Arribem a una carretera i tombem a la dreta; una mica m\u00e9s endavant, tornem a girar a la dreta i continuem per una pista sense desviar-nos.<br \/>\n20. Cru\u00eflla dreta carretera. Arribem a una cru\u00eflla amb una carretera i tombem a la dreta.<br \/>\n21. Cru\u00eflla recte pista. Una vegada a la cru\u00eflla, ens tornem a endinsar en el camp per una pista. A la cru\u00eflla seg\u00fcent, sota el bosc girem a la dreta i despr\u00e9s a l\u2019esquerra.<br \/>\n22. Cru\u00eflla esquerra. Ara seguim per l\u2019esquerra i, una mica m\u00e9s endavant, al costat d\u2019una casa, tornem a girar a l\u2019esquerra.<br \/>\n23. Cru\u00eflla esquerra. Agafem un cam\u00ed a l\u2019esquerra i, vint metres m\u00e9s endavant, tornem a girar a l\u2019esquerra per un viarany.<br \/>\n24. Cru\u00eflla dreta. Tombem a la dreta pel viarany fins a arribar a una carretera, on girarem a l\u2019esquerra.<br \/>\n25. Cru\u00eflla dreta. Girem a la dreta i pugem per la carretera fins a arribar a una casa amb un gran mur, on girarem a la dreta per la pista de terra.<br \/>\n26. Bifurcaci\u00f3 dreta. Agafem el desviament a la dreta de la bifurcaci\u00f3 i comencem a baixar. A l\u2019altura d\u2019un gran garrofer, girem a la dreta per un viarany que s\u2019endinsa en el bosc per travessar la conca d\u2019un riu.<br \/>\n27. Cru\u00eflla esquerra pista. Arribem a una pista i girem a l\u2019esquerra. A la bifurcaci\u00f3 seg\u00fcent, tombem a l\u2019esquerra per seguir recte una estona sense desviar-nos.<br \/>\n28. Cru\u00eflla recte viarany. Arribem a un punt en qu\u00e8 el cam\u00ed no est\u00e0 massa clar; cal seguir el viarany ascendent en direcci\u00f3 nord i que puja cap a un bancal. Una vegada all\u00ed, seguirem per l\u2019esquerra.<br \/>\n29. Cru\u00eflla dreta pista. Arribem a una pista on girem a la dreta, pujant. A la cru\u00eflla seg\u00fcent, girem a la dreta i seguim pujant sense desviar-nos.<br \/>\n30. Bifurcaci\u00f3 esquerra. Comencem la baixada girant a l\u2019esquerra en aquesta bifurcaci\u00f3, seguim la pista fins que arribem a una carretera.<br \/>\n31. Cru\u00eflla dreta carretera. En aquesta carretera, girem a la dreta fins a una cru\u00eflla amb una altra carretera, on tombem a la dreta en direcci\u00f3 a Sant Josep.<br \/>\n32. Gir esquerra. En aquest punt, girem a l\u2019esquerra, travessem per unes cases i ens incorporem cap a l\u2019esquerra a una altra carretera.<br \/>\n33. Gir esquerra pista. Entrem en una pista a l\u2019esquerra, tot passant al costat de l\u2019escola de clown. A la bifurcaci\u00f3 seg\u00fcent, continuem per la dreta i a continuaci\u00f3 tamb\u00e9 per la dreta per seguir la mateixa pista sense desviar-nos.<br \/>\n34. Gir en aquella recta. El cam\u00ed fa una s i seguim recte sense desviar-nos per cap altre cam\u00ed.<br \/>\n35. Gir dreta viarany. Girem a la dreta i baixem per un viarany. A la cru\u00eflla seg\u00fcent, girem a l\u2019esquerra i despr\u00e9s a la dreta.<br \/>\n36. Cru\u00eflla recte carretera. Sortim a una carretera i seguim recte.<br \/>\n37. Cru\u00eflla esquerra pista. Travessem la carretera i entrem per una pista a l\u2019esquerra. A la cru\u00eflla seg\u00fcent, girem a la dreta.<br \/>\n38. Cru\u00eflla esquerra. Arribem a una pista i tombem a l\u2019esquerra; a la cru\u00eflla seg\u00fcent, girem a la dreta.<br \/>\n39. Cru\u00eflla esquerra carretera. En aquesta cru\u00eflla girem a l\u2019esquerra, i una mica m\u00e9s endavant entrem en una pista de terra a la dreta.<br \/>\n40. Cru\u00eflla recte. En aquesta cru\u00eflla, seguim recte per un viarany amb murs als costats, i el seguim SENSE incorporar-nos a la carretera de la dreta. A la bifurcaci\u00f3 seg\u00fcent, tombem a la dreta.<br \/>\n41. Cru\u00eflla recte pista. Sortim d\u2019un viarany i entrem recte en una pista travessant per la carretera.<br \/>\n42. Gir dreta carrer. Girem a la dreta i entrem al poble per un carrer; a la cru\u00eflla seg\u00fcent, girem a l\u2019esquerra i seguim aquest carrer tot recte sense desviar-nos.<br \/>\n43. Fi de la ruta. Acabem la ruta al punt de partida.<\/p>\n","protected":false},"excerpt":{"rendered":"<p>Aquesta ruta va adre\u00e7ada als amants del camp i de la muntanya. Es tracta d\u2019un recorregut que ens exigir\u00e0 un bon domini sobre la bici i una resist\u00e8ncia f\u00edsica experimentada. A canvi, gaudirem d\u2019un itinerari que ens descobrir\u00e0 l\u2019interior de [&hellip;]<\/p>\n","protected":false},"author":1,"featured_media":20558,"parent":12397,"menu_order":0,"comment_status":"closed","ping_status":"closed","template":"page-actividad.php","meta":{"_acf_changed":false,"inline_featured_image":false,"footnotes":""},"categoria_pagina":[],"class_list":["post-20556","page","type-page","status-publish","has-post-thumbnail","hentry"],"acf":[],"yoast_head":"<!-- This site is optimized with the Yoast SEO plugin v25.7 - https:\/\/yoast.com\/wordpress\/plugins\/seo\/ -->\n<title>Cala Jondal (Sant Josep) Ibiza - Santjosep.net<\/title>\n<meta name=\"description\" content=\"-1329\" \/>\n<meta name=\"robots\" content=\"index, follow, max-snippet:-1, max-image-preview:large, max-video-preview:-1\" \/>\n<link rel=\"canonical\" href=\"https:\/\/www.santjosep.net\/ca\/turisme-actiu\/rutes-btt\/cala-jondal-sant-josep-ibiza\/\" \/>\n<meta property=\"og:locale\" content=\"ca_ES\" \/>\n<meta property=\"og:type\" content=\"article\" \/>\n<meta property=\"og:title\" content=\"Cala Jondal (Sant Josep) Ibiza - Santjosep.net\" \/>\n<meta property=\"og:description\" content=\"-1329\" \/>\n<meta property=\"og:url\" content=\"https:\/\/www.santjosep.net\/ca\/turisme-actiu\/rutes-btt\/cala-jondal-sant-josep-ibiza\/\" \/>\n<meta property=\"og:site_name\" content=\"Santjosep.net\" \/>\n<meta property=\"article:modified_time\" content=\"2021-10-05T11:08:22+00:00\" \/>\n<meta property=\"og:image\" content=\"https:\/\/www.santjosep.net\/wp-content\/uploads\/2013\/11\/escubells_IMG_08981.jpg\" \/>\n\t<meta property=\"og:image:width\" content=\"1000\" \/>\n\t<meta property=\"og:image:height\" content=\"667\" \/>\n\t<meta property=\"og:image:type\" content=\"image\/jpeg\" \/>\n<meta name=\"twitter:card\" content=\"summary_large_image\" \/>\n<meta name=\"twitter:label1\" content=\"Temps estimat de lectura\" \/>\n\t<meta name=\"twitter:data1\" content=\"7 minuts\" \/>\n<script type=\"application\/ld+json\" class=\"yoast-schema-graph\">{\"@context\":\"https:\/\/schema.org\",\"@graph\":[{\"@type\":\"WebPage\",\"@id\":\"https:\/\/www.santjosep.net\/ca\/turisme-actiu\/rutes-btt\/cala-jondal-sant-josep-ibiza\/\",\"url\":\"https:\/\/www.santjosep.net\/ca\/turisme-actiu\/rutes-btt\/cala-jondal-sant-josep-ibiza\/\",\"name\":\"Cala Jondal (Sant Josep) Ibiza - Santjosep.net\",\"isPartOf\":{\"@id\":\"https:\/\/www.santjosep.net\/#website\"},\"primaryImageOfPage\":{\"@id\":\"https:\/\/www.santjosep.net\/ca\/turisme-actiu\/rutes-btt\/cala-jondal-sant-josep-ibiza\/#primaryimage\"},\"image\":{\"@id\":\"https:\/\/www.santjosep.net\/ca\/turisme-actiu\/rutes-btt\/cala-jondal-sant-josep-ibiza\/#primaryimage\"},\"thumbnailUrl\":\"https:\/\/www.santjosep.net\/wp-content\/uploads\/2013\/11\/escubells_IMG_08981.jpg\",\"datePublished\":\"2016-03-02T11:56:57+00:00\",\"dateModified\":\"2021-10-05T11:08:22+00:00\",\"description\":\"-1329\",\"breadcrumb\":{\"@id\":\"https:\/\/www.santjosep.net\/ca\/turisme-actiu\/rutes-btt\/cala-jondal-sant-josep-ibiza\/#breadcrumb\"},\"inLanguage\":\"ca\",\"potentialAction\":[{\"@type\":\"ReadAction\",\"target\":[\"https:\/\/www.santjosep.net\/ca\/turisme-actiu\/rutes-btt\/cala-jondal-sant-josep-ibiza\/\"]}]},{\"@type\":\"ImageObject\",\"inLanguage\":\"ca\",\"@id\":\"https:\/\/www.santjosep.net\/ca\/turisme-actiu\/rutes-btt\/cala-jondal-sant-josep-ibiza\/#primaryimage\",\"url\":\"https:\/\/www.santjosep.net\/wp-content\/uploads\/2013\/11\/escubells_IMG_08981.jpg\",\"contentUrl\":\"https:\/\/www.santjosep.net\/wp-content\/uploads\/2013\/11\/escubells_IMG_08981.jpg\",\"width\":1000,\"height\":667},{\"@type\":\"BreadcrumbList\",\"@id\":\"https:\/\/www.santjosep.net\/ca\/turisme-actiu\/rutes-btt\/cala-jondal-sant-josep-ibiza\/#breadcrumb\",\"itemListElement\":[{\"@type\":\"ListItem\",\"position\":1,\"name\":\"Turisme actiu\",\"item\":\"https:\/\/www.santjosep.net\/ca\/turisme-actiu\/\"},{\"@type\":\"ListItem\",\"position\":2,\"name\":\"Rutes BTT\",\"item\":\"https:\/\/www.santjosep.net\/ca\/turisme-actiu\/rutes-btt\/\"},{\"@type\":\"ListItem\",\"position\":3,\"name\":\"Cala Jondal (Sant Josep) Ibiza\"}]},{\"@type\":\"WebSite\",\"@id\":\"https:\/\/www.santjosep.net\/#website\",\"url\":\"https:\/\/www.santjosep.net\/\",\"name\":\"Santjosep.net\",\"description\":\"\",\"potentialAction\":[{\"@type\":\"SearchAction\",\"target\":{\"@type\":\"EntryPoint\",\"urlTemplate\":\"https:\/\/www.santjosep.net\/?s={search_term_string}\"},\"query-input\":{\"@type\":\"PropertyValueSpecification\",\"valueRequired\":true,\"valueName\":\"search_term_string\"}}],\"inLanguage\":\"ca\"}]}<\/script>\n<!-- \/ Yoast SEO plugin. -->","yoast_head_json":{"title":"Cala Jondal (Sant Josep) Ibiza - Santjosep.net","description":"-1329","robots":{"index":"index","follow":"follow","max-snippet":"max-snippet:-1","max-image-preview":"max-image-preview:large","max-video-preview":"max-video-preview:-1"},"canonical":"https:\/\/www.santjosep.net\/ca\/turisme-actiu\/rutes-btt\/cala-jondal-sant-josep-ibiza\/","og_locale":"ca_ES","og_type":"article","og_title":"Cala Jondal (Sant Josep) Ibiza - Santjosep.net","og_description":"-1329","og_url":"https:\/\/www.santjosep.net\/ca\/turisme-actiu\/rutes-btt\/cala-jondal-sant-josep-ibiza\/","og_site_name":"Santjosep.net","article_modified_time":"2021-10-05T11:08:22+00:00","og_image":[{"width":1000,"height":667,"url":"https:\/\/www.santjosep.net\/wp-content\/uploads\/2013\/11\/escubells_IMG_08981.jpg","type":"image\/jpeg"}],"twitter_card":"summary_large_image","twitter_misc":{"Temps estimat de lectura":"7 minuts"},"schema":{"@context":"https:\/\/schema.org","@graph":[{"@type":"WebPage","@id":"https:\/\/www.santjosep.net\/ca\/turisme-actiu\/rutes-btt\/cala-jondal-sant-josep-ibiza\/","url":"https:\/\/www.santjosep.net\/ca\/turisme-actiu\/rutes-btt\/cala-jondal-sant-josep-ibiza\/","name":"Cala Jondal (Sant Josep) Ibiza - Santjosep.net","isPartOf":{"@id":"https:\/\/www.santjosep.net\/#website"},"primaryImageOfPage":{"@id":"https:\/\/www.santjosep.net\/ca\/turisme-actiu\/rutes-btt\/cala-jondal-sant-josep-ibiza\/#primaryimage"},"image":{"@id":"https:\/\/www.santjosep.net\/ca\/turisme-actiu\/rutes-btt\/cala-jondal-sant-josep-ibiza\/#primaryimage"},"thumbnailUrl":"https:\/\/www.santjosep.net\/wp-content\/uploads\/2013\/11\/escubells_IMG_08981.jpg","datePublished":"2016-03-02T11:56:57+00:00","dateModified":"2021-10-05T11:08:22+00:00","description":"-1329","breadcrumb":{"@id":"https:\/\/www.santjosep.net\/ca\/turisme-actiu\/rutes-btt\/cala-jondal-sant-josep-ibiza\/#breadcrumb"},"inLanguage":"ca","potentialAction":[{"@type":"ReadAction","target":["https:\/\/www.santjosep.net\/ca\/turisme-actiu\/rutes-btt\/cala-jondal-sant-josep-ibiza\/"]}]},{"@type":"ImageObject","inLanguage":"ca","@id":"https:\/\/www.santjosep.net\/ca\/turisme-actiu\/rutes-btt\/cala-jondal-sant-josep-ibiza\/#primaryimage","url":"https:\/\/www.santjosep.net\/wp-content\/uploads\/2013\/11\/escubells_IMG_08981.jpg","contentUrl":"https:\/\/www.santjosep.net\/wp-content\/uploads\/2013\/11\/escubells_IMG_08981.jpg","width":1000,"height":667},{"@type":"BreadcrumbList","@id":"https:\/\/www.santjosep.net\/ca\/turisme-actiu\/rutes-btt\/cala-jondal-sant-josep-ibiza\/#breadcrumb","itemListElement":[{"@type":"ListItem","position":1,"name":"Turisme actiu","item":"https:\/\/www.santjosep.net\/ca\/turisme-actiu\/"},{"@type":"ListItem","position":2,"name":"Rutes BTT","item":"https:\/\/www.santjosep.net\/ca\/turisme-actiu\/rutes-btt\/"},{"@type":"ListItem","position":3,"name":"Cala Jondal (Sant Josep) Ibiza"}]},{"@type":"WebSite","@id":"https:\/\/www.santjosep.net\/#website","url":"https:\/\/www.santjosep.net\/","name":"Santjosep.net","description":"","potentialAction":[{"@type":"SearchAction","target":{"@type":"EntryPoint","urlTemplate":"https:\/\/www.santjosep.net\/?s={search_term_string}"},"query-input":{"@type":"PropertyValueSpecification","valueRequired":true,"valueName":"search_term_string"}}],"inLanguage":"ca"}]}},"_links":{"self":[{"href":"https:\/\/www.santjosep.net\/ca\/wp-json\/wp\/v2\/pages\/20556","targetHints":{"allow":["GET"]}}],"collection":[{"href":"https:\/\/www.santjosep.net\/ca\/wp-json\/wp\/v2\/pages"}],"about":[{"href":"https:\/\/www.santjosep.net\/ca\/wp-json\/wp\/v2\/types\/page"}],"author":[{"embeddable":true,"href":"https:\/\/www.santjosep.net\/ca\/wp-json\/wp\/v2\/users\/1"}],"replies":[{"embeddable":true,"href":"https:\/\/www.santjosep.net\/ca\/wp-json\/wp\/v2\/comments?post=20556"}],"version-history":[{"count":0,"href":"https:\/\/www.santjosep.net\/ca\/wp-json\/wp\/v2\/pages\/20556\/revisions"}],"up":[{"embeddable":true,"href":"https:\/\/www.santjosep.net\/ca\/wp-json\/wp\/v2\/pages\/12397"}],"wp:featuredmedia":[{"embeddable":true,"href":"https:\/\/www.santjosep.net\/ca\/wp-json\/wp\/v2\/media\/20558"}],"wp:attachment":[{"href":"https:\/\/www.santjosep.net\/ca\/wp-json\/wp\/v2\/media?parent=20556"}],"wp:term":[{"taxonomy":"categoria_pagina","embeddable":true,"href":"https:\/\/www.santjosep.net\/ca\/wp-json\/wp\/v2\/categoria_pagina?post=20556"}],"curies":[{"name":"wp","href":"https:\/\/api.w.org\/{rel}","templated":true}]}}