{"id":20554,"date":"2016-03-07T13:00:04","date_gmt":"2016-03-07T13:00:04","guid":{"rendered":"https:\/\/www.santjosep.net\/activitats-esportives\/rutes-btt\/calas-del-oeste-sant-josep-ibiza\/"},"modified":"2021-10-05T13:12:13","modified_gmt":"2021-10-05T11:12:13","slug":"cales-de-loest-sant-josep-ibiza","status":"publish","type":"page","link":"https:\/\/www.santjosep.net\/ca\/turisme-actiu\/rutes-btt\/cales-de-loest-sant-josep-ibiza\/","title":{"rendered":"Cales de l\u2019Oest (Sant Josep) &#8211; Ibiza"},"content":{"rendered":"<p>Ens trobem davant d\u2019una ruta mixta entre la costa i la muntanya, amb un alt percentatge de viaranys i camins que es poden complicar una mica si el dia \u00e9s pluj\u00f3s o vent\u00f3s.<br \/>\n<a href=\"https:\/\/www.santjosep.net\/wp-content\/uploads\/2016\/03\/pinet_IMG_9884.jpg\" rel=\"attachment wp-att-5899\"><img loading=\"lazy\" decoding=\"async\" class=\"alignnone size-full wp-image-20555\" src=\"https:\/\/www.santjosep.net\/wp-content\/uploads\/2016\/03\/pinet_IMG_9884.jpg\" alt=\"pinet_IMG_9884\" width=\"1000\" height=\"667\" srcset=\"https:\/\/www.santjosep.net\/wp-content\/uploads\/2016\/03\/pinet_IMG_9884.jpg 1000w, https:\/\/www.santjosep.net\/wp-content\/uploads\/2016\/03\/pinet_IMG_9884-300x200.jpg 300w, https:\/\/www.santjosep.net\/wp-content\/uploads\/2016\/03\/pinet_IMG_9884-768x512.jpg 768w\" sizes=\"auto, (max-width: 1000px) 100vw, 1000px\" \/><\/a><\/p>\n<p>Des de Sant Antoni, sortim vorejant la costa durant un petit tram fins que comencem a pujar la serra d\u2019en Curtet, una muntanya preciosa d\u2019uns dos-cents seixanta metres d\u2019altura des d\u2019on es tenen unes vistes \u00faniques de Sant Antoni a un costat i de l\u2019illa des Vedr\u00e0 a l\u2019altre.<\/p>\n<p>En baixar, travessem el torrent de sa Fontassa fins a arribar a cala Tarida, una bonica platja on ens podem refrescar. A partir d\u2019aqu\u00ed no deixarem la costa fins al final; visitarem cala Codolar, Platges de Comte, cala Roja i cala Bassa en un recorregut que passa a la vora dels penya-segats, amb unes vistes magn\u00edfiques dels illots que voregen la costa oest.<\/p>\n<p><a href=\"https:\/\/www.santjosep.net\/wp-content\/uploads\/2013\/11\/calatarida_IMG_5224.jpg\" rel=\"attachment wp-att-933\"><img loading=\"lazy\" decoding=\"async\" class=\"alignnone size-full wp-image-12211\" src=\"https:\/\/www.santjosep.net\/wp-content\/uploads\/2013\/11\/calatarida_IMG_5224.jpg\" alt=\"calatarida_IMG_5224\" width=\"800\" height=\"533\" srcset=\"https:\/\/www.santjosep.net\/wp-content\/uploads\/2013\/11\/calatarida_IMG_5224.jpg 800w, https:\/\/www.santjosep.net\/wp-content\/uploads\/2013\/11\/calatarida_IMG_5224-300x199.jpg 300w\" sizes=\"auto, (max-width: 800px) 100vw, 800px\" \/><\/a><\/p>\n<p>Ser\u00e0 gaireb\u00e9 imprescindible visitar, tot aprofitant la ruta, la torre d\u2019en Rovira al costat de cala Roja; per fer-ho, caldr\u00e0 que ens desviem tan sols uns minuts. A canvi, coneixerem un punt de vigil\u00e0ncia que va ser indispensable perqu\u00e8 els habitants insulars es protegissin dels atacs des del mar.<\/p>\n<p><a href=\"https:\/\/www.santjosep.net\/wp-content\/uploads\/2014\/10\/rovira_IMG_2725.jpg\" rel=\"attachment wp-att-2363\"><img loading=\"lazy\" decoding=\"async\" class=\"size-large wp-image-13057\" src=\"https:\/\/www.santjosep.net\/wp-content\/uploads\/2014\/10\/rovira_IMG_2725-1024x682.jpg\" alt=\"Torre d'en Rovira\" width=\"1024\" height=\"682\" srcset=\"https:\/\/www.santjosep.net\/wp-content\/uploads\/2014\/10\/rovira_IMG_2725-1024x682.jpg 1024w, https:\/\/www.santjosep.net\/wp-content\/uploads\/2014\/10\/rovira_IMG_2725-300x200.jpg 300w, https:\/\/www.santjosep.net\/wp-content\/uploads\/2014\/10\/rovira_IMG_2725.jpg 1200w\" sizes=\"auto, (max-width: 1024px) 100vw, 1024px\" \/><\/a><br \/>\nI finalment, tornarem a Sant Antoni pel seu tranquil passeig Mar\u00edtim, amb el fant\u00e0stic record a la ment i a les cames d\u2019una ruta dif\u00edcil d\u2019oblidar.<\/p>\n<p>Dist\u00e0ncia total \u2013 31,43 km<br \/>\nTemps estimat \u2013 3-4 hores<br \/>\nAscens total \u2013 514<br \/>\nDescens total \u2013 514<br \/>\nCarretera \u2013 10%<br \/>\nPista \u2013 55%<br \/>\nCam\u00ed \u2013 35%<br \/>\nDificultat t\u00e8cnica \u2013 Mitjana<br \/>\nDificultat f\u00edsica \u2013 Mitjana<br \/>\nDificultat global \u2013 VERMELLA<\/p>\n<p>\u2013 No trobarem cap brollador durant el recorregut. Abans de sortir, ens abastirem b\u00e9 d\u2019aigua.<\/p>\n<div class=\"gm-map\" style=\"position: relative;height: 200px; width: 200px;\"><iframe name=\"gm-map-1\" allowfullscreen src=\"https:\/\/www.santjosep.net\/ca\/?geo_mashup_content=render-map&amp;map_data_key=79bac29f546759b1240173448f7706ae&amp;lang=ca&amp;zoom=13&amp;name=gm-map-1&amp;map_content=contextual&amp;error_comment=&lt;!-- Geo Mashup found no objects to map in this context--&gt;\" style=\"position: absolute; top: 0; left: 0; width: 100%; height: 100%; border: none; overflow: hidden;\"><\/iframe><\/div><br \/>\nQUADERN DE RUTA<br \/>\n1. Sortida. Sortim del passeig del Mar a Sant Antoni en direcci\u00f3 sud, tot vorejant la platja.<br \/>\n2. Gir esquerra. Abans d\u2019arribar al mol\u00ed, tombem a l\u2019esquerra i, una mica m\u00e9s endavant, ens incorporem al carrer tot girant cap a la dreta.<br \/>\n3. Cru\u00eflla recte. Arribem a una cru\u00eflla i continuem recte; girem a la dreta a la tercera cru\u00eflla, al costat d\u2019una casa.<br \/>\n4. Cru\u00eflla esquerra pista. En arribar a aquesta pista, girem a l\u2019esquerra fins a arribar a una carretera asfaltada; en aquest punt, continuarem recte per un viarany.<br \/>\n5. Cru\u00eflla recte. Durant aquest cam\u00ed apareixen diversos desviaments, per\u00f2 continuarem recte sense agafar la carretera que segueix en paral\u00b7lel.<br \/>\n6. Cru\u00eflla esquerra carretera. Sortim a una carretera amb carril bici i tombem a l\u2019esquerra. Una mica m\u00e9s endavant, girem a la primera pista de terra, a la dreta.<br \/>\n7. Bifurcaci\u00f3 esquerra. En aquesta bifurcaci\u00f3, seguim per l\u2019esquerra i tot seguit girem a la dreta. Continuem tot recte passant al costat d\u2019unes cases fins a arribar a un cam\u00ed al costat d\u2019un torrent on girem a l\u2019esquerra.<br \/>\n8. Cru\u00eflla dreta carretera. Anem a parar a una carretera i girem a la dreta; tot seguit, tombem a l\u2019esquerra en direcci\u00f3 oest.<br \/>\n9. Cru\u00eflla recte pista. En aquest revolt de la carretera, continuem recte per una pista de terra. A les dues bifurcacions seg\u00fcents, seguim per l\u2019esquerra.<br \/>\n10. Cru\u00eflla dreta. En aquesta cru\u00eflla i en la seg\u00fcent, continuem per la dreta.<br \/>\n11. Gir esquerra viarany. En aquest punt ens endinsem en un viarany amagat al bosc, a l\u2019esquerra. A la bifurcaci\u00f3 seg\u00fcent, tombem a l\u2019esquerra i una mica m\u00e9s endavant, en arribar a una pista, continuem per l\u2019esquerra.<br \/>\n12. Gir dreta. Apareix un cam\u00ed i girem a la dreta tot pujant per una pista amb pedres. A les dues bifurcacions seg\u00fcents, seguirem per l\u2019esquerra.<br \/>\n13. Cru\u00eflla esquerra. Passem pel costat d\u2019una casa i agafem un viarany a l\u2019esquerra, just al darrere de la casa abandonada.<br \/>\n14. Cru\u00eflla recte. Arribem a una cru\u00eflla de viaranys i seguim recte. A la cru\u00eflla seg\u00fcent, girem a la dreta tot pujant un petit tram.<br \/>\n15. Cru\u00eflla dreta cam\u00ed. En arribar a aquest cam\u00ed, girem a la dreta i seguim baixant sense desviar-nos fins a una pista.<br \/>\n16. Cru\u00eflla dreta pista. Sortim a una pista on girem a la dreta i continuem durant uns dos-cents metres fins a una bifurcaci\u00f3 que agafarem a l\u2019esquerra.<br \/>\n17. Bifurcaci\u00f3 esquerra. Arribem a una bifurcaci\u00f3 i seguim per l\u2019esquerra; es converteix en viarany fins a arribar a una carretera, on girarem a la dreta.<br \/>\n18. Cru\u00eflla dreta. Arribem a una carretera i girem a la dreta. A la bifurcaci\u00f3 seg\u00fcent, continuem per la dreta.<br \/>\n19. Gir esquerra. Agafem aquest desviament fins a cala Tarida, on seguirem per la sorra fins al final i pujarem per unes escales a la dreta.<br \/>\n20. Gir esquerra cam\u00ed. Una vegada hem pujat les escales, agafem un cam\u00ed a l\u2019esquerra que puja fins a un carrer i girem a la dreta; a la cru\u00eflla seg\u00fcent, seguim per l\u2019esquerra.<br \/>\n21. Bifurcaci\u00f3 dreta. Arribem a una bifurcaci\u00f3 i girem a la dreta; baixem fins a l\u2019acc\u00e9s a cala Corral, per\u00f2 continuem recte.<br \/>\n22. Cru\u00eflla dreta. Al costat d\u2019uns contenidors, tombem a la dreta fins a un cam\u00ed de terra i girem dues vegades a l\u2019esquerra en direcci\u00f3 nord.<br \/>\n23. Cru\u00eflla recte. Arribem a aquesta cru\u00eflla i seguim recte; a la cru\u00eflla seg\u00fcent, girem a l\u2019esquerra i despr\u00e9s a la dreta cap a cala Codolar.<br \/>\n24. Cru\u00eflla dreta escales. Arribem a la platja i girem a la dreta per un caminet que ens porta a unes escales; les pugem.<br \/>\n25. Cru\u00eflla esquerra carretera. Pugem fins a una urbanitzaci\u00f3 i aqu\u00ed girem a l\u2019esquerra fins a una cru\u00eflla; continuem a la dreta en direcci\u00f3 oest.<br \/>\n26. Cru\u00eflla dreta. En aquesta cru\u00eflla, seguim per la dreta; a la cru\u00eflla seg\u00fcent, tombem a l\u2019esquerra i despr\u00e9s a la dreta en direcci\u00f3 a Sant Antoni.<br \/>\n27. Gir esquerra cam\u00ed. En aquest punt girem a l\u2019esquerra per un cam\u00ed fins a una casa que voregem per l\u2019esquerra fins al penya-segat. A partir d\u2019aqu\u00ed, seguirem la l\u00ednia de la costa durant un quil\u00f2metre.<br \/>\n28. Cru\u00eflla dreta pista. Arribem a una pista i girem a la dreta; a la cru\u00eflla seg\u00fcent, tombem a l\u2019esquerra i despr\u00e9s a la dreta.<br \/>\n29. Gir esquerra viarany. En aquest punt ens desviem a l\u2019esquerra per un viarany fins a arribar a Platges de Comte, punt d\u2019avituallament. Una vegada all\u00ed, continuem vorejant la costa per camins de terra i pedres.<br \/>\n30. Gir dreta. Deixem el penya-segat i girem a la dreta pel bosc; tot seguit, girem a l\u2019esquerra fins a cala Roja, on continuarem vorejant el penya-segat en direcci\u00f3 est.<br \/>\n31. Gir dreta. Al final de cala Roja tombem a la dreta pel bosc; deixem la costa. Entrem en un tram laber\u00edntic amb camins i arbres; seguim en direcci\u00f3 sud-est fins a una casa on comen\u00e7a una pista, que seguirem.<br \/>\n32. Cru\u00eflla esquerra. Arribem a una cru\u00eflla al costat d\u2019una casa i girem a l\u2019esquerra fins a cala Bassa. En aquesta cala surt un cam\u00ed de pedres en direcci\u00f3 est que voreja la costa durant un tram d\u2019uns dos-cents metres.<br \/>\n33. Cru\u00eflla recte. Arribem a una pista i seguim recte fins a una altra cru\u00eflla amb una altra pista on girem a l\u2019esquerra; seguim aquesta pista sense desviar-nos fins a una carretera.<br \/>\n34. Cru\u00eflla recte carretera. Sortim a una carretera i continuem tot recte fins a arribar a Sant Antoni.<br \/>\n35. Cru\u00eflla esquerra. A partir d\u2019aquesta cru\u00eflla, continuarem pel primer tram de la ruta fins al punt de partida.<br \/>\n36. Fi de la ruta. Acabem la ruta al mateix punt de sortida.<\/p>\n","protected":false},"excerpt":{"rendered":"<p>Ens trobem davant d\u2019una ruta mixta entre la costa i la muntanya, amb un alt percentatge de viaranys i camins que es poden complicar una mica si el dia \u00e9s pluj\u00f3s o vent\u00f3s. Des de Sant Antoni, sortim vorejant la [&hellip;]<\/p>\n","protected":false},"author":1,"featured_media":20555,"parent":12397,"menu_order":0,"comment_status":"closed","ping_status":"closed","template":"page-actividad.php","meta":{"_acf_changed":false,"inline_featured_image":false,"footnotes":""},"categoria_pagina":[],"class_list":["post-20554","page","type-page","status-publish","has-post-thumbnail","hentry"],"acf":[],"yoast_head":"<!-- This site is optimized with the Yoast SEO plugin v25.7 - https:\/\/yoast.com\/wordpress\/plugins\/seo\/ -->\n<title>Cales de l\u2019Oest (Sant Josep) - Ibiza - Santjosep.net<\/title>\n<meta name=\"robots\" content=\"index, follow, max-snippet:-1, max-image-preview:large, max-video-preview:-1\" \/>\n<link rel=\"canonical\" href=\"https:\/\/www.santjosep.net\/ca\/turisme-actiu\/rutes-btt\/cales-de-loest-sant-josep-ibiza\/\" \/>\n<meta property=\"og:locale\" content=\"ca_ES\" \/>\n<meta property=\"og:type\" content=\"article\" \/>\n<meta property=\"og:title\" content=\"Cales de l\u2019Oest (Sant Josep) - Ibiza - Santjosep.net\" \/>\n<meta property=\"og:description\" content=\"Ens trobem davant d\u2019una ruta mixta entre la costa i la muntanya, amb un alt percentatge de viaranys i camins que es poden complicar una mica si el dia \u00e9s pluj\u00f3s o vent\u00f3s. Des de Sant Antoni, sortim vorejant la [&hellip;]\" \/>\n<meta property=\"og:url\" content=\"https:\/\/www.santjosep.net\/ca\/turisme-actiu\/rutes-btt\/cales-de-loest-sant-josep-ibiza\/\" \/>\n<meta property=\"og:site_name\" content=\"Santjosep.net\" \/>\n<meta property=\"article:modified_time\" content=\"2021-10-05T11:12:13+00:00\" \/>\n<meta property=\"og:image\" content=\"https:\/\/www.santjosep.net\/wp-content\/uploads\/2016\/03\/pinet_IMG_9884.jpg\" \/>\n\t<meta property=\"og:image:width\" content=\"1000\" \/>\n\t<meta property=\"og:image:height\" content=\"667\" \/>\n\t<meta property=\"og:image:type\" content=\"image\/jpeg\" \/>\n<meta name=\"twitter:card\" content=\"summary_large_image\" \/>\n<meta name=\"twitter:label1\" content=\"Temps estimat de lectura\" \/>\n\t<meta name=\"twitter:data1\" content=\"6 minuts\" \/>\n<script type=\"application\/ld+json\" class=\"yoast-schema-graph\">{\"@context\":\"https:\/\/schema.org\",\"@graph\":[{\"@type\":\"WebPage\",\"@id\":\"https:\/\/www.santjosep.net\/ca\/turisme-actiu\/rutes-btt\/cales-de-loest-sant-josep-ibiza\/\",\"url\":\"https:\/\/www.santjosep.net\/ca\/turisme-actiu\/rutes-btt\/cales-de-loest-sant-josep-ibiza\/\",\"name\":\"Cales de l\u2019Oest (Sant Josep) - Ibiza - Santjosep.net\",\"isPartOf\":{\"@id\":\"https:\/\/www.santjosep.net\/#website\"},\"primaryImageOfPage\":{\"@id\":\"https:\/\/www.santjosep.net\/ca\/turisme-actiu\/rutes-btt\/cales-de-loest-sant-josep-ibiza\/#primaryimage\"},\"image\":{\"@id\":\"https:\/\/www.santjosep.net\/ca\/turisme-actiu\/rutes-btt\/cales-de-loest-sant-josep-ibiza\/#primaryimage\"},\"thumbnailUrl\":\"https:\/\/www.santjosep.net\/wp-content\/uploads\/2016\/03\/pinet_IMG_9884.jpg\",\"datePublished\":\"2016-03-07T13:00:04+00:00\",\"dateModified\":\"2021-10-05T11:12:13+00:00\",\"breadcrumb\":{\"@id\":\"https:\/\/www.santjosep.net\/ca\/turisme-actiu\/rutes-btt\/cales-de-loest-sant-josep-ibiza\/#breadcrumb\"},\"inLanguage\":\"ca\",\"potentialAction\":[{\"@type\":\"ReadAction\",\"target\":[\"https:\/\/www.santjosep.net\/ca\/turisme-actiu\/rutes-btt\/cales-de-loest-sant-josep-ibiza\/\"]}]},{\"@type\":\"ImageObject\",\"inLanguage\":\"ca\",\"@id\":\"https:\/\/www.santjosep.net\/ca\/turisme-actiu\/rutes-btt\/cales-de-loest-sant-josep-ibiza\/#primaryimage\",\"url\":\"https:\/\/www.santjosep.net\/wp-content\/uploads\/2016\/03\/pinet_IMG_9884.jpg\",\"contentUrl\":\"https:\/\/www.santjosep.net\/wp-content\/uploads\/2016\/03\/pinet_IMG_9884.jpg\",\"width\":1000,\"height\":667},{\"@type\":\"BreadcrumbList\",\"@id\":\"https:\/\/www.santjosep.net\/ca\/turisme-actiu\/rutes-btt\/cales-de-loest-sant-josep-ibiza\/#breadcrumb\",\"itemListElement\":[{\"@type\":\"ListItem\",\"position\":1,\"name\":\"Turisme actiu\",\"item\":\"https:\/\/www.santjosep.net\/ca\/turisme-actiu\/\"},{\"@type\":\"ListItem\",\"position\":2,\"name\":\"Rutes BTT\",\"item\":\"https:\/\/www.santjosep.net\/ca\/turisme-actiu\/rutes-btt\/\"},{\"@type\":\"ListItem\",\"position\":3,\"name\":\"Cales de l\u2019Oest (Sant Josep) &#8211; Ibiza\"}]},{\"@type\":\"WebSite\",\"@id\":\"https:\/\/www.santjosep.net\/#website\",\"url\":\"https:\/\/www.santjosep.net\/\",\"name\":\"Santjosep.net\",\"description\":\"\",\"potentialAction\":[{\"@type\":\"SearchAction\",\"target\":{\"@type\":\"EntryPoint\",\"urlTemplate\":\"https:\/\/www.santjosep.net\/?s={search_term_string}\"},\"query-input\":{\"@type\":\"PropertyValueSpecification\",\"valueRequired\":true,\"valueName\":\"search_term_string\"}}],\"inLanguage\":\"ca\"}]}<\/script>\n<!-- \/ Yoast SEO plugin. -->","yoast_head_json":{"title":"Cales de l\u2019Oest (Sant Josep) - Ibiza - Santjosep.net","robots":{"index":"index","follow":"follow","max-snippet":"max-snippet:-1","max-image-preview":"max-image-preview:large","max-video-preview":"max-video-preview:-1"},"canonical":"https:\/\/www.santjosep.net\/ca\/turisme-actiu\/rutes-btt\/cales-de-loest-sant-josep-ibiza\/","og_locale":"ca_ES","og_type":"article","og_title":"Cales de l\u2019Oest (Sant Josep) - Ibiza - Santjosep.net","og_description":"Ens trobem davant d\u2019una ruta mixta entre la costa i la muntanya, amb un alt percentatge de viaranys i camins que es poden complicar una mica si el dia \u00e9s pluj\u00f3s o vent\u00f3s. Des de Sant Antoni, sortim vorejant la [&hellip;]","og_url":"https:\/\/www.santjosep.net\/ca\/turisme-actiu\/rutes-btt\/cales-de-loest-sant-josep-ibiza\/","og_site_name":"Santjosep.net","article_modified_time":"2021-10-05T11:12:13+00:00","og_image":[{"width":1000,"height":667,"url":"https:\/\/www.santjosep.net\/wp-content\/uploads\/2016\/03\/pinet_IMG_9884.jpg","type":"image\/jpeg"}],"twitter_card":"summary_large_image","twitter_misc":{"Temps estimat de lectura":"6 minuts"},"schema":{"@context":"https:\/\/schema.org","@graph":[{"@type":"WebPage","@id":"https:\/\/www.santjosep.net\/ca\/turisme-actiu\/rutes-btt\/cales-de-loest-sant-josep-ibiza\/","url":"https:\/\/www.santjosep.net\/ca\/turisme-actiu\/rutes-btt\/cales-de-loest-sant-josep-ibiza\/","name":"Cales de l\u2019Oest (Sant Josep) - Ibiza - Santjosep.net","isPartOf":{"@id":"https:\/\/www.santjosep.net\/#website"},"primaryImageOfPage":{"@id":"https:\/\/www.santjosep.net\/ca\/turisme-actiu\/rutes-btt\/cales-de-loest-sant-josep-ibiza\/#primaryimage"},"image":{"@id":"https:\/\/www.santjosep.net\/ca\/turisme-actiu\/rutes-btt\/cales-de-loest-sant-josep-ibiza\/#primaryimage"},"thumbnailUrl":"https:\/\/www.santjosep.net\/wp-content\/uploads\/2016\/03\/pinet_IMG_9884.jpg","datePublished":"2016-03-07T13:00:04+00:00","dateModified":"2021-10-05T11:12:13+00:00","breadcrumb":{"@id":"https:\/\/www.santjosep.net\/ca\/turisme-actiu\/rutes-btt\/cales-de-loest-sant-josep-ibiza\/#breadcrumb"},"inLanguage":"ca","potentialAction":[{"@type":"ReadAction","target":["https:\/\/www.santjosep.net\/ca\/turisme-actiu\/rutes-btt\/cales-de-loest-sant-josep-ibiza\/"]}]},{"@type":"ImageObject","inLanguage":"ca","@id":"https:\/\/www.santjosep.net\/ca\/turisme-actiu\/rutes-btt\/cales-de-loest-sant-josep-ibiza\/#primaryimage","url":"https:\/\/www.santjosep.net\/wp-content\/uploads\/2016\/03\/pinet_IMG_9884.jpg","contentUrl":"https:\/\/www.santjosep.net\/wp-content\/uploads\/2016\/03\/pinet_IMG_9884.jpg","width":1000,"height":667},{"@type":"BreadcrumbList","@id":"https:\/\/www.santjosep.net\/ca\/turisme-actiu\/rutes-btt\/cales-de-loest-sant-josep-ibiza\/#breadcrumb","itemListElement":[{"@type":"ListItem","position":1,"name":"Turisme actiu","item":"https:\/\/www.santjosep.net\/ca\/turisme-actiu\/"},{"@type":"ListItem","position":2,"name":"Rutes BTT","item":"https:\/\/www.santjosep.net\/ca\/turisme-actiu\/rutes-btt\/"},{"@type":"ListItem","position":3,"name":"Cales de l\u2019Oest (Sant Josep) &#8211; Ibiza"}]},{"@type":"WebSite","@id":"https:\/\/www.santjosep.net\/#website","url":"https:\/\/www.santjosep.net\/","name":"Santjosep.net","description":"","potentialAction":[{"@type":"SearchAction","target":{"@type":"EntryPoint","urlTemplate":"https:\/\/www.santjosep.net\/?s={search_term_string}"},"query-input":{"@type":"PropertyValueSpecification","valueRequired":true,"valueName":"search_term_string"}}],"inLanguage":"ca"}]}},"_links":{"self":[{"href":"https:\/\/www.santjosep.net\/ca\/wp-json\/wp\/v2\/pages\/20554","targetHints":{"allow":["GET"]}}],"collection":[{"href":"https:\/\/www.santjosep.net\/ca\/wp-json\/wp\/v2\/pages"}],"about":[{"href":"https:\/\/www.santjosep.net\/ca\/wp-json\/wp\/v2\/types\/page"}],"author":[{"embeddable":true,"href":"https:\/\/www.santjosep.net\/ca\/wp-json\/wp\/v2\/users\/1"}],"replies":[{"embeddable":true,"href":"https:\/\/www.santjosep.net\/ca\/wp-json\/wp\/v2\/comments?post=20554"}],"version-history":[{"count":0,"href":"https:\/\/www.santjosep.net\/ca\/wp-json\/wp\/v2\/pages\/20554\/revisions"}],"up":[{"embeddable":true,"href":"https:\/\/www.santjosep.net\/ca\/wp-json\/wp\/v2\/pages\/12397"}],"wp:featuredmedia":[{"embeddable":true,"href":"https:\/\/www.santjosep.net\/ca\/wp-json\/wp\/v2\/media\/20555"}],"wp:attachment":[{"href":"https:\/\/www.santjosep.net\/ca\/wp-json\/wp\/v2\/media?parent=20554"}],"wp:term":[{"taxonomy":"categoria_pagina","embeddable":true,"href":"https:\/\/www.santjosep.net\/ca\/wp-json\/wp\/v2\/categoria_pagina?post=20554"}],"curies":[{"name":"wp","href":"https:\/\/api.w.org\/{rel}","templated":true}]}}