{"id":20548,"date":"2016-03-07T11:23:02","date_gmt":"2016-03-07T11:23:02","guid":{"rendered":"https:\/\/www.santjosep.net\/activitats-esportives\/rutes-btt\/sa-serra-grossa-sant-josep-ibiza\/"},"modified":"2021-10-05T13:13:33","modified_gmt":"2021-10-05T11:13:33","slug":"sa-serra-grossa-sant-josep-eivissa","status":"publish","type":"page","link":"https:\/\/www.santjosep.net\/ca\/turisme-actiu\/rutes-btt\/sa-serra-grossa-sant-josep-eivissa\/","title":{"rendered":"Sa Serra Grossa (Sant Josep) &#8211; Eivissa"},"content":{"rendered":"<div class=\"wpb-content-wrapper\"><p>[vc_row enable_hue_rotation=&#8221;no&#8221; enable_text_marquee=&#8221;no&#8221;][vc_column][vc_column_text]En aquesta ruta passarem per dos ascensos importants a l\u2019illa d\u2019Eivissa: la pujada a sa Capelleta d\u2019en Serra i la serra de sa Murta, que discorren entre boscs de pi blanc i savines, entre les quals \u00e9s possible que observem la geneta eivissenca, una esp\u00e8cie end\u00e8mica de l\u2019illa.<\/p>\n<p>La nostra ruta surt des de Sant Antoni, a nivell del mar, i segueix per la vall de Benimussa fins a pujar de forma constant cap a sa Capelleta. \u00c9s recomanable fer l\u2019\u00faltim tram d\u2019aquest ascens a peu. Aquesta curiosa capella t\u00e9 com a origen la promesa de Vicent Serra, que la va construir en tornar com a soldat d\u2019Alg\u00e8ria l\u2019any 1919. Des d\u2019all\u00e0, s\u2019observa el Parc Natural de ses Salines.<\/p>\n<p><a href=\"https:\/\/www.santjosep.net\/wp-content\/uploads\/2016\/03\/P1000154.jpg\" rel=\"attachment wp-att-5680\"><img loading=\"lazy\" decoding=\"async\" class=\"alignnone size-full wp-image-20549\" src=\"https:\/\/www.santjosep.net\/wp-content\/uploads\/2016\/03\/P1000154.jpg\" alt=\"P1000154\" width=\"1200\" height=\"900\" \/><\/a><\/p>\n<p>Despr\u00e9s de visitar la capella, baixarem per una trialera fins a una bonica vall, al costat de sa Serra Grossa.<\/p>\n<p><a href=\"https:\/\/www.santjosep.net\/wp-content\/uploads\/2016\/03\/satalaia_IMG_0422.jpg\" rel=\"attachment wp-att-5685\"><img loading=\"lazy\" decoding=\"async\" class=\"alignnone size-full wp-image-21437\" src=\"https:\/\/www.santjosep.net\/wp-content\/uploads\/2016\/03\/satalaia_IMG_0422.jpg\" alt=\"satalaia_IMG_0422\" width=\"1200\" height=\"800\" srcset=\"https:\/\/www.santjosep.net\/wp-content\/uploads\/2016\/03\/satalaia_IMG_0422.jpg 1200w, https:\/\/www.santjosep.net\/wp-content\/uploads\/2016\/03\/satalaia_IMG_0422-300x200.jpg 300w, https:\/\/www.santjosep.net\/wp-content\/uploads\/2016\/03\/satalaia_IMG_0422-768x512.jpg 768w, https:\/\/www.santjosep.net\/wp-content\/uploads\/2016\/03\/satalaia_IMG_0422-1024x683.jpg 1024w\" sizes=\"auto, (max-width: 1200px) 100vw, 1200px\" \/><\/a><\/p>\n<p>Despr\u00e9s d\u2019arribar a sa Carroca, una zona for\u00e7a poblada, comencem a pujar fins a assolir els quatre-cents metres de la serra de sa Murta. Una vegada superats els dos ascensos importants, travessarem el camp eivissenc i gaudirem de la baixada fins al nivell del mar, tot contemplant el nostre recorregut circular.<\/p>\n<p>Dist\u00e0ncia total \u2013 34 km<br \/>\nTemps estimat \u2013 2h 20 m<br \/>\nAscens total \u2013 837<br \/>\nDescens total \u2013 840<br \/>\nCarretera \u2013 25%<br \/>\nPista \u2013 70%<br \/>\nCam\u00ed \u2013 5%<br \/>\nDificultat t\u00e8cnica \u2013 Mitjana<br \/>\nDificultat f\u00edsica \u2013 Mitjana<br \/>\nDificultat global \u2013 VERMELLA<\/p>\n<p>\u2013 Cal portar aigua suficient, at\u00e8s que no hi ha cap brollador d\u2019aigua en tot el recorregut.<br \/>\n\u2013 Pararem una atenci\u00f3 especial a les baixades per les trialeres si fa poc que ha plogut.<\/p>\n<div class=\"gm-map\" style=\"position: relative;height: 200px; width: 200px;\"><iframe name=\"gm-map-1\" allowfullscreen src=\"https:\/\/www.santjosep.net\/ca\/?geo_mashup_content=render-map&amp;map_data_key=93cb4996053eb45fde6a766ca5d9a87c&amp;lang=ca&amp;zoom=12&amp;name=gm-map-1&amp;map_content=contextual&amp;error_comment=&lt;!-- Geo Mashup found no objects to map in this context--&gt;\" style=\"position: absolute; top: 0; left: 0; width: 100%; height: 100%; border: none; overflow: hidden;\"><\/iframe><\/div>\n<p>QUADERN DE RUTA<\/p>\n<p>1. Sortida. Sortim des de la rotonda de cala Bou, a l\u2019avinguda Dr. Fleming de Sant Antoni (al costat del cartel indicador de la ruta), en direcci\u00f3 est, i seguim recte entre cases (tot obviant els desviaments).<br \/>\n2. Cru\u00eflla recte pista. Arribem a una cru\u00eflla amb una carretera principal, que travessem amb cura. Seguim sense desviar-nos per una pista de terra. A la cru\u00eflla seg\u00fcent, seguim recte.<br \/>\n3. Cru\u00eflla esquerra carretera. Entre unes cases, arribem a una cru\u00eflla i girem a l\u2019esquerra per una carretera asfaltada en mal estat.<br \/>\n4. Bifurcaci\u00f3 esquerra. Arribem a una bifurcaci\u00f3 i girem a l\u2019esquerra, tot pujant un petit pendent. Una mica m\u00e9s endavant, a la cru\u00eflla seg\u00fcent tombem a l\u2019esquerra i entrem a una pista de terra.<br \/>\n5. Cru\u00eflla dreta. En aquesta cru\u00eflla girem a la dreta, i a la seg\u00fcent, tamb\u00e9 a la dreta per una carretera asfaltada.<br \/>\n6. Gir esquerra cam\u00ed. Arribem a un revolt, on girem a l\u2019esquerra per un cam\u00ed de terra. A les quatre cru\u00eflles seg\u00fcents, seguim recte sense desviar-nos.<br \/>\n7. Bifurcaci\u00f3 recte. Al costat d\u2019unes cases, hi trobem una bifurcaci\u00f3; seguim recte. A la cru\u00eflla seg\u00fcent, seguim recte.<br \/>\n8. Cru\u00eflla recte carretera. Arribem a una cru\u00eflla i seguim recte per l\u2019asfalt. Pujarem sense desviar-nos durant un tram d\u2019uns dos quil\u00f2metres i mig.<br \/>\n9. Cru\u00eflla esquerra pista. Arribem a una cru\u00eflla on hi ha una casa. Tombem a l\u2019esquerra per una pista de terra. Una mica m\u00e9s endavant, a la bifurcaci\u00f3, seguim per la dreta.<br \/>\n10. Bifurcaci\u00f3 esquerra. Al davant d\u2019una casa, agafem l\u2019esquerra (cap a sa Capelleta) i, sense desviar-nos de la pista principal, seguim les indicacions de la capella.<br \/>\n11. Cru\u00eflla dreta. En aquesta cru\u00eflla, girem a la dreta. Just al davant de la casa, podem deixar la bici i pujar a peu per la dreta fins a sa Capelleta. Es tracta d\u2019un tram breu per\u00f2 molt inclinat.<br \/>\n12. Cim. Hem arribat al cim des Puig Gros. Desfem el cam\u00ed fins a la cru\u00eflla anterior.<br \/>\n13. Cru\u00eflla dreta viarany. Ara girem a la dreta i baixem per la trialera. A la cru\u00eflla seg\u00fcent, tombem a la dreta.<br \/>\n14. Bifurcaci\u00f3 esquerra. Durant la baixada trobarem una bifurcaci\u00f3. Seguim per l\u2019esquerra. A la cru\u00eflla seg\u00fcent, girem a l\u2019esquerra.<br \/>\n15. Cru\u00eflla dreta pista. Arribem a una pista on girem a la dreta; seguim baixant.<br \/>\n16. Cru\u00eflla dreta carretera. Trobem una carretera i girem a la dreta. Seguim baixant per la vall sense agafar cap desviaci\u00f3.<br \/>\n17. Cru\u00eflla esquerra. Arribem a una cru\u00eflla (on veurem uns contenidors d\u2019escombraries). Girem a l\u2019esquerra.<br \/>\n18. Gir dreta viarany. En un revolt, trobem un petit viarany. Ens hi endinsem a la dreta.<br \/>\n19. Cru\u00eflla recte pista. Trobem una pista de terra i seguim recte fins a una cru\u00eflla, en qu\u00e8 girem a l\u2019esquerra per un viarany.<br \/>\n20. Cru\u00eflla esquerra carretera. En aquesta cru\u00eflla, girem a l\u2019esquerra i, tot seguit, a la dreta per un viarany.<br \/>\n21. Cru\u00eflla dreta carretera. Arribem a una cru\u00eflla amb una petita carretera asfaltada i girem a la dreta. A la cru\u00eflla seg\u00fcent, tombem a l\u2019esquerra i seguim la carretera una estona sense desviar-nos.<br \/>\n22. Cru\u00eflla esquerra. A la urbanitzaci\u00f3 de sa Carroca, trobarem una cru\u00eflla: tombem a l\u2019esquerra i, a la cru\u00eflla seg\u00fcent, tamb\u00e9 a l\u2019esquerra.<br \/>\n23. Bifurcaci\u00f3 dreta. En aquesta bifurcaci\u00f3, seguim per la dreta i entrem al bosc. A la bifurcaci\u00f3 seg\u00fcent, a l\u2019esquerra.<br \/>\n24. Bifurcaci\u00f3 dreta pista. En aquesta bifurcaci\u00f3, pugem per una pista per la dreta. A les dues cru\u00eflles seg\u00fcents, seguim recte.<br \/>\n25. Bifurcaci\u00f3 dreta. Pugem a la dreta d\u2019aquesta cru\u00eflla per un tram de ciment, i despr\u00e9s seguim la pista sense desviar-nos.<br \/>\n26. Cru\u00eflla esquerra. Arribem a una cru\u00eflla al costat d\u2019una casa. Continuem per l\u2019esquerra per seguit pujant. A les dues cru\u00eflles seg\u00fcents seguim recte.<br \/>\n27. Bifurcaci\u00f3 esquerra. Agafem aquesta bifurcaci\u00f3 per l\u2019esquerra. Poc despr\u00e9s trobarem dues cru\u00eflles, seguim recte.<br \/>\n28. Cru\u00eflla esquerra. Arribem a la cru\u00eflla m\u00e9s alta (a la qual tornarem aviat per baixar) i girem a l\u2019esquerra. A la bifurcaci\u00f3 seg\u00fcent, girem a l\u2019esquerra i despr\u00e9s a la dreta.<br \/>\n29. Gir dreta. Pugem a peu per la dreta, tot travessant alguns dels viaranys que condueixen al cim. Posteriorment, tornem fins a la cru\u00eflla esmentada abans i girem a la dreta.<br \/>\n30. Bifurcaci\u00f3 dreta. Durant el descens trobem una bifurcaci\u00f3, que agafem per la dreta. M\u00e9s endavant, a la cru\u00eflla girem a l\u2019esquerra per la carretera i la seguim sense desviar-nos.<br \/>\n31. Gir dreta pista. Girem a la dreta per una pista en direcci\u00f3 a La Casita Verde. A les dues bifurcacions seg\u00fcents, seguim per l\u2019esquerra tot continuant la baixada i seguint la pista principal.<br \/>\n32. Cru\u00eflla esquerra carretera. Arribem a una cru\u00eflla; girem a l\u2019esquerra en una carretera, per\u00f2 en sortim immediatament cap a la dreta, per una pista.<br \/>\n33. Cru\u00eflla dreta carretera. Arribem al tram final d\u2019asfalt. Tombem a la dreta i seguim la carretera en direcci\u00f3 a Sant Antoni.<br \/>\n34. Cru\u00eflla recte. Arribem a una cru\u00eflla en qu\u00e8 pararem una atenci\u00f3 especial. Seguim recte i travessem una urbanitzaci\u00f3 fins a arribar a Sant Antoni, on girarem cap al carrer principal que passa al costat del mar.<br \/>\n35. Fi de la ruta. Acabem la ruta a la mateixa rotonda d\u2019on hem sortit.<br \/>\n[\/vc_column_text][\/vc_column][\/vc_row]<\/p>\n<\/div>","protected":false},"excerpt":{"rendered":"<p>[vc_row enable_hue_rotation=&#8221;no&#8221; enable_text_marquee=&#8221;no&#8221;][vc_column][vc_column_text]En aquesta ruta passarem per dos ascensos importants a l\u2019illa d\u2019Eivissa: la pujada a sa Capelleta d\u2019en Serra i la serra de sa Murta, que discorren entre boscs de pi blanc i savines, entre les quals \u00e9s possible [&hellip;]<\/p>\n","protected":false},"author":1,"featured_media":20549,"parent":12397,"menu_order":0,"comment_status":"closed","ping_status":"closed","template":"page-actividad.php","meta":{"_acf_changed":false,"inline_featured_image":false,"footnotes":""},"categoria_pagina":[],"class_list":["post-20548","page","type-page","status-publish","has-post-thumbnail","hentry"],"acf":[],"yoast_head":"<!-- This site is optimized with the Yoast SEO plugin v25.7 - https:\/\/yoast.com\/wordpress\/plugins\/seo\/ -->\n<title>Sa Serra Grossa (Sant Josep) - Eivissa - Santjosep.net<\/title>\n<meta name=\"robots\" content=\"index, follow, max-snippet:-1, max-image-preview:large, max-video-preview:-1\" \/>\n<link rel=\"canonical\" href=\"https:\/\/www.santjosep.net\/ca\/turisme-actiu\/rutes-btt\/sa-serra-grossa-sant-josep-eivissa\/\" \/>\n<meta property=\"og:locale\" content=\"ca_ES\" \/>\n<meta property=\"og:type\" content=\"article\" \/>\n<meta property=\"og:title\" content=\"Sa Serra Grossa (Sant Josep) - Eivissa - Santjosep.net\" \/>\n<meta property=\"og:description\" content=\"[vc_row enable_hue_rotation=&#8221;no&#8221; enable_text_marquee=&#8221;no&#8221;][vc_column][vc_column_text]En aquesta ruta passarem per dos ascensos importants a l\u2019illa d\u2019Eivissa: la pujada a sa Capelleta d\u2019en Serra i la serra de sa Murta, que discorren entre boscs de pi blanc i savines, entre les quals \u00e9s possible [&hellip;]\" \/>\n<meta property=\"og:url\" content=\"https:\/\/www.santjosep.net\/ca\/turisme-actiu\/rutes-btt\/sa-serra-grossa-sant-josep-eivissa\/\" \/>\n<meta property=\"og:site_name\" content=\"Santjosep.net\" \/>\n<meta property=\"article:modified_time\" content=\"2021-10-05T11:13:33+00:00\" \/>\n<meta property=\"og:image\" content=\"https:\/\/www.santjosep.net\/wp-content\/uploads\/2016\/03\/P1000154-e1457433572734.jpg\" \/>\n\t<meta property=\"og:image:width\" content=\"1200\" \/>\n\t<meta property=\"og:image:height\" content=\"801\" \/>\n\t<meta property=\"og:image:type\" content=\"image\/jpeg\" \/>\n<meta name=\"twitter:card\" content=\"summary_large_image\" \/>\n<meta name=\"twitter:label1\" content=\"Temps estimat de lectura\" \/>\n\t<meta name=\"twitter:data1\" content=\"6 minuts\" \/>\n<script type=\"application\/ld+json\" class=\"yoast-schema-graph\">{\"@context\":\"https:\/\/schema.org\",\"@graph\":[{\"@type\":\"WebPage\",\"@id\":\"https:\/\/www.santjosep.net\/ca\/turisme-actiu\/rutes-btt\/sa-serra-grossa-sant-josep-eivissa\/\",\"url\":\"https:\/\/www.santjosep.net\/ca\/turisme-actiu\/rutes-btt\/sa-serra-grossa-sant-josep-eivissa\/\",\"name\":\"Sa Serra Grossa (Sant Josep) - Eivissa - Santjosep.net\",\"isPartOf\":{\"@id\":\"https:\/\/www.santjosep.net\/#website\"},\"primaryImageOfPage\":{\"@id\":\"https:\/\/www.santjosep.net\/ca\/turisme-actiu\/rutes-btt\/sa-serra-grossa-sant-josep-eivissa\/#primaryimage\"},\"image\":{\"@id\":\"https:\/\/www.santjosep.net\/ca\/turisme-actiu\/rutes-btt\/sa-serra-grossa-sant-josep-eivissa\/#primaryimage\"},\"thumbnailUrl\":\"https:\/\/www.santjosep.net\/wp-content\/uploads\/2016\/03\/P1000154-e1457433572734.jpg\",\"datePublished\":\"2016-03-07T11:23:02+00:00\",\"dateModified\":\"2021-10-05T11:13:33+00:00\",\"breadcrumb\":{\"@id\":\"https:\/\/www.santjosep.net\/ca\/turisme-actiu\/rutes-btt\/sa-serra-grossa-sant-josep-eivissa\/#breadcrumb\"},\"inLanguage\":\"ca\",\"potentialAction\":[{\"@type\":\"ReadAction\",\"target\":[\"https:\/\/www.santjosep.net\/ca\/turisme-actiu\/rutes-btt\/sa-serra-grossa-sant-josep-eivissa\/\"]}]},{\"@type\":\"ImageObject\",\"inLanguage\":\"ca\",\"@id\":\"https:\/\/www.santjosep.net\/ca\/turisme-actiu\/rutes-btt\/sa-serra-grossa-sant-josep-eivissa\/#primaryimage\",\"url\":\"https:\/\/www.santjosep.net\/wp-content\/uploads\/2016\/03\/P1000154-e1457433572734.jpg\",\"contentUrl\":\"https:\/\/www.santjosep.net\/wp-content\/uploads\/2016\/03\/P1000154-e1457433572734.jpg\",\"width\":1200,\"height\":801},{\"@type\":\"BreadcrumbList\",\"@id\":\"https:\/\/www.santjosep.net\/ca\/turisme-actiu\/rutes-btt\/sa-serra-grossa-sant-josep-eivissa\/#breadcrumb\",\"itemListElement\":[{\"@type\":\"ListItem\",\"position\":1,\"name\":\"Turisme actiu\",\"item\":\"https:\/\/www.santjosep.net\/ca\/turisme-actiu\/\"},{\"@type\":\"ListItem\",\"position\":2,\"name\":\"Rutes BTT\",\"item\":\"https:\/\/www.santjosep.net\/ca\/turisme-actiu\/rutes-btt\/\"},{\"@type\":\"ListItem\",\"position\":3,\"name\":\"Sa Serra Grossa (Sant Josep) &#8211; Eivissa\"}]},{\"@type\":\"WebSite\",\"@id\":\"https:\/\/www.santjosep.net\/#website\",\"url\":\"https:\/\/www.santjosep.net\/\",\"name\":\"Santjosep.net\",\"description\":\"\",\"potentialAction\":[{\"@type\":\"SearchAction\",\"target\":{\"@type\":\"EntryPoint\",\"urlTemplate\":\"https:\/\/www.santjosep.net\/?s={search_term_string}\"},\"query-input\":{\"@type\":\"PropertyValueSpecification\",\"valueRequired\":true,\"valueName\":\"search_term_string\"}}],\"inLanguage\":\"ca\"}]}<\/script>\n<!-- \/ Yoast SEO plugin. -->","yoast_head_json":{"title":"Sa Serra Grossa (Sant Josep) - Eivissa - Santjosep.net","robots":{"index":"index","follow":"follow","max-snippet":"max-snippet:-1","max-image-preview":"max-image-preview:large","max-video-preview":"max-video-preview:-1"},"canonical":"https:\/\/www.santjosep.net\/ca\/turisme-actiu\/rutes-btt\/sa-serra-grossa-sant-josep-eivissa\/","og_locale":"ca_ES","og_type":"article","og_title":"Sa Serra Grossa (Sant Josep) - Eivissa - Santjosep.net","og_description":"[vc_row enable_hue_rotation=&#8221;no&#8221; enable_text_marquee=&#8221;no&#8221;][vc_column][vc_column_text]En aquesta ruta passarem per dos ascensos importants a l\u2019illa d\u2019Eivissa: la pujada a sa Capelleta d\u2019en Serra i la serra de sa Murta, que discorren entre boscs de pi blanc i savines, entre les quals \u00e9s possible [&hellip;]","og_url":"https:\/\/www.santjosep.net\/ca\/turisme-actiu\/rutes-btt\/sa-serra-grossa-sant-josep-eivissa\/","og_site_name":"Santjosep.net","article_modified_time":"2021-10-05T11:13:33+00:00","og_image":[{"width":1200,"height":801,"url":"https:\/\/www.santjosep.net\/wp-content\/uploads\/2016\/03\/P1000154-e1457433572734.jpg","type":"image\/jpeg"}],"twitter_card":"summary_large_image","twitter_misc":{"Temps estimat de lectura":"6 minuts"},"schema":{"@context":"https:\/\/schema.org","@graph":[{"@type":"WebPage","@id":"https:\/\/www.santjosep.net\/ca\/turisme-actiu\/rutes-btt\/sa-serra-grossa-sant-josep-eivissa\/","url":"https:\/\/www.santjosep.net\/ca\/turisme-actiu\/rutes-btt\/sa-serra-grossa-sant-josep-eivissa\/","name":"Sa Serra Grossa (Sant Josep) - Eivissa - Santjosep.net","isPartOf":{"@id":"https:\/\/www.santjosep.net\/#website"},"primaryImageOfPage":{"@id":"https:\/\/www.santjosep.net\/ca\/turisme-actiu\/rutes-btt\/sa-serra-grossa-sant-josep-eivissa\/#primaryimage"},"image":{"@id":"https:\/\/www.santjosep.net\/ca\/turisme-actiu\/rutes-btt\/sa-serra-grossa-sant-josep-eivissa\/#primaryimage"},"thumbnailUrl":"https:\/\/www.santjosep.net\/wp-content\/uploads\/2016\/03\/P1000154-e1457433572734.jpg","datePublished":"2016-03-07T11:23:02+00:00","dateModified":"2021-10-05T11:13:33+00:00","breadcrumb":{"@id":"https:\/\/www.santjosep.net\/ca\/turisme-actiu\/rutes-btt\/sa-serra-grossa-sant-josep-eivissa\/#breadcrumb"},"inLanguage":"ca","potentialAction":[{"@type":"ReadAction","target":["https:\/\/www.santjosep.net\/ca\/turisme-actiu\/rutes-btt\/sa-serra-grossa-sant-josep-eivissa\/"]}]},{"@type":"ImageObject","inLanguage":"ca","@id":"https:\/\/www.santjosep.net\/ca\/turisme-actiu\/rutes-btt\/sa-serra-grossa-sant-josep-eivissa\/#primaryimage","url":"https:\/\/www.santjosep.net\/wp-content\/uploads\/2016\/03\/P1000154-e1457433572734.jpg","contentUrl":"https:\/\/www.santjosep.net\/wp-content\/uploads\/2016\/03\/P1000154-e1457433572734.jpg","width":1200,"height":801},{"@type":"BreadcrumbList","@id":"https:\/\/www.santjosep.net\/ca\/turisme-actiu\/rutes-btt\/sa-serra-grossa-sant-josep-eivissa\/#breadcrumb","itemListElement":[{"@type":"ListItem","position":1,"name":"Turisme actiu","item":"https:\/\/www.santjosep.net\/ca\/turisme-actiu\/"},{"@type":"ListItem","position":2,"name":"Rutes BTT","item":"https:\/\/www.santjosep.net\/ca\/turisme-actiu\/rutes-btt\/"},{"@type":"ListItem","position":3,"name":"Sa Serra Grossa (Sant Josep) &#8211; Eivissa"}]},{"@type":"WebSite","@id":"https:\/\/www.santjosep.net\/#website","url":"https:\/\/www.santjosep.net\/","name":"Santjosep.net","description":"","potentialAction":[{"@type":"SearchAction","target":{"@type":"EntryPoint","urlTemplate":"https:\/\/www.santjosep.net\/?s={search_term_string}"},"query-input":{"@type":"PropertyValueSpecification","valueRequired":true,"valueName":"search_term_string"}}],"inLanguage":"ca"}]}},"_links":{"self":[{"href":"https:\/\/www.santjosep.net\/ca\/wp-json\/wp\/v2\/pages\/20548","targetHints":{"allow":["GET"]}}],"collection":[{"href":"https:\/\/www.santjosep.net\/ca\/wp-json\/wp\/v2\/pages"}],"about":[{"href":"https:\/\/www.santjosep.net\/ca\/wp-json\/wp\/v2\/types\/page"}],"author":[{"embeddable":true,"href":"https:\/\/www.santjosep.net\/ca\/wp-json\/wp\/v2\/users\/1"}],"replies":[{"embeddable":true,"href":"https:\/\/www.santjosep.net\/ca\/wp-json\/wp\/v2\/comments?post=20548"}],"version-history":[{"count":0,"href":"https:\/\/www.santjosep.net\/ca\/wp-json\/wp\/v2\/pages\/20548\/revisions"}],"up":[{"embeddable":true,"href":"https:\/\/www.santjosep.net\/ca\/wp-json\/wp\/v2\/pages\/12397"}],"wp:featuredmedia":[{"embeddable":true,"href":"https:\/\/www.santjosep.net\/ca\/wp-json\/wp\/v2\/media\/20549"}],"wp:attachment":[{"href":"https:\/\/www.santjosep.net\/ca\/wp-json\/wp\/v2\/media?parent=20548"}],"wp:term":[{"taxonomy":"categoria_pagina","embeddable":true,"href":"https:\/\/www.santjosep.net\/ca\/wp-json\/wp\/v2\/categoria_pagina?post=20548"}],"curies":[{"name":"wp","href":"https:\/\/api.w.org\/{rel}","templated":true}]}}