{"id":20448,"date":"2016-03-04T11:44:54","date_gmt":"2016-03-04T11:44:54","guid":{"rendered":"https:\/\/www.santjosep.net\/activitats-esportives\/caiac\/ruta-en-kayak-desde-cala-tarida-a-cala-bassa\/"},"modified":"2020-01-27T14:00:29","modified_gmt":"2020-01-27T13:00:29","slug":"ruta-en-kayak-desde-cala-tarida-a-cala-bassa","status":"publish","type":"page","link":"https:\/\/www.santjosep.net\/ca\/turisme-actiu\/caiac\/ruta-en-kayak-desde-cala-tarida-a-cala-bassa\/","title":{"rendered":"Ruta en Kayak desde Cala Tarida a Cala Bassa &#8211; Ibiza"},"content":{"rendered":"<p><iframe loading=\"lazy\" src=\"https:\/\/www.google.com\/maps\/d\/embed?mid=z5YVYhWup8YU.kXPR-_B_84W8\" width=\"780\" height=\"480\"><\/iframe><\/p>\n<p>DURACI\u00d3N: 3.30 Horas<br \/>\nLONGITUD: 7,2 Millas<br \/>\nDIFICULTAD: Media<br \/>\nPUNTO DE SALIDA: Cala Tarida<br \/>\nPUNTO DE LLEGADA: Cala Bassa<\/p>\n<p>C\u00d3MO LLEGAR:<br \/>\nSalimos desde Sant Josep, por la carretera PM-803 en direcci\u00f3n a Sant Antoni y a unos 500 metros tomaremos una desviaci\u00f3n a la izquierda con direcci\u00f3n a Cala Tarida se\u00f1alizada; indicaciones que seguiremos hasta llegar a la playa.<\/p>\n<p>TRAVES\u00cdA:<br \/>\nIniciamos la traves\u00eda en direcci\u00f3n Norte y, tras una zona rocosa con acantilados, llegaremos a Cala Corral; cala muy profunda, con un peque\u00f1o puerto deportivo (Coralmar) al fondo, en la cual no existen servicios, aunque existen gran cantidad de casetas varadero con rampas donde podremos desembarcar.<\/p>\n<p>M\u00e1s adelante, despu\u00e9s de una punta rocosa, encontraremos una peque\u00f1a entrada llamada Cala Llentia, con rocas y algas aunque es posible el desembarco. Continuando llegaremos a Cala Codolar, cala de arena de f\u00e1cil desembarco, donde el bosque de pinos llega hasta la orilla, bastante tranquila y con un peque\u00f1o quiosco o bar.<\/p>\n<p><img loading=\"lazy\" decoding=\"async\" class=\"alignnone size-full wp-image-5103\" src=\"https:\/\/www.santjosep.net\/wp-content\/uploads\/2016\/03\/IMG_0216.jpg\" alt=\"IMG_0216\" width=\"1200\" height=\"800\" srcset=\"https:\/\/www.santjosep.net\/wp-content\/uploads\/2016\/03\/IMG_0216.jpg 1200w, https:\/\/www.santjosep.net\/wp-content\/uploads\/2016\/03\/IMG_0216-300x200.jpg 300w, https:\/\/www.santjosep.net\/wp-content\/uploads\/2016\/03\/IMG_0216-768x512.jpg 768w, https:\/\/www.santjosep.net\/wp-content\/uploads\/2016\/03\/IMG_0216-1024x683.jpg 1024w\" sizes=\"auto, (max-width: 1200px) 100vw, 1200px\" \/><\/p>\n<p>Continuamos bordeando los pequen\u0303os acantilados por debajo del Puig des Dof\u00ed, con una gran urbanizaci\u00f3n.<\/p>\n<p>Tras bordear la punta de Niu de s&#8217;\u00c0guila (donde anida el \u00e1guila pescadora), encontramos una bah\u00eda llamada Sa Figuera Borda, donde hay una gran cueva, antiguamente usada por contrabandistas, actualmente aprovechada por casetas de pescadores ubicadas a ambos lados, cuyas rampas hacen posible desembarcar.<\/p>\n<p>Siguiendo los acantilados llegaremos a Sa punta de s&#8217;Embarcador (punta m\u00e1s occidental de la isla), desde donde tendremos una vista m\u00e1s cercana del islote de s&#8217;Espartar y Ses Bledes al fondo. Toda esta zona de acantilados nos llevar\u00e1, despue\u0301s de varias calitas, una de ellas con quiosco bar llamada Es Rec\u00f2 d\u2019en Xic, hasta las playas de Cala Comte.<\/p>\n<p><img loading=\"lazy\" decoding=\"async\" class=\"size-full wp-image-2370\" src=\"https:\/\/www.santjosep.net\/wp-content\/uploads\/2014\/10\/calaconta_IMG_3826.jpg\" alt=\"Platges de Comte\" width=\"1200\" height=\"800\" srcset=\"https:\/\/www.santjosep.net\/wp-content\/uploads\/2014\/10\/calaconta_IMG_3826.jpg 1200w, https:\/\/www.santjosep.net\/wp-content\/uploads\/2014\/10\/calaconta_IMG_3826-300x200.jpg 300w, https:\/\/www.santjosep.net\/wp-content\/uploads\/2014\/10\/calaconta_IMG_3826-1024x682.jpg 1024w\" sizes=\"auto, (max-width: 1200px) 100vw, 1200px\" \/><\/p>\n<p>En este punto tendremos m\u00e1xima precauci\u00f3n al bordear entre s&#8217;Escull de ses Punxes y la costa. Un poco m\u00e1s alejado se encuentra s&#8217;Escull Llarg, s&#8217;Illa des Bosc y, m\u00e1s al fondo, la isla de Sa Conillera.<\/p>\n<p>Esta zona tiene gran tr\u00e1fico mar\u00edtimo y muchas corrientes, con playas a ambos lados de arena na, disfrutaremos de unos fondos cristalinos. La playa cuenta con bares, restaurantes y todos los servicios; cuenta, adem\u00e1s, con una gran zona de aparcamiento en lo alto; logrando conservar su condicio\u0301n de playa virgen. Para la navegaci\u00f3n \u00e9sta es una zona con fuertes vientos y posibilidad de encontrar olas al desembarcar.<\/p>\n<p>M\u00e1s adelante encontraremos un embarcadero, con barcos de pasajeros y varias ensenadas con casetas varadero. Desde aqu\u00ed, la vista de Sa Conillera es impresionante, isla que recorreremos en la pr\u00f3xima ruta.<\/p>\n<p>Avanzaremos hacia la punta de Sa Torre (donde se halla la torre d&#8217;en Rovira, antigua torre de defensa), rode\u00e1ndola y dejando el islote de Es Pallaret a nuestro babor y los islotes de Es Farallons a nuestro estribor. En esta zona deberemos extremar la precaucio\u0301n por la existencia de cantidad de rocas semi sumergidas.<\/p>\n<div id=\"attachment_2363\" style=\"width: 1210px\" class=\"wp-caption alignnone\"><img loading=\"lazy\" decoding=\"async\" aria-describedby=\"caption-attachment-2363\" class=\"size-full wp-image-2363\" src=\"https:\/\/www.santjosep.net\/wp-content\/uploads\/2014\/10\/rovira_IMG_2725.jpg\" alt=\"Torre d'en Rovira\" width=\"1200\" height=\"800\" srcset=\"https:\/\/www.santjosep.net\/wp-content\/uploads\/2014\/10\/rovira_IMG_2725.jpg 1200w, https:\/\/www.santjosep.net\/wp-content\/uploads\/2014\/10\/rovira_IMG_2725-300x200.jpg 300w, https:\/\/www.santjosep.net\/wp-content\/uploads\/2014\/10\/rovira_IMG_2725-1024x682.jpg 1024w\" sizes=\"auto, (max-width: 1200px) 100vw, 1200px\" \/><p id=\"caption-attachment-2363\" class=\"wp-caption-text\">Torre d&#8217;en Rovira<\/p><\/div>\n<p>Despu\u00e9s de Cala Rotja, en la que existe la posibilidad de desembarcar, y pasada la punta del Cap de la Bassa, llegaremos a Cala Bassa. Magn\u00edfica playa de arena rodeada de pinos y sabinas que dispone de todos los servicios.<\/p>\n<p><img loading=\"lazy\" decoding=\"async\" class=\"alignnone size-full wp-image-1118\" src=\"https:\/\/www.santjosep.net\/wp-content\/uploads\/2013\/11\/calabassa_IMG_9955.jpg\" alt=\"calabassa_IMG_9955\" width=\"1000\" height=\"667\" srcset=\"https:\/\/www.santjosep.net\/wp-content\/uploads\/2013\/11\/calabassa_IMG_9955.jpg 1000w, https:\/\/www.santjosep.net\/wp-content\/uploads\/2013\/11\/calabassa_IMG_9955-300x200.jpg 300w\" sizes=\"auto, (max-width: 1000px) 100vw, 1000px\" \/><\/p>\n<p>Al entrar debe prestarse especial atenci\u00f3n al tr\u00e1fico de barcos de recreo y pasajeros, as\u00ed como de deportes n\u00e1uticos.<\/p>\n","protected":false},"excerpt":{"rendered":"<p>DURACI\u00d3N: 3.30 Horas LONGITUD: 7,2 Millas DIFICULTAD: Media PUNTO DE SALIDA: Cala Tarida PUNTO DE LLEGADA: Cala Bassa C\u00d3MO LLEGAR: Salimos desde Sant Josep, por la carretera PM-803 en direcci\u00f3n a Sant Antoni y a unos 500 metros tomaremos una [&hellip;]<\/p>\n","protected":false},"author":1,"featured_media":16572,"parent":12396,"menu_order":0,"comment_status":"closed","ping_status":"closed","template":"page-actividad.php","meta":{"_acf_changed":false,"inline_featured_image":false,"footnotes":""},"categoria_pagina":[],"class_list":["post-20448","page","type-page","status-publish","has-post-thumbnail","hentry"],"acf":[],"yoast_head":"<!-- This site is optimized with the Yoast SEO plugin v25.7 - https:\/\/yoast.com\/wordpress\/plugins\/seo\/ -->\n<title>Ruta en Kayak desde Cala Tarida a Cala Bassa - Ibiza - Santjosep.net<\/title>\n<meta name=\"robots\" content=\"index, follow, max-snippet:-1, max-image-preview:large, max-video-preview:-1\" \/>\n<link rel=\"canonical\" href=\"https:\/\/www.santjosep.net\/ca\/turisme-actiu\/caiac\/ruta-en-kayak-desde-cala-tarida-a-cala-bassa\/\" \/>\n<meta property=\"og:locale\" content=\"ca_ES\" \/>\n<meta property=\"og:type\" content=\"article\" \/>\n<meta property=\"og:title\" content=\"Ruta en Kayak desde Cala Tarida a Cala Bassa - Ibiza - Santjosep.net\" \/>\n<meta property=\"og:description\" content=\"DURACI\u00d3N: 3.30 Horas LONGITUD: 7,2 Millas DIFICULTAD: Media PUNTO DE SALIDA: Cala Tarida PUNTO DE LLEGADA: Cala Bassa C\u00d3MO LLEGAR: Salimos desde Sant Josep, por la carretera PM-803 en direcci\u00f3n a Sant Antoni y a unos 500 metros tomaremos una [&hellip;]\" \/>\n<meta property=\"og:url\" content=\"https:\/\/www.santjosep.net\/ca\/turisme-actiu\/caiac\/ruta-en-kayak-desde-cala-tarida-a-cala-bassa\/\" \/>\n<meta property=\"og:site_name\" content=\"Santjosep.net\" \/>\n<meta property=\"article:modified_time\" content=\"2020-01-27T13:00:29+00:00\" \/>\n<meta property=\"og:image\" content=\"https:\/\/www.santjosep.net\/wp-content\/uploads\/2013\/11\/calabassa.jpg\" \/>\n\t<meta property=\"og:image:width\" content=\"800\" \/>\n\t<meta property=\"og:image:height\" content=\"533\" \/>\n\t<meta property=\"og:image:type\" content=\"image\/jpeg\" \/>\n<meta name=\"twitter:card\" content=\"summary_large_image\" \/>\n<meta name=\"twitter:label1\" content=\"Temps estimat de lectura\" \/>\n\t<meta name=\"twitter:data1\" content=\"3 minuts\" \/>\n<script type=\"application\/ld+json\" class=\"yoast-schema-graph\">{\"@context\":\"https:\/\/schema.org\",\"@graph\":[{\"@type\":\"WebPage\",\"@id\":\"https:\/\/www.santjosep.net\/ca\/turisme-actiu\/caiac\/ruta-en-kayak-desde-cala-tarida-a-cala-bassa\/\",\"url\":\"https:\/\/www.santjosep.net\/ca\/turisme-actiu\/caiac\/ruta-en-kayak-desde-cala-tarida-a-cala-bassa\/\",\"name\":\"Ruta en Kayak desde Cala Tarida a Cala Bassa - Ibiza - Santjosep.net\",\"isPartOf\":{\"@id\":\"https:\/\/www.santjosep.net\/#website\"},\"primaryImageOfPage\":{\"@id\":\"https:\/\/www.santjosep.net\/ca\/turisme-actiu\/caiac\/ruta-en-kayak-desde-cala-tarida-a-cala-bassa\/#primaryimage\"},\"image\":{\"@id\":\"https:\/\/www.santjosep.net\/ca\/turisme-actiu\/caiac\/ruta-en-kayak-desde-cala-tarida-a-cala-bassa\/#primaryimage\"},\"thumbnailUrl\":\"https:\/\/www.santjosep.net\/wp-content\/uploads\/2013\/11\/calabassa.jpg\",\"datePublished\":\"2016-03-04T11:44:54+00:00\",\"dateModified\":\"2020-01-27T13:00:29+00:00\",\"breadcrumb\":{\"@id\":\"https:\/\/www.santjosep.net\/ca\/turisme-actiu\/caiac\/ruta-en-kayak-desde-cala-tarida-a-cala-bassa\/#breadcrumb\"},\"inLanguage\":\"ca\",\"potentialAction\":[{\"@type\":\"ReadAction\",\"target\":[\"https:\/\/www.santjosep.net\/ca\/turisme-actiu\/caiac\/ruta-en-kayak-desde-cala-tarida-a-cala-bassa\/\"]}]},{\"@type\":\"ImageObject\",\"inLanguage\":\"ca\",\"@id\":\"https:\/\/www.santjosep.net\/ca\/turisme-actiu\/caiac\/ruta-en-kayak-desde-cala-tarida-a-cala-bassa\/#primaryimage\",\"url\":\"https:\/\/www.santjosep.net\/wp-content\/uploads\/2013\/11\/calabassa.jpg\",\"contentUrl\":\"https:\/\/www.santjosep.net\/wp-content\/uploads\/2013\/11\/calabassa.jpg\",\"width\":800,\"height\":533},{\"@type\":\"BreadcrumbList\",\"@id\":\"https:\/\/www.santjosep.net\/ca\/turisme-actiu\/caiac\/ruta-en-kayak-desde-cala-tarida-a-cala-bassa\/#breadcrumb\",\"itemListElement\":[{\"@type\":\"ListItem\",\"position\":1,\"name\":\"Turisme actiu\",\"item\":\"https:\/\/www.santjosep.net\/ca\/turisme-actiu\/\"},{\"@type\":\"ListItem\",\"position\":2,\"name\":\"Caiac\",\"item\":\"https:\/\/www.santjosep.net\/ca\/turisme-actiu\/caiac\/\"},{\"@type\":\"ListItem\",\"position\":3,\"name\":\"Ruta en Kayak desde Cala Tarida a Cala Bassa &#8211; Ibiza\"}]},{\"@type\":\"WebSite\",\"@id\":\"https:\/\/www.santjosep.net\/#website\",\"url\":\"https:\/\/www.santjosep.net\/\",\"name\":\"Santjosep.net\",\"description\":\"\",\"potentialAction\":[{\"@type\":\"SearchAction\",\"target\":{\"@type\":\"EntryPoint\",\"urlTemplate\":\"https:\/\/www.santjosep.net\/?s={search_term_string}\"},\"query-input\":{\"@type\":\"PropertyValueSpecification\",\"valueRequired\":true,\"valueName\":\"search_term_string\"}}],\"inLanguage\":\"ca\"}]}<\/script>\n<!-- \/ Yoast SEO plugin. -->","yoast_head_json":{"title":"Ruta en Kayak desde Cala Tarida a Cala Bassa - Ibiza - Santjosep.net","robots":{"index":"index","follow":"follow","max-snippet":"max-snippet:-1","max-image-preview":"max-image-preview:large","max-video-preview":"max-video-preview:-1"},"canonical":"https:\/\/www.santjosep.net\/ca\/turisme-actiu\/caiac\/ruta-en-kayak-desde-cala-tarida-a-cala-bassa\/","og_locale":"ca_ES","og_type":"article","og_title":"Ruta en Kayak desde Cala Tarida a Cala Bassa - Ibiza - Santjosep.net","og_description":"DURACI\u00d3N: 3.30 Horas LONGITUD: 7,2 Millas DIFICULTAD: Media PUNTO DE SALIDA: Cala Tarida PUNTO DE LLEGADA: Cala Bassa C\u00d3MO LLEGAR: Salimos desde Sant Josep, por la carretera PM-803 en direcci\u00f3n a Sant Antoni y a unos 500 metros tomaremos una [&hellip;]","og_url":"https:\/\/www.santjosep.net\/ca\/turisme-actiu\/caiac\/ruta-en-kayak-desde-cala-tarida-a-cala-bassa\/","og_site_name":"Santjosep.net","article_modified_time":"2020-01-27T13:00:29+00:00","og_image":[{"width":800,"height":533,"url":"https:\/\/www.santjosep.net\/wp-content\/uploads\/2013\/11\/calabassa.jpg","type":"image\/jpeg"}],"twitter_card":"summary_large_image","twitter_misc":{"Temps estimat de lectura":"3 minuts"},"schema":{"@context":"https:\/\/schema.org","@graph":[{"@type":"WebPage","@id":"https:\/\/www.santjosep.net\/ca\/turisme-actiu\/caiac\/ruta-en-kayak-desde-cala-tarida-a-cala-bassa\/","url":"https:\/\/www.santjosep.net\/ca\/turisme-actiu\/caiac\/ruta-en-kayak-desde-cala-tarida-a-cala-bassa\/","name":"Ruta en Kayak desde Cala Tarida a Cala Bassa - Ibiza - Santjosep.net","isPartOf":{"@id":"https:\/\/www.santjosep.net\/#website"},"primaryImageOfPage":{"@id":"https:\/\/www.santjosep.net\/ca\/turisme-actiu\/caiac\/ruta-en-kayak-desde-cala-tarida-a-cala-bassa\/#primaryimage"},"image":{"@id":"https:\/\/www.santjosep.net\/ca\/turisme-actiu\/caiac\/ruta-en-kayak-desde-cala-tarida-a-cala-bassa\/#primaryimage"},"thumbnailUrl":"https:\/\/www.santjosep.net\/wp-content\/uploads\/2013\/11\/calabassa.jpg","datePublished":"2016-03-04T11:44:54+00:00","dateModified":"2020-01-27T13:00:29+00:00","breadcrumb":{"@id":"https:\/\/www.santjosep.net\/ca\/turisme-actiu\/caiac\/ruta-en-kayak-desde-cala-tarida-a-cala-bassa\/#breadcrumb"},"inLanguage":"ca","potentialAction":[{"@type":"ReadAction","target":["https:\/\/www.santjosep.net\/ca\/turisme-actiu\/caiac\/ruta-en-kayak-desde-cala-tarida-a-cala-bassa\/"]}]},{"@type":"ImageObject","inLanguage":"ca","@id":"https:\/\/www.santjosep.net\/ca\/turisme-actiu\/caiac\/ruta-en-kayak-desde-cala-tarida-a-cala-bassa\/#primaryimage","url":"https:\/\/www.santjosep.net\/wp-content\/uploads\/2013\/11\/calabassa.jpg","contentUrl":"https:\/\/www.santjosep.net\/wp-content\/uploads\/2013\/11\/calabassa.jpg","width":800,"height":533},{"@type":"BreadcrumbList","@id":"https:\/\/www.santjosep.net\/ca\/turisme-actiu\/caiac\/ruta-en-kayak-desde-cala-tarida-a-cala-bassa\/#breadcrumb","itemListElement":[{"@type":"ListItem","position":1,"name":"Turisme actiu","item":"https:\/\/www.santjosep.net\/ca\/turisme-actiu\/"},{"@type":"ListItem","position":2,"name":"Caiac","item":"https:\/\/www.santjosep.net\/ca\/turisme-actiu\/caiac\/"},{"@type":"ListItem","position":3,"name":"Ruta en Kayak desde Cala Tarida a Cala Bassa &#8211; Ibiza"}]},{"@type":"WebSite","@id":"https:\/\/www.santjosep.net\/#website","url":"https:\/\/www.santjosep.net\/","name":"Santjosep.net","description":"","potentialAction":[{"@type":"SearchAction","target":{"@type":"EntryPoint","urlTemplate":"https:\/\/www.santjosep.net\/?s={search_term_string}"},"query-input":{"@type":"PropertyValueSpecification","valueRequired":true,"valueName":"search_term_string"}}],"inLanguage":"ca"}]}},"_links":{"self":[{"href":"https:\/\/www.santjosep.net\/ca\/wp-json\/wp\/v2\/pages\/20448","targetHints":{"allow":["GET"]}}],"collection":[{"href":"https:\/\/www.santjosep.net\/ca\/wp-json\/wp\/v2\/pages"}],"about":[{"href":"https:\/\/www.santjosep.net\/ca\/wp-json\/wp\/v2\/types\/page"}],"author":[{"embeddable":true,"href":"https:\/\/www.santjosep.net\/ca\/wp-json\/wp\/v2\/users\/1"}],"replies":[{"embeddable":true,"href":"https:\/\/www.santjosep.net\/ca\/wp-json\/wp\/v2\/comments?post=20448"}],"version-history":[{"count":0,"href":"https:\/\/www.santjosep.net\/ca\/wp-json\/wp\/v2\/pages\/20448\/revisions"}],"up":[{"embeddable":true,"href":"https:\/\/www.santjosep.net\/ca\/wp-json\/wp\/v2\/pages\/12396"}],"wp:featuredmedia":[{"embeddable":true,"href":"https:\/\/www.santjosep.net\/ca\/wp-json\/wp\/v2\/media\/16572"}],"wp:attachment":[{"href":"https:\/\/www.santjosep.net\/ca\/wp-json\/wp\/v2\/media?parent=20448"}],"wp:term":[{"taxonomy":"categoria_pagina","embeddable":true,"href":"https:\/\/www.santjosep.net\/ca\/wp-json\/wp\/v2\/categoria_pagina?post=20448"}],"curies":[{"name":"wp","href":"https:\/\/api.w.org\/{rel}","templated":true}]}}