{"id":20442,"date":"2016-03-03T16:14:45","date_gmt":"2016-03-03T16:14:45","guid":{"rendered":"https:\/\/www.santjosep.net\/activitats-esportives\/caiac\/ruta-en-kayak-desde-sa-caleta-a-ses-boques-es-cubells-ibiza\/"},"modified":"2020-01-27T14:00:39","modified_gmt":"2020-01-27T13:00:39","slug":"ruta-en-kayak-desde-sa-caleta-a-ses-boques-es-cubells-ibiza","status":"publish","type":"page","link":"https:\/\/www.santjosep.net\/ca\/turisme-actiu\/caiac\/ruta-en-kayak-desde-sa-caleta-a-ses-boques-es-cubells-ibiza\/","title":{"rendered":"Ruta en Kayak desde Sa Caleta a Ses Boques (Es Cubells) &#8211; Ibiza"},"content":{"rendered":"<p><iframe loading=\"lazy\" src=\"https:\/\/www.google.com\/maps\/d\/embed?mid=z5YVYhWup8YU.kEOmjBA7wqns\" width=\"780\" height=\"480\"><\/iframe><\/p>\n<p>DURACI\u00d3N: 3.00 Horas<br \/>\nLONGITUD: 8,6 Millas<br \/>\nDIFICULTAD: Media<br \/>\nPUNTO DE SALIDA: Sa Caleta (puerto tradicional de pescadores)<br \/>\nPUNTO DE LLEGADA: Ses Boques (Es Cubells)<\/p>\n<p><strong>C\u00d3MO LLEGAR:<\/strong><br \/>\nLlegamos al punto de salida desde Sant Josep, en direcci\u00f3n a Eivissa por la carretera (PM-803), a 5 km de Sant Josep (Km 7 de la carretera) encontraremos la desviaci\u00f3n a Sa Caleta, continuamos por esta carretera local hasta encontrar la desviaci\u00f3n Sa Caleta a la derecha; continuaremos por el camino de tierra a la izquierda que nos baja al puerto de pescadores.<\/p>\n<p>Por la carretera de Eivissa al Aeropuerto (PM-801), pasando Sant Jordi hasta llegar a la entrada del Aeropuerto donde tomaremos la desviaci\u00f3n a la derecha y siguiendo los indicadores \u201cSa Caleta\u201d llegaremos a la misma carretera local donde, en este caso a la izquierda, encontraremos el desv\u00edo anterior que nos llevar\u00e1 al camino que conduce a la playa.<\/p>\n<p><strong>TRAVES\u00cdA:<\/strong><br \/>\nSalimos de este bonito puerto de pescadores, que sus bien conservadas casetas varadero lo convierten en uno de los m\u00e1s pintorescos de las Pitiusas. Navegamos en direcci\u00f3n Oeste, bordeando la peque\u00f1a pen\u00ednsula donde se encuentran los restos del poblado fenicio.<\/p>\n<p><img loading=\"lazy\" decoding=\"async\" class=\"alignnone size-full wp-image-5062\" src=\"https:\/\/www.santjosep.net\/wp-content\/uploads\/2016\/03\/IMG_0776.jpg\" alt=\"IMG_0776\" width=\"1200\" height=\"800\" srcset=\"https:\/\/www.santjosep.net\/wp-content\/uploads\/2016\/03\/IMG_0776.jpg 1200w, https:\/\/www.santjosep.net\/wp-content\/uploads\/2016\/03\/IMG_0776-300x200.jpg 300w, https:\/\/www.santjosep.net\/wp-content\/uploads\/2016\/03\/IMG_0776-768x512.jpg 768w, https:\/\/www.santjosep.net\/wp-content\/uploads\/2016\/03\/IMG_0776-1024x683.jpg 1024w\" sizes=\"auto, (max-width: 1200px) 100vw, 1200px\" \/><\/p>\n<p>En seguida veremos la playa de Es Bol Nou, inconfundible por estar enmarcada por las rojas paredes de los acantilados que la envuelven. Un poco m\u00e1s adelante veremos unas ca- setas de pescadores construidas en estos impresionantes acantilados de arcilla roja.<\/p>\n<div id=\"attachment_997\" style=\"width: 1010px\" class=\"wp-caption alignnone\"><img loading=\"lazy\" decoding=\"async\" aria-describedby=\"caption-attachment-997\" class=\"size-full wp-image-997\" src=\"https:\/\/www.santjosep.net\/wp-content\/uploads\/2013\/11\/esbolnou_IMG_0838.jpg\" alt=\"Es Bol Nou\" width=\"1000\" height=\"667\" srcset=\"https:\/\/www.santjosep.net\/wp-content\/uploads\/2013\/11\/esbolnou_IMG_0838.jpg 1000w, https:\/\/www.santjosep.net\/wp-content\/uploads\/2013\/11\/esbolnou_IMG_0838-300x200.jpg 300w\" sizes=\"auto, (max-width: 1000px) 100vw, 1000px\" \/><p id=\"caption-attachment-997\" class=\"wp-caption-text\">Es Bol Nou<\/p><\/div>\n<p>Continuamos costeando por la falda del Puig des Jondal hasta llegar a punta de Es Jondal, que bordearemos extremando las precauciones en caso de mala mar.<\/p>\n<p>Ya entrando en la magn\u00edfica bah\u00eda de Es Jondal hallaremos un bonito tramo con acantilados y peque\u00f1as calas donde, entre otras cosas, podremos avistar nidos de halcones.<\/p>\n<p><img loading=\"lazy\" decoding=\"async\" class=\"alignnone size-full wp-image-949\" src=\"https:\/\/www.santjosep.net\/wp-content\/uploads\/2013\/11\/calajondal_IMG_92051.jpg\" alt=\"calajondal_IMG_9205\" width=\"800\" height=\"533\" srcset=\"https:\/\/www.santjosep.net\/wp-content\/uploads\/2013\/11\/calajondal_IMG_92051.jpg 800w, https:\/\/www.santjosep.net\/wp-content\/uploads\/2013\/11\/calajondal_IMG_92051-300x199.jpg 300w\" sizes=\"auto, (max-width: 800px) 100vw, 800px\" \/><\/p>\n<p>A continuaci\u00f3n, encontramos la bonita cala de cantos rodados de Es Jondal, donde encontraremos restaurantes y todos los servicios requeridos para la obtenci\u00f3n de la bandera azul que se otorga a las playas de calidad contrastada. Inmediatamente despu\u00e9s descubriremos Es Xarco, peque\u00f1a cala con sus casetas de pescadores y restaurante.<\/p>\n<p>Continuaremos navegando junto a los acantilados hasta llegar a la punta de Porroig. Aqu\u00ed, antes de llegar al final de la punta, veremos un paso entre las rocas por el que, con sumo cuidado, podremos atravesarlo.<\/p>\n<p>Una vez en la bah\u00eda de Porroig, encontraremos varias casetas de pescadores y una playa de arena.<\/p>\n<p>Hay que tener en cuenta que tanto en esta bah\u00eda de Porroig como en las anteriores de Es Jondal y Es Xarco, especialmente durante los meses de temporada tur\u00edstica, podemos encontrarnos contra co de yates privados y otras embarcaciones; aunque la navegaci\u00f3n por esta zona suele ser bastante tranquila ya que est\u00e1 bien protegida de los vientos del Norte y del Oeste por los altos acantilados.<\/p>\n<p><img loading=\"lazy\" decoding=\"async\" class=\"alignnone size-full wp-image-1065\" src=\"https:\/\/www.santjosep.net\/wp-content\/uploads\/2013\/11\/porroig_IMG_8432.jpg\" alt=\"porroig_IMG_8432\" width=\"1000\" height=\"667\" srcset=\"https:\/\/www.santjosep.net\/wp-content\/uploads\/2013\/11\/porroig_IMG_8432.jpg 1000w, https:\/\/www.santjosep.net\/wp-content\/uploads\/2013\/11\/porroig_IMG_8432-300x200.jpg 300w\" sizes=\"auto, (max-width: 1000px) 100vw, 1000px\" \/><\/p>\n<p>Un poco m\u00e1s adelante y despu\u00e9s de Ses Illetes, llegaremos a la peque\u00f1a playa de Es Torrent y a continuaci\u00f3n, antes de llegar a Cap Negret, encontraremos la playa de Ses Ovelles, cala desierta con muy dif\u00edcil acceso por tierra.<\/p>\n","protected":false},"excerpt":{"rendered":"<p>DURACI\u00d3N: 3.00 Horas LONGITUD: 8,6 Millas DIFICULTAD: Media PUNTO DE SALIDA: Sa Caleta (puerto tradicional de pescadores) PUNTO DE LLEGADA: Ses Boques (Es Cubells) C\u00d3MO LLEGAR: Llegamos al punto de salida desde Sant Josep, en direcci\u00f3n a Eivissa por la [&hellip;]<\/p>\n","protected":false},"author":1,"featured_media":12201,"parent":12396,"menu_order":0,"comment_status":"closed","ping_status":"closed","template":"page-actividad.php","meta":{"_acf_changed":false,"inline_featured_image":false,"footnotes":""},"categoria_pagina":[],"class_list":["post-20442","page","type-page","status-publish","has-post-thumbnail","hentry"],"acf":[],"yoast_head":"<!-- This site is optimized with the Yoast SEO plugin v25.7 - https:\/\/yoast.com\/wordpress\/plugins\/seo\/ -->\n<title>Ruta en Kayak desde Sa Caleta a Ses Boques (Es Cubells) - Ibiza - Santjosep.net<\/title>\n<meta name=\"robots\" content=\"index, follow, max-snippet:-1, max-image-preview:large, max-video-preview:-1\" \/>\n<link rel=\"canonical\" href=\"https:\/\/www.santjosep.net\/ca\/turisme-actiu\/caiac\/ruta-en-kayak-desde-sa-caleta-a-ses-boques-es-cubells-ibiza\/\" \/>\n<meta property=\"og:locale\" content=\"ca_ES\" \/>\n<meta property=\"og:type\" content=\"article\" \/>\n<meta property=\"og:title\" content=\"Ruta en Kayak desde Sa Caleta a Ses Boques (Es Cubells) - Ibiza - Santjosep.net\" \/>\n<meta property=\"og:description\" content=\"DURACI\u00d3N: 3.00 Horas LONGITUD: 8,6 Millas DIFICULTAD: Media PUNTO DE SALIDA: Sa Caleta (puerto tradicional de pescadores) PUNTO DE LLEGADA: Ses Boques (Es Cubells) C\u00d3MO LLEGAR: Llegamos al punto de salida desde Sant Josep, en direcci\u00f3n a Eivissa por la [&hellip;]\" \/>\n<meta property=\"og:url\" content=\"https:\/\/www.santjosep.net\/ca\/turisme-actiu\/caiac\/ruta-en-kayak-desde-sa-caleta-a-ses-boques-es-cubells-ibiza\/\" \/>\n<meta property=\"og:site_name\" content=\"Santjosep.net\" \/>\n<meta property=\"article:modified_time\" content=\"2020-01-27T13:00:39+00:00\" \/>\n<meta property=\"og:image\" content=\"https:\/\/www.santjosep.net\/wp-content\/uploads\/2013\/11\/escubellsplaya_IMG_09831.jpg\" \/>\n\t<meta property=\"og:image:width\" content=\"800\" \/>\n\t<meta property=\"og:image:height\" content=\"533\" \/>\n\t<meta property=\"og:image:type\" content=\"image\/jpeg\" \/>\n<meta name=\"twitter:card\" content=\"summary_large_image\" \/>\n<meta name=\"twitter:label1\" content=\"Temps estimat de lectura\" \/>\n\t<meta name=\"twitter:data1\" content=\"3 minuts\" \/>\n<script type=\"application\/ld+json\" class=\"yoast-schema-graph\">{\"@context\":\"https:\/\/schema.org\",\"@graph\":[{\"@type\":\"WebPage\",\"@id\":\"https:\/\/www.santjosep.net\/ca\/turisme-actiu\/caiac\/ruta-en-kayak-desde-sa-caleta-a-ses-boques-es-cubells-ibiza\/\",\"url\":\"https:\/\/www.santjosep.net\/ca\/turisme-actiu\/caiac\/ruta-en-kayak-desde-sa-caleta-a-ses-boques-es-cubells-ibiza\/\",\"name\":\"Ruta en Kayak desde Sa Caleta a Ses Boques (Es Cubells) - Ibiza - Santjosep.net\",\"isPartOf\":{\"@id\":\"https:\/\/www.santjosep.net\/#website\"},\"primaryImageOfPage\":{\"@id\":\"https:\/\/www.santjosep.net\/ca\/turisme-actiu\/caiac\/ruta-en-kayak-desde-sa-caleta-a-ses-boques-es-cubells-ibiza\/#primaryimage\"},\"image\":{\"@id\":\"https:\/\/www.santjosep.net\/ca\/turisme-actiu\/caiac\/ruta-en-kayak-desde-sa-caleta-a-ses-boques-es-cubells-ibiza\/#primaryimage\"},\"thumbnailUrl\":\"https:\/\/www.santjosep.net\/wp-content\/uploads\/2013\/11\/escubellsplaya_IMG_09831.jpg\",\"datePublished\":\"2016-03-03T16:14:45+00:00\",\"dateModified\":\"2020-01-27T13:00:39+00:00\",\"breadcrumb\":{\"@id\":\"https:\/\/www.santjosep.net\/ca\/turisme-actiu\/caiac\/ruta-en-kayak-desde-sa-caleta-a-ses-boques-es-cubells-ibiza\/#breadcrumb\"},\"inLanguage\":\"ca\",\"potentialAction\":[{\"@type\":\"ReadAction\",\"target\":[\"https:\/\/www.santjosep.net\/ca\/turisme-actiu\/caiac\/ruta-en-kayak-desde-sa-caleta-a-ses-boques-es-cubells-ibiza\/\"]}]},{\"@type\":\"ImageObject\",\"inLanguage\":\"ca\",\"@id\":\"https:\/\/www.santjosep.net\/ca\/turisme-actiu\/caiac\/ruta-en-kayak-desde-sa-caleta-a-ses-boques-es-cubells-ibiza\/#primaryimage\",\"url\":\"https:\/\/www.santjosep.net\/wp-content\/uploads\/2013\/11\/escubellsplaya_IMG_09831.jpg\",\"contentUrl\":\"https:\/\/www.santjosep.net\/wp-content\/uploads\/2013\/11\/escubellsplaya_IMG_09831.jpg\",\"width\":800,\"height\":533},{\"@type\":\"BreadcrumbList\",\"@id\":\"https:\/\/www.santjosep.net\/ca\/turisme-actiu\/caiac\/ruta-en-kayak-desde-sa-caleta-a-ses-boques-es-cubells-ibiza\/#breadcrumb\",\"itemListElement\":[{\"@type\":\"ListItem\",\"position\":1,\"name\":\"Turisme actiu\",\"item\":\"https:\/\/www.santjosep.net\/ca\/turisme-actiu\/\"},{\"@type\":\"ListItem\",\"position\":2,\"name\":\"Caiac\",\"item\":\"https:\/\/www.santjosep.net\/ca\/turisme-actiu\/caiac\/\"},{\"@type\":\"ListItem\",\"position\":3,\"name\":\"Ruta en Kayak desde Sa Caleta a Ses Boques (Es Cubells) &#8211; Ibiza\"}]},{\"@type\":\"WebSite\",\"@id\":\"https:\/\/www.santjosep.net\/#website\",\"url\":\"https:\/\/www.santjosep.net\/\",\"name\":\"Santjosep.net\",\"description\":\"\",\"potentialAction\":[{\"@type\":\"SearchAction\",\"target\":{\"@type\":\"EntryPoint\",\"urlTemplate\":\"https:\/\/www.santjosep.net\/?s={search_term_string}\"},\"query-input\":{\"@type\":\"PropertyValueSpecification\",\"valueRequired\":true,\"valueName\":\"search_term_string\"}}],\"inLanguage\":\"ca\"}]}<\/script>\n<!-- \/ Yoast SEO plugin. -->","yoast_head_json":{"title":"Ruta en Kayak desde Sa Caleta a Ses Boques (Es Cubells) - Ibiza - Santjosep.net","robots":{"index":"index","follow":"follow","max-snippet":"max-snippet:-1","max-image-preview":"max-image-preview:large","max-video-preview":"max-video-preview:-1"},"canonical":"https:\/\/www.santjosep.net\/ca\/turisme-actiu\/caiac\/ruta-en-kayak-desde-sa-caleta-a-ses-boques-es-cubells-ibiza\/","og_locale":"ca_ES","og_type":"article","og_title":"Ruta en Kayak desde Sa Caleta a Ses Boques (Es Cubells) - Ibiza - Santjosep.net","og_description":"DURACI\u00d3N: 3.00 Horas LONGITUD: 8,6 Millas DIFICULTAD: Media PUNTO DE SALIDA: Sa Caleta (puerto tradicional de pescadores) PUNTO DE LLEGADA: Ses Boques (Es Cubells) C\u00d3MO LLEGAR: Llegamos al punto de salida desde Sant Josep, en direcci\u00f3n a Eivissa por la [&hellip;]","og_url":"https:\/\/www.santjosep.net\/ca\/turisme-actiu\/caiac\/ruta-en-kayak-desde-sa-caleta-a-ses-boques-es-cubells-ibiza\/","og_site_name":"Santjosep.net","article_modified_time":"2020-01-27T13:00:39+00:00","og_image":[{"width":800,"height":533,"url":"https:\/\/www.santjosep.net\/wp-content\/uploads\/2013\/11\/escubellsplaya_IMG_09831.jpg","type":"image\/jpeg"}],"twitter_card":"summary_large_image","twitter_misc":{"Temps estimat de lectura":"3 minuts"},"schema":{"@context":"https:\/\/schema.org","@graph":[{"@type":"WebPage","@id":"https:\/\/www.santjosep.net\/ca\/turisme-actiu\/caiac\/ruta-en-kayak-desde-sa-caleta-a-ses-boques-es-cubells-ibiza\/","url":"https:\/\/www.santjosep.net\/ca\/turisme-actiu\/caiac\/ruta-en-kayak-desde-sa-caleta-a-ses-boques-es-cubells-ibiza\/","name":"Ruta en Kayak desde Sa Caleta a Ses Boques (Es Cubells) - Ibiza - Santjosep.net","isPartOf":{"@id":"https:\/\/www.santjosep.net\/#website"},"primaryImageOfPage":{"@id":"https:\/\/www.santjosep.net\/ca\/turisme-actiu\/caiac\/ruta-en-kayak-desde-sa-caleta-a-ses-boques-es-cubells-ibiza\/#primaryimage"},"image":{"@id":"https:\/\/www.santjosep.net\/ca\/turisme-actiu\/caiac\/ruta-en-kayak-desde-sa-caleta-a-ses-boques-es-cubells-ibiza\/#primaryimage"},"thumbnailUrl":"https:\/\/www.santjosep.net\/wp-content\/uploads\/2013\/11\/escubellsplaya_IMG_09831.jpg","datePublished":"2016-03-03T16:14:45+00:00","dateModified":"2020-01-27T13:00:39+00:00","breadcrumb":{"@id":"https:\/\/www.santjosep.net\/ca\/turisme-actiu\/caiac\/ruta-en-kayak-desde-sa-caleta-a-ses-boques-es-cubells-ibiza\/#breadcrumb"},"inLanguage":"ca","potentialAction":[{"@type":"ReadAction","target":["https:\/\/www.santjosep.net\/ca\/turisme-actiu\/caiac\/ruta-en-kayak-desde-sa-caleta-a-ses-boques-es-cubells-ibiza\/"]}]},{"@type":"ImageObject","inLanguage":"ca","@id":"https:\/\/www.santjosep.net\/ca\/turisme-actiu\/caiac\/ruta-en-kayak-desde-sa-caleta-a-ses-boques-es-cubells-ibiza\/#primaryimage","url":"https:\/\/www.santjosep.net\/wp-content\/uploads\/2013\/11\/escubellsplaya_IMG_09831.jpg","contentUrl":"https:\/\/www.santjosep.net\/wp-content\/uploads\/2013\/11\/escubellsplaya_IMG_09831.jpg","width":800,"height":533},{"@type":"BreadcrumbList","@id":"https:\/\/www.santjosep.net\/ca\/turisme-actiu\/caiac\/ruta-en-kayak-desde-sa-caleta-a-ses-boques-es-cubells-ibiza\/#breadcrumb","itemListElement":[{"@type":"ListItem","position":1,"name":"Turisme actiu","item":"https:\/\/www.santjosep.net\/ca\/turisme-actiu\/"},{"@type":"ListItem","position":2,"name":"Caiac","item":"https:\/\/www.santjosep.net\/ca\/turisme-actiu\/caiac\/"},{"@type":"ListItem","position":3,"name":"Ruta en Kayak desde Sa Caleta a Ses Boques (Es Cubells) &#8211; Ibiza"}]},{"@type":"WebSite","@id":"https:\/\/www.santjosep.net\/#website","url":"https:\/\/www.santjosep.net\/","name":"Santjosep.net","description":"","potentialAction":[{"@type":"SearchAction","target":{"@type":"EntryPoint","urlTemplate":"https:\/\/www.santjosep.net\/?s={search_term_string}"},"query-input":{"@type":"PropertyValueSpecification","valueRequired":true,"valueName":"search_term_string"}}],"inLanguage":"ca"}]}},"_links":{"self":[{"href":"https:\/\/www.santjosep.net\/ca\/wp-json\/wp\/v2\/pages\/20442","targetHints":{"allow":["GET"]}}],"collection":[{"href":"https:\/\/www.santjosep.net\/ca\/wp-json\/wp\/v2\/pages"}],"about":[{"href":"https:\/\/www.santjosep.net\/ca\/wp-json\/wp\/v2\/types\/page"}],"author":[{"embeddable":true,"href":"https:\/\/www.santjosep.net\/ca\/wp-json\/wp\/v2\/users\/1"}],"replies":[{"embeddable":true,"href":"https:\/\/www.santjosep.net\/ca\/wp-json\/wp\/v2\/comments?post=20442"}],"version-history":[{"count":0,"href":"https:\/\/www.santjosep.net\/ca\/wp-json\/wp\/v2\/pages\/20442\/revisions"}],"up":[{"embeddable":true,"href":"https:\/\/www.santjosep.net\/ca\/wp-json\/wp\/v2\/pages\/12396"}],"wp:featuredmedia":[{"embeddable":true,"href":"https:\/\/www.santjosep.net\/ca\/wp-json\/wp\/v2\/media\/12201"}],"wp:attachment":[{"href":"https:\/\/www.santjosep.net\/ca\/wp-json\/wp\/v2\/media?parent=20442"}],"wp:term":[{"taxonomy":"categoria_pagina","embeddable":true,"href":"https:\/\/www.santjosep.net\/ca\/wp-json\/wp\/v2\/categoria_pagina?post=20442"}],"curies":[{"name":"wp","href":"https:\/\/api.w.org\/{rel}","templated":true}]}}