{"id":20432,"date":"2016-02-22T16:34:57","date_gmt":"2016-02-22T16:34:57","guid":{"rendered":"https:\/\/www.santjosep.net\/activitats-esportives\/caiac\/ruta-desde-playa-den-bossa-a-sa-canal-ses-salines\/"},"modified":"2020-01-27T14:00:49","modified_gmt":"2020-01-27T13:00:49","slug":"ruta-desde-playa-den-bossa-a-sa-canal-ses-salines","status":"publish","type":"page","link":"https:\/\/www.santjosep.net\/ca\/turisme-actiu\/caiac\/ruta-desde-playa-den-bossa-a-sa-canal-ses-salines\/","title":{"rendered":"Ruta en Kayak desde Playa d&#8217;en Bossa a Sa Canal (Ses Salines &#8211; Ibiza)"},"content":{"rendered":"<p><iframe loading=\"lazy\" src=\"https:\/\/www.google.com\/maps\/d\/embed?mid=z5YVYhWup8YU.keKbQKX_I4lE\" width=\"780\" height=\"480\"><\/iframe><\/p>\n<p>DURACI\u00d3N: 2.30 Horas<br \/>\nLONGITUD: 5,4 Millas<br \/>\nDIFICULTAD: Baja<br \/>\nPUNTO DE SALIDA: Playa d\u2019en Bossa<br \/>\nPUNTO DE LLEGADA: Sa Canal<\/p>\n<p><strong>C\u00d3MO LLEGAR:<\/strong><br \/>\nLlegamos al punto de salida desde Sant Josep, en direcci\u00f3n a Eivissa por la carretera (PM-803), desv\u00edo al Aeropuerto y desde all\u00ed, direcci\u00f3n Sant Jordi o Eivissa hasta encontrar la rotonda \u201cSant Jordi &#8211; Eivissa &#8211; Sa Canal &#8211; Aeropuerto\u201d y desde Eivissa, por la carretera de Eivissa al Aeropuerto (PM-801), pasando Sant Jordi hasta llegar a la misma rotonda, donde, en ambos casos, tomaremos la desviaci\u00f3n a playa d\u2019en Bossa paralela al hip\u00f3dromo. Al final de esta carretera seguimos recto y tomamos el primer desv\u00edo a la derecha que pasa frente a un establecimiento hotelero llegando al final a una plaza circular donde encontraremos un acceso a la playa.<\/p>\n<p><strong>TRAVES\u00cfA:<\/strong><br \/>\nYa embarcados, salimos navegando hacia el Sur pudiendo contemplar la Torre des Carregador o Sal Rossa. Continuando y bordeando la costa, llegaremos a una calita flanqueada por un islote, llamada la Xanga o Cala de sa Sal Rossa, con casetas de pescadores a ambos lados. Hubo un tiempo en que se us\u00f3 este lugar para cargar la sal. Nos encontramos en el Parque Natural de ses Salines por lo que durante la traves\u00eda es posible el avistamiento de aves acu\u00e1ticas de los cercanos estanques salineros.<\/p>\n<p><img loading=\"lazy\" decoding=\"async\" class=\"alignnone size-full wp-image-2509\" src=\"https:\/\/www.santjosep.net\/wp-content\/uploads\/2014\/12\/sasalrossa_IMG_1177.jpg\" alt=\"sasalrossa_IMG_1177\" width=\"1200\" height=\"800\" srcset=\"https:\/\/www.santjosep.net\/wp-content\/uploads\/2014\/12\/sasalrossa_IMG_1177.jpg 1200w, https:\/\/www.santjosep.net\/wp-content\/uploads\/2014\/12\/sasalrossa_IMG_1177-300x200.jpg 300w, https:\/\/www.santjosep.net\/wp-content\/uploads\/2014\/12\/sasalrossa_IMG_1177-1024x682.jpg 1024w\" sizes=\"auto, (max-width: 1200px) 100vw, 1200px\" \/><\/p>\n<p>Despu\u00e9s de bordear esta cala comienza una zona de acantilados, con bosque de pinos y sabinas que llegan hasta la costa.<br \/>\nEn esta zona no hay f\u00e1cil acceso a tierra hasta llegar a Cala Recuita, donde se puede desembarcar entre las piedras. Poco despu\u00e9s encontramos un arco formado por las rocas por el que podremos pasar teniendo extremo cuidado con las olas.<\/p>\n<p>A continuaci\u00f3n llegamos a la Escollera (antiguo puerto usado para embarcar la sal) e inmediatamente despu\u00e9s veremos la playa de Es Cavallet, de gran belleza y con todos los servicios. El desembarco en esta playa puede ser complicado debi\u00e9ndose observar precauciones ya que hay zonas de rocas sumergidas.<\/p>\n<p><img loading=\"lazy\" decoding=\"async\" class=\"alignnone size-full wp-image-1740\" src=\"https:\/\/www.santjosep.net\/wp-content\/uploads\/2014\/01\/IMG_9295_escavallet.jpg\" alt=\"IMG_9295_escavallet\" width=\"1000\" height=\"667\" srcset=\"https:\/\/www.santjosep.net\/wp-content\/uploads\/2014\/01\/IMG_9295_escavallet.jpg 1000w, https:\/\/www.santjosep.net\/wp-content\/uploads\/2014\/01\/IMG_9295_escavallet-300x200.jpg 300w\" sizes=\"auto, (max-width: 1000px) 100vw, 1000px\" \/><\/p>\n<p>Al final de esta playa, comienza una zona de rocas hasta llegar a la Punta de Sa Torre donde divisaremos la Torre de Ses Portes (antigua torre de vigilancia). Desde aqu\u00ed tendremos una vista impresionante de s \u0301Espardell y s \u0301Espalmador, islotes que nos dirigir\u00e1n la mirada hacia Formentera.<\/p>\n<p><img loading=\"lazy\" decoding=\"async\" class=\"alignnone size-full wp-image-919\" src=\"https:\/\/www.santjosep.net\/wp-content\/uploads\/2013\/11\/torresesportes.jpg\" alt=\"torresesportes\" width=\"800\" height=\"533\" srcset=\"https:\/\/www.santjosep.net\/wp-content\/uploads\/2013\/11\/torresesportes.jpg 800w, https:\/\/www.santjosep.net\/wp-content\/uploads\/2013\/11\/torresesportes-300x199.jpg 300w\" sizes=\"auto, (max-width: 800px) 100vw, 800px\" \/><\/p>\n<p>Encontraremos unas casetas de pescadores donde podremos desembarcar. Aqu\u00ed el paso entre los islotes puede ser complicado en d\u00edas de mala mar, por lo que se recomienda extremar el cuidado.<br \/>\nUna vez pasados los escollos encontraremos diversas calitas de fina arena hasta llegar a la playa de Ses Salines. Una de las playas m\u00e1s famosas de la isla y muy concurrida en verano. Se recomienda tener en cuenta la posibilidad de encontrar numerosas embarcaciones fondeadas y mantener la atenci\u00f3n sobre la pr\u00e1ctica de deportes n\u00e1uticos durante la temporada estival.<br \/>\nAl final de \u00e9sta playa, encontraremos todos los servicios as\u00ed como aparcamiento y buen acceso para desembarcar los kayaks.<\/p>\n","protected":false},"excerpt":{"rendered":"<p>DURACI\u00d3N: 2.30 Horas LONGITUD: 5,4 Millas DIFICULTAD: Baja PUNTO DE SALIDA: Playa d\u2019en Bossa PUNTO DE LLEGADA: Sa Canal C\u00d3MO LLEGAR: Llegamos al punto de salida desde Sant Josep, en direcci\u00f3n a Eivissa por la carretera (PM-803), desv\u00edo al Aeropuerto [&hellip;]<\/p>\n","protected":false},"author":1,"featured_media":12365,"parent":12396,"menu_order":0,"comment_status":"closed","ping_status":"closed","template":"page-actividad.php","meta":{"_acf_changed":false,"inline_featured_image":false,"footnotes":""},"categoria_pagina":[],"class_list":["post-20432","page","type-page","status-publish","has-post-thumbnail","hentry"],"acf":[],"yoast_head":"<!-- This site is optimized with the Yoast SEO plugin v25.7 - https:\/\/yoast.com\/wordpress\/plugins\/seo\/ -->\n<title>Ruta en Kayak desde Playa d&#039;en Bossa a Sa Canal (Ses Salines - Ibiza) - Santjosep.net<\/title>\n<meta name=\"robots\" content=\"index, follow, max-snippet:-1, max-image-preview:large, max-video-preview:-1\" \/>\n<link rel=\"canonical\" href=\"https:\/\/www.santjosep.net\/ca\/turisme-actiu\/caiac\/ruta-desde-playa-den-bossa-a-sa-canal-ses-salines\/\" \/>\n<meta property=\"og:locale\" content=\"ca_ES\" \/>\n<meta property=\"og:type\" content=\"article\" \/>\n<meta property=\"og:title\" content=\"Ruta en Kayak desde Playa d&#039;en Bossa a Sa Canal (Ses Salines - Ibiza) - Santjosep.net\" \/>\n<meta property=\"og:description\" content=\"DURACI\u00d3N: 2.30 Horas LONGITUD: 5,4 Millas DIFICULTAD: Baja PUNTO DE SALIDA: Playa d\u2019en Bossa PUNTO DE LLEGADA: Sa Canal C\u00d3MO LLEGAR: Llegamos al punto de salida desde Sant Josep, en direcci\u00f3n a Eivissa por la carretera (PM-803), desv\u00edo al Aeropuerto [&hellip;]\" \/>\n<meta property=\"og:url\" content=\"https:\/\/www.santjosep.net\/ca\/turisme-actiu\/caiac\/ruta-desde-playa-den-bossa-a-sa-canal-ses-salines\/\" \/>\n<meta property=\"og:site_name\" content=\"Santjosep.net\" \/>\n<meta property=\"article:modified_time\" content=\"2020-01-27T13:00:49+00:00\" \/>\n<meta property=\"og:image\" content=\"https:\/\/www.santjosep.net\/wp-content\/uploads\/2013\/11\/torresesportes.jpg\" \/>\n\t<meta property=\"og:image:width\" content=\"800\" \/>\n\t<meta property=\"og:image:height\" content=\"533\" \/>\n\t<meta property=\"og:image:type\" content=\"image\/jpeg\" \/>\n<meta name=\"twitter:card\" content=\"summary_large_image\" \/>\n<meta name=\"twitter:label1\" content=\"Temps estimat de lectura\" \/>\n\t<meta name=\"twitter:data1\" content=\"3 minuts\" \/>\n<script type=\"application\/ld+json\" class=\"yoast-schema-graph\">{\"@context\":\"https:\/\/schema.org\",\"@graph\":[{\"@type\":\"WebPage\",\"@id\":\"https:\/\/www.santjosep.net\/ca\/turisme-actiu\/caiac\/ruta-desde-playa-den-bossa-a-sa-canal-ses-salines\/\",\"url\":\"https:\/\/www.santjosep.net\/ca\/turisme-actiu\/caiac\/ruta-desde-playa-den-bossa-a-sa-canal-ses-salines\/\",\"name\":\"Ruta en Kayak desde Playa d'en Bossa a Sa Canal (Ses Salines - Ibiza) - Santjosep.net\",\"isPartOf\":{\"@id\":\"https:\/\/www.santjosep.net\/#website\"},\"primaryImageOfPage\":{\"@id\":\"https:\/\/www.santjosep.net\/ca\/turisme-actiu\/caiac\/ruta-desde-playa-den-bossa-a-sa-canal-ses-salines\/#primaryimage\"},\"image\":{\"@id\":\"https:\/\/www.santjosep.net\/ca\/turisme-actiu\/caiac\/ruta-desde-playa-den-bossa-a-sa-canal-ses-salines\/#primaryimage\"},\"thumbnailUrl\":\"https:\/\/www.santjosep.net\/wp-content\/uploads\/2013\/11\/torresesportes.jpg\",\"datePublished\":\"2016-02-22T16:34:57+00:00\",\"dateModified\":\"2020-01-27T13:00:49+00:00\",\"breadcrumb\":{\"@id\":\"https:\/\/www.santjosep.net\/ca\/turisme-actiu\/caiac\/ruta-desde-playa-den-bossa-a-sa-canal-ses-salines\/#breadcrumb\"},\"inLanguage\":\"ca\",\"potentialAction\":[{\"@type\":\"ReadAction\",\"target\":[\"https:\/\/www.santjosep.net\/ca\/turisme-actiu\/caiac\/ruta-desde-playa-den-bossa-a-sa-canal-ses-salines\/\"]}]},{\"@type\":\"ImageObject\",\"inLanguage\":\"ca\",\"@id\":\"https:\/\/www.santjosep.net\/ca\/turisme-actiu\/caiac\/ruta-desde-playa-den-bossa-a-sa-canal-ses-salines\/#primaryimage\",\"url\":\"https:\/\/www.santjosep.net\/wp-content\/uploads\/2013\/11\/torresesportes.jpg\",\"contentUrl\":\"https:\/\/www.santjosep.net\/wp-content\/uploads\/2013\/11\/torresesportes.jpg\",\"width\":800,\"height\":533},{\"@type\":\"BreadcrumbList\",\"@id\":\"https:\/\/www.santjosep.net\/ca\/turisme-actiu\/caiac\/ruta-desde-playa-den-bossa-a-sa-canal-ses-salines\/#breadcrumb\",\"itemListElement\":[{\"@type\":\"ListItem\",\"position\":1,\"name\":\"Turisme actiu\",\"item\":\"https:\/\/www.santjosep.net\/ca\/turisme-actiu\/\"},{\"@type\":\"ListItem\",\"position\":2,\"name\":\"Caiac\",\"item\":\"https:\/\/www.santjosep.net\/ca\/turisme-actiu\/caiac\/\"},{\"@type\":\"ListItem\",\"position\":3,\"name\":\"Ruta en Kayak desde Playa d&#8217;en Bossa a Sa Canal (Ses Salines &#8211; Ibiza)\"}]},{\"@type\":\"WebSite\",\"@id\":\"https:\/\/www.santjosep.net\/#website\",\"url\":\"https:\/\/www.santjosep.net\/\",\"name\":\"Santjosep.net\",\"description\":\"\",\"potentialAction\":[{\"@type\":\"SearchAction\",\"target\":{\"@type\":\"EntryPoint\",\"urlTemplate\":\"https:\/\/www.santjosep.net\/?s={search_term_string}\"},\"query-input\":{\"@type\":\"PropertyValueSpecification\",\"valueRequired\":true,\"valueName\":\"search_term_string\"}}],\"inLanguage\":\"ca\"}]}<\/script>\n<!-- \/ Yoast SEO plugin. -->","yoast_head_json":{"title":"Ruta en Kayak desde Playa d'en Bossa a Sa Canal (Ses Salines - Ibiza) - Santjosep.net","robots":{"index":"index","follow":"follow","max-snippet":"max-snippet:-1","max-image-preview":"max-image-preview:large","max-video-preview":"max-video-preview:-1"},"canonical":"https:\/\/www.santjosep.net\/ca\/turisme-actiu\/caiac\/ruta-desde-playa-den-bossa-a-sa-canal-ses-salines\/","og_locale":"ca_ES","og_type":"article","og_title":"Ruta en Kayak desde Playa d'en Bossa a Sa Canal (Ses Salines - Ibiza) - Santjosep.net","og_description":"DURACI\u00d3N: 2.30 Horas LONGITUD: 5,4 Millas DIFICULTAD: Baja PUNTO DE SALIDA: Playa d\u2019en Bossa PUNTO DE LLEGADA: Sa Canal C\u00d3MO LLEGAR: Llegamos al punto de salida desde Sant Josep, en direcci\u00f3n a Eivissa por la carretera (PM-803), desv\u00edo al Aeropuerto [&hellip;]","og_url":"https:\/\/www.santjosep.net\/ca\/turisme-actiu\/caiac\/ruta-desde-playa-den-bossa-a-sa-canal-ses-salines\/","og_site_name":"Santjosep.net","article_modified_time":"2020-01-27T13:00:49+00:00","og_image":[{"width":800,"height":533,"url":"https:\/\/www.santjosep.net\/wp-content\/uploads\/2013\/11\/torresesportes.jpg","type":"image\/jpeg"}],"twitter_card":"summary_large_image","twitter_misc":{"Temps estimat de lectura":"3 minuts"},"schema":{"@context":"https:\/\/schema.org","@graph":[{"@type":"WebPage","@id":"https:\/\/www.santjosep.net\/ca\/turisme-actiu\/caiac\/ruta-desde-playa-den-bossa-a-sa-canal-ses-salines\/","url":"https:\/\/www.santjosep.net\/ca\/turisme-actiu\/caiac\/ruta-desde-playa-den-bossa-a-sa-canal-ses-salines\/","name":"Ruta en Kayak desde Playa d'en Bossa a Sa Canal (Ses Salines - Ibiza) - Santjosep.net","isPartOf":{"@id":"https:\/\/www.santjosep.net\/#website"},"primaryImageOfPage":{"@id":"https:\/\/www.santjosep.net\/ca\/turisme-actiu\/caiac\/ruta-desde-playa-den-bossa-a-sa-canal-ses-salines\/#primaryimage"},"image":{"@id":"https:\/\/www.santjosep.net\/ca\/turisme-actiu\/caiac\/ruta-desde-playa-den-bossa-a-sa-canal-ses-salines\/#primaryimage"},"thumbnailUrl":"https:\/\/www.santjosep.net\/wp-content\/uploads\/2013\/11\/torresesportes.jpg","datePublished":"2016-02-22T16:34:57+00:00","dateModified":"2020-01-27T13:00:49+00:00","breadcrumb":{"@id":"https:\/\/www.santjosep.net\/ca\/turisme-actiu\/caiac\/ruta-desde-playa-den-bossa-a-sa-canal-ses-salines\/#breadcrumb"},"inLanguage":"ca","potentialAction":[{"@type":"ReadAction","target":["https:\/\/www.santjosep.net\/ca\/turisme-actiu\/caiac\/ruta-desde-playa-den-bossa-a-sa-canal-ses-salines\/"]}]},{"@type":"ImageObject","inLanguage":"ca","@id":"https:\/\/www.santjosep.net\/ca\/turisme-actiu\/caiac\/ruta-desde-playa-den-bossa-a-sa-canal-ses-salines\/#primaryimage","url":"https:\/\/www.santjosep.net\/wp-content\/uploads\/2013\/11\/torresesportes.jpg","contentUrl":"https:\/\/www.santjosep.net\/wp-content\/uploads\/2013\/11\/torresesportes.jpg","width":800,"height":533},{"@type":"BreadcrumbList","@id":"https:\/\/www.santjosep.net\/ca\/turisme-actiu\/caiac\/ruta-desde-playa-den-bossa-a-sa-canal-ses-salines\/#breadcrumb","itemListElement":[{"@type":"ListItem","position":1,"name":"Turisme actiu","item":"https:\/\/www.santjosep.net\/ca\/turisme-actiu\/"},{"@type":"ListItem","position":2,"name":"Caiac","item":"https:\/\/www.santjosep.net\/ca\/turisme-actiu\/caiac\/"},{"@type":"ListItem","position":3,"name":"Ruta en Kayak desde Playa d&#8217;en Bossa a Sa Canal (Ses Salines &#8211; Ibiza)"}]},{"@type":"WebSite","@id":"https:\/\/www.santjosep.net\/#website","url":"https:\/\/www.santjosep.net\/","name":"Santjosep.net","description":"","potentialAction":[{"@type":"SearchAction","target":{"@type":"EntryPoint","urlTemplate":"https:\/\/www.santjosep.net\/?s={search_term_string}"},"query-input":{"@type":"PropertyValueSpecification","valueRequired":true,"valueName":"search_term_string"}}],"inLanguage":"ca"}]}},"_links":{"self":[{"href":"https:\/\/www.santjosep.net\/ca\/wp-json\/wp\/v2\/pages\/20432","targetHints":{"allow":["GET"]}}],"collection":[{"href":"https:\/\/www.santjosep.net\/ca\/wp-json\/wp\/v2\/pages"}],"about":[{"href":"https:\/\/www.santjosep.net\/ca\/wp-json\/wp\/v2\/types\/page"}],"author":[{"embeddable":true,"href":"https:\/\/www.santjosep.net\/ca\/wp-json\/wp\/v2\/users\/1"}],"replies":[{"embeddable":true,"href":"https:\/\/www.santjosep.net\/ca\/wp-json\/wp\/v2\/comments?post=20432"}],"version-history":[{"count":0,"href":"https:\/\/www.santjosep.net\/ca\/wp-json\/wp\/v2\/pages\/20432\/revisions"}],"up":[{"embeddable":true,"href":"https:\/\/www.santjosep.net\/ca\/wp-json\/wp\/v2\/pages\/12396"}],"wp:featuredmedia":[{"embeddable":true,"href":"https:\/\/www.santjosep.net\/ca\/wp-json\/wp\/v2\/media\/12365"}],"wp:attachment":[{"href":"https:\/\/www.santjosep.net\/ca\/wp-json\/wp\/v2\/media?parent=20432"}],"wp:term":[{"taxonomy":"categoria_pagina","embeddable":true,"href":"https:\/\/www.santjosep.net\/ca\/wp-json\/wp\/v2\/categoria_pagina?post=20432"}],"curies":[{"name":"wp","href":"https:\/\/api.w.org\/{rel}","templated":true}]}}