{"id":12488,"date":"2013-12-19T10:20:33","date_gmt":"2013-12-19T10:20:33","guid":{"rendered":"https:\/\/www.santjosep.net\/aviso-legal\/"},"modified":"2018-07-16T07:19:21","modified_gmt":"2018-07-16T07:19:21","slug":"avis-legal","status":"publish","type":"page","link":"https:\/\/www.santjosep.net\/ca\/avis-legal\/","title":{"rendered":"Av\u00eds Legal"},"content":{"rendered":"<p>El acceso a los dominios <a href=\"http:\/\/www.santjosep.org\">http:\/\/www.santjosep.org<\/a>; <a href=\"https:\/\/www.santjosepdesatalaia.es\/\">https:\/\/www.santjosepdesatalaia.es\/<\/a>; <a href=\"https:\/\/www.santjosep.net\">https:\/\/www.santjosep.net<\/a> y <a href=\"http:\/\/www.santjosep.tv\">http:\/\/www.santjosep.tv<\/a> (en adelante, la o las Webs) atribuye la condici\u00f3n de USUARIO e implica la aceptaci\u00f3n plena y sin reserva, desde dicho acceso y\/o uso, de la presente nota legal y de nuestra pol\u00edtica de privacidad, en su \u00faltima versi\u00f3n. Por ello, aconsejamos que proceda a la lectura de estos documentos, antes de utilizar las funcionalidades ofrecidas por este sitio Web, as\u00ed como cada vez que acceda a \u00e9l, ya que nos reservamos el derecho de cambiar, modificar, a\u00f1adir o eliminar en cualquier momento parte de estas condiciones.<\/p>\n<p>&nbsp;<\/p>\n<p><b>I. TITULAR DE LA WEB<\/b><\/p>\n<p>A los efectos de lo previsto por el Art. 10 de la Ley 34\/ 2002, de 11 de julio, de Servicios de la Sociedad de la Informaci\u00f3n y de Comercio Electr\u00f3nico, se proporciona la siguiente informaci\u00f3n sobre la titular de esta Web:<\/p>\n<p>&#8211;\u00a0\u00a0\u00a0\u00a0\u00a0\u00a0\u00a0 <b>Titular de la Web<\/b>: AJUNTAMENT DE SAN JOSEP DE SA TALAIA<\/p>\n<p>&#8211;\u00a0\u00a0\u00a0\u00a0\u00a0\u00a0\u00a0 <b>Domicilio<\/b>: C\/ Pere Escanellas n\u00ba 33 de Sant Josep de sa Talaia, Illes Balears, Espa\u00f1a<\/p>\n<p>&#8211;\u00a0\u00a0\u00a0\u00a0\u00a0\u00a0\u00a0 <b>C.I.F. <\/b>P0704800P<b><\/b><\/p>\n<p>Adem\u00e1s del domicilio del ayuntamiento, se pone a disposici\u00f3n de los usuarios los siguientes canales para dirigir sus peticiones, cuestiones o reclamaciones:<\/p>\n<p>&#8211;\u00a0\u00a0\u00a0\u00a0\u00a0\u00a0\u00a0 Formularios de contacto de las webs<\/p>\n<p>&#8211;\u00a0\u00a0\u00a0\u00a0\u00a0\u00a0\u00a0 Correo electr\u00f3nico: coordinacio(a)santjosepdesatalaia.es<\/p>\n<p>&#8211;\u00a0\u00a0\u00a0\u00a0\u00a0\u00a0\u00a0 Tel. + 34 971 800 411, de 9.00h a 19.00h<\/p>\n<p><b>\u00a0<\/b><\/p>\n<p><b>II. CONDICIONES DE USO<\/b><\/p>\n<p><b>1. Introducci\u00f3n. <\/b>En sus Webs, el AJUNTAMENT DE SAN JOSEP DE SA TALAIA ofrece informaci\u00f3n institucional y tur\u00edstica, pudiendo asimismo llevarse a cabo determinados tr\u00e1mites on-line. Accediendo y utilizando esta p\u00e1gina Web, usted acuerda obligarse a las condiciones que a continuaci\u00f3n se exponen, por lo que se le recomienda que lea cuidadosamente esta secci\u00f3n antes de iniciar su navegaci\u00f3n.<\/p>\n<p><b>2. Obligaciones de los Usuarios. <\/b>Los Usuarios se comprometen a utilizar las Webs del AJUNTAMENT DE SAN JOSEP DE SA TALAIA de forma l\u00edcita, de acuerdo con lo dispuesto en las presentes condiciones y de forma que no produzcan un perjuicio en los derechos o intereses del AJUNTAMENT DE SAN JOSEP DE SA TALAIA<b> <\/b>o de terceros. A t\u00edtulo enunciativo y en ning\u00fan caso limitativo o excluyente, el Usuario se compromete a:<\/p>\n<p>&#8211;\u00a0\u00a0\u00a0\u00a0\u00a0\u00a0\u00a0 No incurrir en actividades ilegales o contrarias al orden p\u00fablico o a la buena fe;<\/p>\n<p>&#8211;\u00a0\u00a0\u00a0\u00a0\u00a0\u00a0\u00a0 No intentar acceder, modificar, manipular y, en su caso, utilizar las cuentas de otros Usuarios;<\/p>\n<p>&#8211;\u00a0\u00a0\u00a0\u00a0\u00a0\u00a0\u00a0 No utilizar los datos publicados en la Web para el env\u00edo de comunicaciones no solicitadas (spam).<\/p>\n<p>&#8211;\u00a0\u00a0\u00a0\u00a0\u00a0\u00a0\u00a0 No introducir o difundir en la Web informaci\u00f3n o contenidos falsos, enga\u00f1osos, ambiguos o inexactos de forma que induzcan a error a los receptores de la informaci\u00f3n, ni tampoco difundir contenidos de car\u00e1cter racista, xen\u00f3fobo, pornogr\u00e1fico, de apolog\u00eda del terrorismo o atentatorio contra los derechos humanos o de los menores;<\/p>\n<p>&#8211;\u00a0\u00a0\u00a0\u00a0\u00a0\u00a0\u00a0 No realizar acciones que supongan o conlleven una violaci\u00f3n de los derechos de propiedad intelectual del AJUNTAMENT DE SAN JOSEP DE SA TALAIA<b> <\/b>o de terceros;<\/p>\n<p>&#8211;\u00a0\u00a0\u00a0\u00a0\u00a0\u00a0\u00a0 No provocar da\u00f1os en los sistemas f\u00edsicos y l\u00f3gicos del AJUNTAMENT DE SAN JOSEP DE SA TALAIA<b>, <\/b>de sus proveedores o de terceras personas;<\/p>\n<p>&#8211;\u00a0\u00a0\u00a0\u00a0\u00a0\u00a0\u00a0 No introducir o difundir en la red virus inform\u00e1ticos o utilizar cualesquiera otros sistemas f\u00edsicos o l\u00f3gicos que sean susceptibles de provocar los da\u00f1os anteriormente mencionados.<\/p>\n<p>&#8211;\u00a0\u00a0\u00a0\u00a0\u00a0\u00a0\u00a0 No suprimir, alterar, eludir o manipular cualquier dispositivo de protecci\u00f3n o sistema de seguridad que estuviera instalado en las p\u00e1ginas de las Webs del AJUNTAMENT DE SAN JOSEP DE SA TALAIA.<\/p>\n<p><b>3. Exclusi\u00f3n de responsabilidad. <\/b><b>Esta Web se proporciona \u201ctal como est\u00e1\u201d y su uso se realiza bajo el propio riesgo del Usuario, por lo que el AJUNTAMENT DE SAN JOSEP DE SA TALAIA no ser\u00e1 responsable por los da\u00f1os, de cualquier naturaleza, directos o no, que deriven del uso de la Web, excluyendo expresamente el AJUNTAMENT DE SAN JOSEP DE SA TALAIA , en toda la medida prevista por la Ley, cualquier tipo de garant\u00edas, ya sean expresas o impl\u00edcitas.<\/b><b><\/b><\/p>\n<p>El AJUNTAMENT DE SAN JOSEP DE SA TALAIA<b> <\/b>no garantiza la disponibilidad y accesibilidad de la Web, si bien realizar\u00e1 todos los esfuerzos que sean razonables en este sentido. En ocasiones, podr\u00e1n producirse interrupciones por el tiempo que resulte necesario para la realizaci\u00f3n de las correspondientes operaciones de mantenimiento.<\/p>\n<p>El AJUNTAMENT DE SAN JOSEP DE SA TALAIA<b> <\/b>no se responsabiliza de posibles da\u00f1os derivados de interferencias, interrupciones, virus inform\u00e1ticos, aver\u00edas telef\u00f3nicas o desconexiones telef\u00f3nicas motivadas por causas ajenas a la citada entidad; de retrasos o bloqueos en el uso del presente sistema electr\u00f3nico causados por deficiencias o sobrecargas en el centro procesador de datos, de l\u00edneas telef\u00f3nicas, en el sistema de Internet o en otros sistemas el\u00e9ctricos; ni tampoco de cualquier otra alteraci\u00f3n que se pueda producir en el Software o Hardware de los Usuarios. Tampoco garantiza la ausencia de virus, malwares, troyanos u otros elementos que puedan producir alteraciones en el sistema inform\u00e1tico, documentos o ficheros del Usuario, excluyendo cualquier responsabilidad por los da\u00f1os de cualquier clase causados al Usuario por este motivo. De igual manera, el<b> <\/b>AJUNTAMENT DE SAN JOSEP DE SA TALAIA<b> <\/b>\u00a0no responder\u00e1 por los da\u00f1os causados por terceras personas mediante intromisiones ileg\u00edtimas fuera de su control.<\/p>\n<p>Tampoco responder\u00e1 de los da\u00f1os y perjuicios causados por el uso o mala utilizaci\u00f3n de los contenidos de la Web, ni por las consecuencias que pudieran derivarse de los errores, defectos u omisiones en los contenidos que pudieran aparecer en esta p\u00e1gina proporcionados por los propios Usuarios u otros terceros. El AJUNTAMENT DE SAN JOSEP DE SA TALAIA<b> <\/b>no asume obligaci\u00f3n ni responsabilidad alguna respecto de aquellos servicios que no preste directamente.<\/p>\n<p><b>4. Enlaces externos. <\/b>En ning\u00fan caso el AJUNTAMENT DE SAN JOSEP DE SA TALAIA<b> <\/b>asumir\u00e1 responsabilidad alguna por los contenidos de los enlaces pertenecientes a un sitio web ajeno, ni garantizar\u00e1 la disponibilidad t\u00e9cnica, calidad, fiabilidad, exactitud, amplitud, veracidad, validez y legalidad de cualquier material o informaci\u00f3n contenida en ninguno de dichos hiperv\u00ednculos u otros sitios de Internet. Igualmente la inclusi\u00f3n de estas conexiones externas no implicar\u00e1 ning\u00fan tipo de asociaci\u00f3n, fusi\u00f3n o participaci\u00f3n con las entidades conectadas. <b><\/b><\/p>\n<p><b>5. Contrase\u00f1as. <\/b>\u00a0Las contrase\u00f1as para acceder a las cuentas de Usuarios registrados en webs o en los sistemas del AJUNTAMENT DE SAN JOSEP DE SA TALAIA<b> <\/b>son personales, confidenciales e intransferibles. Los Usuarios registrados son los \u00fanicos responsables de mantener la confidencialidad y seguridad de su cuenta, asumiendo estos de forma exclusiva las consecuencias de cualquier \u00edndole respecto a las actividades que se realicen mediante la misma. Los Usuarios se comprometen a notificar inmediatamente al AJUNTAMENT DE SAN JOSEP DE SA TALAIA<b> <\/b>cualquier vulneraci\u00f3n de la seguridad de su cuenta.<b><\/b><\/p>\n<p><b>6. Denegaci\u00f3n de acceso y cancelaci\u00f3n de las cuentas. <\/b>El AJUNTAMENT DE SAN JOSEP DE SA TALAIA<b> <\/b>se reserva el derecho de denegar el acceso a sus Webs, as\u00ed como a suspender o cancelar las cuentas a aquellos Usuarios que incumplan las presentes condiciones; en caso de problemas t\u00e9cnicos o de seguridad imprevistos; de inactividad de la cuenta durante un tiempo significativo; o en cumplimiento de un requerimiento y\/o de una orden policial, judicial o administrativa. Dicha cancelaci\u00f3n o suspensi\u00f3n se realizar\u00e1 a exclusiva discreci\u00f3n del AJUNTAMENT DE SAN JOSEP DE SA TALAIA<b> <\/b>y no dar\u00e1 lugar a ning\u00fan tipo de indemnizaci\u00f3n.<b><\/b><\/p>\n<p><b>7. Blog, foros y publicaci\u00f3n de comentarios.<\/b> La utilizaci\u00f3n de las funcionalidades participativas que se hagan disponibles en las Webs del AJUNTAMENT DE SAN JOSEP DE SA TALAIA<b> <\/b>se realizar\u00e1 bajo la propia responsabilidad de los Usuarios. Atendiendo a lo previsto por el Art. 16.1 de la Ley 34\/2002, de 11 de julio, de servicios de la sociedad de la informaci\u00f3n y de comercio electr\u00f3nico, el AJUNTAMENT DE SAN JOSEP DE SA TALAIA<b> <\/b>no se hace responsable por la informaci\u00f3n almacenada a petici\u00f3n de los usuarios y en particular respecto a las opiniones expresadas, ni tampoco de la exactitud, calidad, fiabilidad y correcci\u00f3n de la informaci\u00f3n que los usuarios incorporen. El AJUNTAMENT DE SAN JOSEP DE SA TALAIA<b> <\/b>se reserva el derecho a retirar o no publicar todos aquellos comentarios y aportaciones que incumplan con las presentes condiciones de uso y especialmente los que vulneren el respeto a la dignidad de la persona, que sean discriminatorios, xen\u00f3fobos, racistas, pornogr\u00e1ficos, que atenten contra la juventud o la infancia, el orden o la seguridad p\u00fablica o que, a su juicio, no resulten adecuados.<\/p>\n<p><b>8. Tratamiento de datos personales. <\/b>Los Usuarios consienten el tratamiento de sus datos personales con el alcance y en los t\u00e9rminos que se indican en nuestra pol\u00edtica de privacidad, la cual est\u00e1 disponible en la home page de la Web, quedando asimismo dicha pol\u00edtica incorporada a las presentes condiciones por referencia. En dicha pol\u00edtica, los Usuarios encontrar\u00e1n informaci\u00f3n sobre la manera de ejercitar sus derechos de acceso, cancelaci\u00f3n y rectificaci\u00f3n de su informaci\u00f3n personal, as\u00ed como el de oposici\u00f3n a su tratamiento.<b><\/b><\/p>\n<p><b>9. Propiedad intelectual y derechos de autor. <\/b>Sin perjuicio de los contenidos en su caso proporcionados por los propios Usuarios o sobre los cuales terceros ostentasen derechos intelectuales, los derechos de propiedad intelectual de la Web, el nombre de dominio, su c\u00f3digo fuente, dise\u00f1o y estructura de navegaci\u00f3n y elementos en ella contenidos (a t\u00edtulo enunciativo, im\u00e1genes, sonido, audio, v\u00eddeo, software, o textos; marcas o logotipos, combinaciones de colores, estructura y dise\u00f1o, etc.) son titularidad del AJUNTAMENT DE SAN JOSEP DE SA TALAIA, a quien corresponde el ejercicio exclusivo de los derechos de explotaci\u00f3n de los mismos en cualquier forma, y, en especial los derechos de reproducci\u00f3n, distribuci\u00f3n, comunicaci\u00f3n p\u00fablica y transformaci\u00f3n, conforme a lo previsto por la vigente Ley de Propiedad Intelectual. Quedan expresamente prohibidas la reproducci\u00f3n, distribuci\u00f3n y la comunicaci\u00f3n p\u00fablica, incluida su modalidad de puesta a disposici\u00f3n, de la totalidad o parte de los contenidos de esta Web en cualquier soporte y por cualquier medio t\u00e9cnico, sin la autorizaci\u00f3n del AJUNTAMENT DE SAN JOSEP DE SA TALAIA<b> <\/b>o, en su caso, de los terceros que ostenten los derechos de propiedad intelectual o de autor sobre los contenidos afectados. No obstante lo anterior, el usuario de la Web podr\u00e1 visualizar los elementos de esta Web e incluso imprimirlos, copiarlos y almacenarlos en el disco duro de su ordenador o en cualquier otro soporte f\u00edsico siempre y cuando sea, \u00fanica y exclusivamente, para su uso personal y privado. Aquellas entidades o personas que, previa autorizaci\u00f3n del titular de esta Web, pretendan establecer un enlace con ella, deber\u00e1n garantizar que \u00fanicamente permite el acceso a esta p\u00e1gina o servicio pero que no realiza reproducci\u00f3n de sus contenidos y servicios.<\/p>\n<p><b>10. Nulidad de las cl\u00e1usulas. <\/b>En caso de que una cl\u00e1usula de las presentes condiciones de uso fuese declarada nula, s\u00f3lo afectar\u00e1 a dicha disposici\u00f3n o a aquella parte que as\u00ed haya sido declarada, subsistiendo las condiciones en todo lo dem\u00e1s y teni\u00e9ndose tal disposici\u00f3n, o la parte afectada, por no puesta.<\/p>\n<p><b>11. Ley aplicable. <\/b>La ley aplicable en caso de disputa o conflicto de interpretaci\u00f3n de los t\u00e9rminos que conforman este aviso legal, as\u00ed como cualquier cuesti\u00f3n relacionada con los servicios de la presente Web, ser\u00e1 la ley espa\u00f1ola.<\/p>\n<p><b>12. Aceptaci\u00f3n. <\/b>El acceso a la Web y su utilizaci\u00f3n implican necesariamente que todas y cada una de las presentes condiciones de uso son expresamente aceptadas por usted.<\/p>\n<p>Versi\u00f3n 1.0 \u2013 diciembre del 2014<\/p>\n","protected":false},"excerpt":{"rendered":"<p>El acceso a los dominios http:\/\/www.santjosep.org; https:\/\/www.santjosepdesatalaia.es\/; https:\/\/www.santjosep.net y http:\/\/www.santjosep.tv (en adelante, la o las Webs) atribuye la condici\u00f3n de USUARIO e implica la aceptaci\u00f3n plena y sin reserva, desde dicho acceso y\/o uso, de la presente nota legal y [&hellip;]<\/p>\n","protected":false},"author":1,"featured_media":0,"parent":0,"menu_order":0,"comment_status":"open","ping_status":"open","template":"page-sidebar.php","meta":{"_acf_changed":false,"inline_featured_image":false,"footnotes":""},"categoria_pagina":[],"class_list":["post-12488","page","type-page","status-publish","hentry"],"acf":[],"yoast_head":"<!-- This site is optimized with the Yoast SEO plugin v25.7 - https:\/\/yoast.com\/wordpress\/plugins\/seo\/ -->\n<title>Av\u00eds Legal - Santjosep.net<\/title>\n<meta name=\"robots\" content=\"index, follow, max-snippet:-1, max-image-preview:large, max-video-preview:-1\" \/>\n<link rel=\"canonical\" href=\"https:\/\/www.santjosep.net\/ca\/avis-legal\/\" \/>\n<meta property=\"og:locale\" content=\"ca_ES\" \/>\n<meta property=\"og:type\" content=\"article\" \/>\n<meta property=\"og:title\" content=\"Av\u00eds Legal - Santjosep.net\" \/>\n<meta property=\"og:description\" content=\"El acceso a los dominios http:\/\/www.santjosep.org; https:\/\/www.santjosepdesatalaia.es\/; https:\/\/www.santjosep.net y http:\/\/www.santjosep.tv (en adelante, la o las Webs) atribuye la condici\u00f3n de USUARIO e implica la aceptaci\u00f3n plena y sin reserva, desde dicho acceso y\/o uso, de la presente nota legal y [&hellip;]\" \/>\n<meta property=\"og:url\" content=\"https:\/\/www.santjosep.net\/ca\/avis-legal\/\" \/>\n<meta property=\"og:site_name\" content=\"Santjosep.net\" \/>\n<meta property=\"article:modified_time\" content=\"2018-07-16T07:19:21+00:00\" \/>\n<meta name=\"twitter:card\" content=\"summary_large_image\" \/>\n<meta name=\"twitter:label1\" content=\"Temps estimat de lectura\" \/>\n\t<meta name=\"twitter:data1\" content=\"10 minuts\" \/>\n<script type=\"application\/ld+json\" class=\"yoast-schema-graph\">{\"@context\":\"https:\/\/schema.org\",\"@graph\":[{\"@type\":\"WebPage\",\"@id\":\"https:\/\/www.santjosep.net\/ca\/avis-legal\/\",\"url\":\"https:\/\/www.santjosep.net\/ca\/avis-legal\/\",\"name\":\"Av\u00eds Legal - Santjosep.net\",\"isPartOf\":{\"@id\":\"https:\/\/www.santjosep.net\/#website\"},\"datePublished\":\"2013-12-19T10:20:33+00:00\",\"dateModified\":\"2018-07-16T07:19:21+00:00\",\"inLanguage\":\"ca\",\"potentialAction\":[{\"@type\":\"ReadAction\",\"target\":[\"https:\/\/www.santjosep.net\/ca\/avis-legal\/\"]}]},{\"@type\":\"WebSite\",\"@id\":\"https:\/\/www.santjosep.net\/#website\",\"url\":\"https:\/\/www.santjosep.net\/\",\"name\":\"Santjosep.net\",\"description\":\"\",\"potentialAction\":[{\"@type\":\"SearchAction\",\"target\":{\"@type\":\"EntryPoint\",\"urlTemplate\":\"https:\/\/www.santjosep.net\/?s={search_term_string}\"},\"query-input\":{\"@type\":\"PropertyValueSpecification\",\"valueRequired\":true,\"valueName\":\"search_term_string\"}}],\"inLanguage\":\"ca\"}]}<\/script>\n<!-- \/ Yoast SEO plugin. -->","yoast_head_json":{"title":"Av\u00eds Legal - Santjosep.net","robots":{"index":"index","follow":"follow","max-snippet":"max-snippet:-1","max-image-preview":"max-image-preview:large","max-video-preview":"max-video-preview:-1"},"canonical":"https:\/\/www.santjosep.net\/ca\/avis-legal\/","og_locale":"ca_ES","og_type":"article","og_title":"Av\u00eds Legal - Santjosep.net","og_description":"El acceso a los dominios http:\/\/www.santjosep.org; https:\/\/www.santjosepdesatalaia.es\/; https:\/\/www.santjosep.net y http:\/\/www.santjosep.tv (en adelante, la o las Webs) atribuye la condici\u00f3n de USUARIO e implica la aceptaci\u00f3n plena y sin reserva, desde dicho acceso y\/o uso, de la presente nota legal y [&hellip;]","og_url":"https:\/\/www.santjosep.net\/ca\/avis-legal\/","og_site_name":"Santjosep.net","article_modified_time":"2018-07-16T07:19:21+00:00","twitter_card":"summary_large_image","twitter_misc":{"Temps estimat de lectura":"10 minuts"},"schema":{"@context":"https:\/\/schema.org","@graph":[{"@type":"WebPage","@id":"https:\/\/www.santjosep.net\/ca\/avis-legal\/","url":"https:\/\/www.santjosep.net\/ca\/avis-legal\/","name":"Av\u00eds Legal - Santjosep.net","isPartOf":{"@id":"https:\/\/www.santjosep.net\/#website"},"datePublished":"2013-12-19T10:20:33+00:00","dateModified":"2018-07-16T07:19:21+00:00","inLanguage":"ca","potentialAction":[{"@type":"ReadAction","target":["https:\/\/www.santjosep.net\/ca\/avis-legal\/"]}]},{"@type":"WebSite","@id":"https:\/\/www.santjosep.net\/#website","url":"https:\/\/www.santjosep.net\/","name":"Santjosep.net","description":"","potentialAction":[{"@type":"SearchAction","target":{"@type":"EntryPoint","urlTemplate":"https:\/\/www.santjosep.net\/?s={search_term_string}"},"query-input":{"@type":"PropertyValueSpecification","valueRequired":true,"valueName":"search_term_string"}}],"inLanguage":"ca"}]}},"_links":{"self":[{"href":"https:\/\/www.santjosep.net\/ca\/wp-json\/wp\/v2\/pages\/12488","targetHints":{"allow":["GET"]}}],"collection":[{"href":"https:\/\/www.santjosep.net\/ca\/wp-json\/wp\/v2\/pages"}],"about":[{"href":"https:\/\/www.santjosep.net\/ca\/wp-json\/wp\/v2\/types\/page"}],"author":[{"embeddable":true,"href":"https:\/\/www.santjosep.net\/ca\/wp-json\/wp\/v2\/users\/1"}],"replies":[{"embeddable":true,"href":"https:\/\/www.santjosep.net\/ca\/wp-json\/wp\/v2\/comments?post=12488"}],"version-history":[{"count":0,"href":"https:\/\/www.santjosep.net\/ca\/wp-json\/wp\/v2\/pages\/12488\/revisions"}],"wp:attachment":[{"href":"https:\/\/www.santjosep.net\/ca\/wp-json\/wp\/v2\/media?parent=12488"}],"wp:term":[{"taxonomy":"categoria_pagina","embeddable":true,"href":"https:\/\/www.santjosep.net\/ca\/wp-json\/wp\/v2\/categoria_pagina?post=12488"}],"curies":[{"name":"wp","href":"https:\/\/api.w.org\/{rel}","templated":true}]}}