{"id":12440,"date":"2014-02-12T12:50:27","date_gmt":"2014-02-12T12:50:27","guid":{"rendered":"https:\/\/www.santjosep.net\/informacion-practica\/"},"modified":"2025-12-01T16:02:00","modified_gmt":"2025-12-01T15:02:00","slug":"informacio-practica","status":"publish","type":"page","link":"https:\/\/www.santjosep.net\/ca\/informacio-practica\/","title":{"rendered":"Informaci\u00f3 pr\u00e0ctica"},"content":{"rendered":"<div class=\"wpb-content-wrapper\"><p>[vc_row enable_hue_rotation=&#8221;no&#8221; enable_text_marquee=&#8221;no&#8221; el_class=&#8221;filainfo&#8221;][vc_column width=&#8221;1\/3&#8243; css=&#8221;.vc_custom_1579710931106{border-radius: 1px !important;}&#8221;]<div class=\"edgtf-iwt clearfix  edgtf-iwt-icon-left edgtf-iwt-icon-small\">\n\t<div class=\"edgtf-iwt-icon\">\n\t\t\t\t\t\t\t\t\t    <span class=\"edgtf-icon-shortcode edgtf-circle   edgtf-icon-small\" style=\"background-color: #1ca8e2\" data-color=\"#ffffff\">\n                    <i class=\"edgtf-icon-font-awesome fa fa-plane edgtf-icon-element\" style=\"color: #ffffff\" ><\/i>            <\/span>\n\t\t\t\t\t\t<\/div>\n\t<div class=\"edgtf-iwt-content\" >\n\t\t\t\t\t<h4 class=\"edgtf-iwt-title\" >\n\t\t\t\t\t\t\t\t<span class=\"edgtf-iwt-title-text\">Com arribar-hi?<\/span>\n\t\t\t\t\t\t\t<\/h4>\n\t\t\t\t\t<\/div>\n<\/div>[vc_column_text]\u00b7 <a href=\"https:\/\/www.aena.es\/ca\/eivissa.html\" target=\"_blank\" rel=\"noopener noreferrer\">Aeroport d&#8217;Eivissa<\/a><br \/>\n\u00b7 <a href=\"https:\/\/www.aena.es\/ca\/eivissa\/aerolinies-i-destinacions\/aerolinies.html\" target=\"_blank\" rel=\"noopener noreferrer\">Companyies a\u00e8ries<\/a><br \/>\n\u00b7 <a href=\"https:\/\/www.balearia.com\" target=\"_blank\" rel=\"noopener noreferrer\">Balearia<\/a> (Ferry)<br \/>\n\u00b7 <a href=\"http:\/\/www.trasmediterranea.es\/\" target=\"_blank\" rel=\"noopener noreferrer\">Trasmediterr\u00e1nea<\/a> (Ferry)[\/vc_column_text][\/vc_column][vc_column width=&#8221;1\/3&#8243;]<div class=\"edgtf-iwt clearfix  edgtf-iwt-icon-left edgtf-iwt-icon-small\">\n\t<div class=\"edgtf-iwt-icon\">\n\t\t\t\t\t\t\t\t\t    <span class=\"edgtf-icon-shortcode edgtf-circle   edgtf-icon-small\" style=\"background-color: #1ca8e2\" data-color=\"#ffffff\">\n                    <i class=\"edgtf-icon-font-awesome fa fa-pencil edgtf-icon-element\" style=\"color: #ffffff\" ><\/i>            <\/span>\n\t\t\t\t\t\t<\/div>\n\t<div class=\"edgtf-iwt-content\" >\n\t\t\t\t\t<h4 class=\"edgtf-iwt-title\" >\n\t\t\t\t\t\t\t\t<span class=\"edgtf-iwt-title-text\">Consells de viatge<\/span>\n\t\t\t\t\t\t\t<\/h4>\n\t\t\t\t\t<\/div>\n<\/div>[vc_column_text]\u00b7 <a href=\"http:\/\/www.spain.info\/es\/informacion-practica\/consejos-viaje\/consejos-practicos\/requisitos\/\" target=\"_blank\" rel=\"noopener noreferrer\">Qu\u00e8 necessito per entrar a Espanya?<\/a><br \/>\n\u00b7 <a href=\"http:\/\/www.spain.info\/es\/informacion-practica\/consejos-viaje\/consejos-practicos\/salud-seguridad\/\" target=\"_blank\" rel=\"noopener noreferrer\">Salut i seguretat<\/a><br \/>\n\u00b7 <a href=\"http:\/\/www.spain.info\/es\/informacion-practica\/consejos-viaje\/consejos-practicos\/comunicaciones\/\" target=\"_blank\" rel=\"noopener noreferrer\">Comunicacions<br \/>\n<\/a>\u00b7 <a href=\"http:\/\/www.santjosep.org\/tu-municipio\/sanidad\/farmacias\" target=\"_blank\" rel=\"noopener noreferrer\">Farm\u00e0cies[\/vc_column_text][\/vc_column][vc_column width=&#8221;1\/3&#8243;]<div class=\"edgtf-iwt clearfix  edgtf-iwt-icon-left edgtf-iwt-icon-small\">\n\t<div class=\"edgtf-iwt-icon\">\n\t\t\t\t\t\t\t\t\t    <span class=\"edgtf-icon-shortcode edgtf-circle   edgtf-icon-small\" style=\"background-color: #1ca8e2\" data-color=\"#ffffff\">\n                    <i class=\"edgtf-icon-font-awesome fa fa-map-marker edgtf-icon-element\" style=\"color: #ffffff\" ><\/i>            <\/span>\n\t\t\t\t\t\t<\/div>\n\t<div class=\"edgtf-iwt-content\" >\n\t\t\t\t\t<h4 class=\"edgtf-iwt-title\" >\n\t\t\t\t\t\t\t\t<span class=\"edgtf-iwt-title-text\">Mapes<\/span>\n\t\t\t\t\t\t\t<\/h4>\n\t\t\t\t\t<\/div>\n<\/div>[vc_column_text]\u00b7 <\/a><a href=\"https:\/\/www.santjosep.net\/wp-content\/uploads\/pdf\/Mapa-de-playas1.pdf\" target=\"_blank\" rel=\"noopener noreferrer\">Platges d&#8217;Eivissa<\/a><a href=\"http:\/\/www.santjosep.org\/tu-municipio\/sanidad\/farmacias\" target=\"_blank\" rel=\"noopener noreferrer\"><br \/>\n\u00b7 <\/a><a href=\"https:\/\/www.santjosep.net\/wp-content\/uploads\/pdf\/Mapa-Bahia-de-Portmany.pdf\" target=\"_blank\" rel=\"noopener noreferrer\">Badia de Sant Antoni<\/a><a href=\"http:\/\/www.santjosep.org\/tu-municipio\/sanidad\/farmacias\" target=\"_blank\" rel=\"noopener noreferrer\"><br \/>\n\u00b7 <\/a><a href=\"https:\/\/www.santjosep.net\/wp-content\/uploads\/pdf\/Mapa-Platja-den-Bossa.pdf\" target=\"_blank\" rel=\"noopener noreferrer\">Platja d&#8217;en Bossa<\/a><a href=\"http:\/\/www.santjosep.org\/tu-municipio\/sanidad\/farmacias\" target=\"_blank\" rel=\"noopener noreferrer\">[\/vc_column_text][\/vc_column][\/vc_row][vc_row enable_hue_rotation=&#8221;no&#8221; enable_text_marquee=&#8221;no&#8221; el_class=&#8221;filainfo&#8221;][vc_column width=&#8221;1\/3&#8243; css=&#8221;.vc_custom_1579710931106{border-radius: 1px !important;}&#8221;]<div class=\"edgtf-iwt clearfix  edgtf-iwt-icon-left edgtf-iwt-icon-small\">\n\t<div class=\"edgtf-iwt-icon\">\n\t\t\t\t\t\t\t\t\t    <span class=\"edgtf-icon-shortcode edgtf-circle   edgtf-icon-small\" style=\"background-color: #1ca8e2\" data-color=\"#ffffff\">\n                    <i class=\"edgtf-icon-font-awesome fa fa-info edgtf-icon-element\" style=\"color: #ffffff\" ><\/i>            <\/span>\n\t\t\t\t\t\t<\/div>\n\t<div class=\"edgtf-iwt-content\" >\n\t\t\t\t\t<h4 class=\"edgtf-iwt-title\" >\n\t\t\t\t\t\t\t\t<span class=\"edgtf-iwt-title-text\">Informaci\u00f3 tur\u00edstica<\/span>\n\t\t\t\t\t\t\t<\/h4>\n\t\t\t\t\t<\/div>\n<\/div>[vc_column_text css=&#8221;&#8221;]turisme@santjosep.org<\/a><\/p>\n<p><strong>Oficina de Sant Josep<\/strong><br \/>\nC\/ Pere Escanelles (Front l&#8217;Ajuntament) &#8211; Sant Josep de sa Talaia<br \/>\nHorari: Dilluns a Dissabtes de 10 h a 15 h.<br \/>\nTel\u00e8fon: (+34) 971 801 627<br \/>\nDiumenges tancat<\/p>\n<p><strong>Oficina de Cala de Bou<\/strong><br \/>\nC\/ Es Cal\u00f3, 7 &#8211; Sant Josep de sa Talaia<br \/>\nD\u2019abril a octubre<br \/>\nHorari: Dilluns a divendres de 10 a 14h i de 15 a 18h, dissabtes de 10 a 15h.<br \/>\nDiumenges tancat<\/p>\n<p><strong>Oficina de Platja d&#8217;en Bossa<\/strong><br \/>\nCtra. Playa d\u2019en Bossa s\/n<br \/>\n<strong data-start=\"11\" data-end=\"32\">D\u2019abril a octubre<\/strong><br \/>\nHorari: Dilluns a divendres de 10 a 19h, dissabtes i diumenges de 10 a 14h i de 15 a 20h[\/vc_column_text][\/vc_column][vc_column width=&#8221;1\/3&#8243;]<div class=\"edgtf-iwt clearfix  edgtf-iwt-icon-left edgtf-iwt-icon-small\">\n\t<div class=\"edgtf-iwt-icon\">\n\t\t\t\t\t\t\t\t\t    <span class=\"edgtf-icon-shortcode edgtf-circle   edgtf-icon-small\" style=\"background-color: #1ca8e2\" data-color=\"#ffffff\">\n                    <i class=\"edgtf-icon-font-awesome fa fa-road edgtf-icon-element\" style=\"color: #ffffff\" ><\/i>            <\/span>\n\t\t\t\t\t\t<\/div>\n\t<div class=\"edgtf-iwt-content\" >\n\t\t\t\t\t<h4 class=\"edgtf-iwt-title\" >\n\t\t\t\t\t\t\t\t<span class=\"edgtf-iwt-title-text\">Moure per l&#039;illa<\/span>\n\t\t\t\t\t\t\t<\/h4>\n\t\t\t\t\t<\/div>\n<\/div>[vc_column_text]. <a href=\"http:\/\/ibizabus.com\/ibiza\/\" target=\"_blank\" rel=\"noopener noreferrer\">Bus<\/a> (L\u00ednies regulars)<br \/>\n\u00b7 <a href=\"https:\/\/ibiza.travel\/directorio\/radio-taxi-eivissa\/\" target=\"_blank\" rel=\"noopener noreferrer\">Taxi<\/a> (Servei p\u00fablic)<br \/>\n\u00b7 <a href=\"https:\/\/ibiza.travel\/ca\/organitza-el-teu-viatge\/moures-per-lilla\/\" target=\"_blank\" rel=\"noopener noreferrer\">Lloguer de cotxes<br \/>\n<\/a>\u00b7 <a href=\"https:\/\/ibiza.travel\/ca\/organitza-el-teu-viatge\/moures-per-lilla\/\" target=\"_blank\" rel=\"noopener noreferrer\">Trasllats privats<\/a><br \/>\n\u00b7 <a href=\"https:\/\/ibiza.travel\/ca\/organitza-el-teu-viatge\/moures-per-lilla\/\" target=\"_blank\" rel=\"noopener noreferrer\">Transport entre illes<\/a>[\/vc_column_text][\/vc_column][vc_column width=&#8221;1\/3&#8243;]<div class=\"edgtf-iwt clearfix  edgtf-iwt-icon-left edgtf-iwt-icon-small\">\n\t<div class=\"edgtf-iwt-icon\">\n\t\t\t\t\t\t\t\t\t    <span class=\"edgtf-icon-shortcode edgtf-circle   edgtf-icon-small\" style=\"background-color: #1ca8e2\" data-color=\"#ffffff\">\n                    <i class=\"edgtf-icon-font-awesome fa fa-external-link edgtf-icon-element\" style=\"color: #ffffff\" ><\/i>            <\/span>\n\t\t\t\t\t\t<\/div>\n\t<div class=\"edgtf-iwt-content\" >\n\t\t\t\t\t<h4 class=\"edgtf-iwt-title\" >\n\t\t\t\t\t\t\t\t<span class=\"edgtf-iwt-title-text\">Llocs web oficials<\/span>\n\t\t\t\t\t\t\t<\/h4>\n\t\t\t\t\t<\/div>\n<\/div>[vc_column_text]\u00b7 <a href=\"http:\/\/ibiza.travel\/ca\/\" target=\"_blank\" rel=\"noopener noreferrer\">Ibiza.travel<\/a><br \/>\n\u00b7 <a href=\"http:\/\/www.spain.info\" target=\"_blank\" rel=\"noopener noreferrer\">Spain.info<\/a><br \/>\n\u00b7 <a href=\"https:\/\/www.santjosep.org\" target=\"_blank\" rel=\"noopener noreferrer\">Ajuntament de Sant Josep<\/a><br \/>\n\u00b7 <a href=\"https:\/\/guiaempresarialdesantjosep.com\/\" target=\"_blank\" rel=\"noopener noreferrer\">Guia empresarial de Sant Josep<\/a>[\/vc_column_text][\/vc_column][\/vc_row][vc_row enable_hue_rotation=&#8221;no&#8221; enable_text_marquee=&#8221;no&#8221;][vc_column][vc_column_text][\/vc_column_text][\/vc_column][\/vc_row]<\/p>\n<\/div>","protected":false},"excerpt":{"rendered":"<p>[vc_row enable_hue_rotation=&#8221;no&#8221; enable_text_marquee=&#8221;no&#8221; el_class=&#8221;filainfo&#8221;][vc_column width=&#8221;1\/3&#8243; css=&#8221;.vc_custom_1579710931106{border-radius: 1px !important;}&#8221;][vc_column_text]\u00b7 Aeroport d&#8217;Eivissa \u00b7 Companyies a\u00e8ries \u00b7 Balearia (Ferry) \u00b7 Trasmediterr\u00e1nea (Ferry)[\/vc_column_text][\/vc_column][vc_column width=&#8221;1\/3&#8243;][vc_column_text]\u00b7 Qu\u00e8 necessito per entrar a Espanya? \u00b7 Salut i seguretat \u00b7 Comunicacions \u00b7 Farm\u00e0cies[\/vc_column_text][\/vc_column][vc_column width=&#8221;1\/3&#8243;][vc_column_text]\u00b7 Platges d&#8217;Eivissa \u00b7 Badia de [&hellip;]<\/p>\n","protected":false},"author":1,"featured_media":0,"parent":0,"menu_order":0,"comment_status":"open","ping_status":"closed","template":"","meta":{"_acf_changed":false,"inline_featured_image":false,"footnotes":""},"categoria_pagina":[],"class_list":["post-12440","page","type-page","status-publish","hentry"],"acf":[],"yoast_head":"<!-- This site is optimized with the Yoast SEO plugin v25.7 - https:\/\/yoast.com\/wordpress\/plugins\/seo\/ -->\n<title>Informaci\u00f3n pr\u00e1ctica para viajar a Sant Josep - Ibiza<\/title>\n<meta name=\"description\" content=\"Informaci\u00f3n pr\u00e1ctica sobre C\u00f3mo llegar a la isla de Ibiza, moverse en su interior, traslados, clima, salud, mapas descargablas y m\u00e1s.\" \/>\n<meta name=\"robots\" content=\"index, follow, max-snippet:-1, max-image-preview:large, max-video-preview:-1\" \/>\n<link rel=\"canonical\" href=\"https:\/\/www.santjosep.net\/ca\/informacio-practica\/\" \/>\n<meta property=\"og:locale\" content=\"ca_ES\" \/>\n<meta property=\"og:type\" content=\"article\" \/>\n<meta property=\"og:title\" content=\"Informaci\u00f3n pr\u00e1ctica para viajar a Sant Josep - Ibiza\" \/>\n<meta property=\"og:description\" content=\"Informaci\u00f3n pr\u00e1ctica sobre C\u00f3mo llegar a la isla de Ibiza, moverse en su interior, traslados, clima, salud, mapas descargablas y m\u00e1s.\" \/>\n<meta property=\"og:url\" content=\"https:\/\/www.santjosep.net\/ca\/informacio-practica\/\" \/>\n<meta property=\"og:site_name\" content=\"Santjosep.net\" \/>\n<meta property=\"article:modified_time\" content=\"2025-12-01T15:02:00+00:00\" \/>\n<meta name=\"twitter:card\" content=\"summary_large_image\" \/>\n<meta name=\"twitter:label1\" content=\"Temps estimat de lectura\" \/>\n\t<meta name=\"twitter:data1\" content=\"2 minuts\" \/>\n<script type=\"application\/ld+json\" class=\"yoast-schema-graph\">{\"@context\":\"https:\/\/schema.org\",\"@graph\":[{\"@type\":\"WebPage\",\"@id\":\"https:\/\/www.santjosep.net\/ca\/informacio-practica\/\",\"url\":\"https:\/\/www.santjosep.net\/ca\/informacio-practica\/\",\"name\":\"Informaci\u00f3n pr\u00e1ctica para viajar a Sant Josep - Ibiza\",\"isPartOf\":{\"@id\":\"https:\/\/www.santjosep.net\/#website\"},\"datePublished\":\"2014-02-12T12:50:27+00:00\",\"dateModified\":\"2025-12-01T15:02:00+00:00\",\"description\":\"Informaci\u00f3n pr\u00e1ctica sobre C\u00f3mo llegar a la isla de Ibiza, moverse en su interior, traslados, clima, salud, mapas descargablas y m\u00e1s.\",\"inLanguage\":\"ca\",\"potentialAction\":[{\"@type\":\"ReadAction\",\"target\":[\"https:\/\/www.santjosep.net\/ca\/informacio-practica\/\"]}]},{\"@type\":\"WebSite\",\"@id\":\"https:\/\/www.santjosep.net\/#website\",\"url\":\"https:\/\/www.santjosep.net\/\",\"name\":\"Santjosep.net\",\"description\":\"\",\"potentialAction\":[{\"@type\":\"SearchAction\",\"target\":{\"@type\":\"EntryPoint\",\"urlTemplate\":\"https:\/\/www.santjosep.net\/?s={search_term_string}\"},\"query-input\":{\"@type\":\"PropertyValueSpecification\",\"valueRequired\":true,\"valueName\":\"search_term_string\"}}],\"inLanguage\":\"ca\"}]}<\/script>\n<!-- \/ Yoast SEO plugin. -->","yoast_head_json":{"title":"Informaci\u00f3n pr\u00e1ctica para viajar a Sant Josep - Ibiza","description":"Informaci\u00f3n pr\u00e1ctica sobre C\u00f3mo llegar a la isla de Ibiza, moverse en su interior, traslados, clima, salud, mapas descargablas y m\u00e1s.","robots":{"index":"index","follow":"follow","max-snippet":"max-snippet:-1","max-image-preview":"max-image-preview:large","max-video-preview":"max-video-preview:-1"},"canonical":"https:\/\/www.santjosep.net\/ca\/informacio-practica\/","og_locale":"ca_ES","og_type":"article","og_title":"Informaci\u00f3n pr\u00e1ctica para viajar a Sant Josep - Ibiza","og_description":"Informaci\u00f3n pr\u00e1ctica sobre C\u00f3mo llegar a la isla de Ibiza, moverse en su interior, traslados, clima, salud, mapas descargablas y m\u00e1s.","og_url":"https:\/\/www.santjosep.net\/ca\/informacio-practica\/","og_site_name":"Santjosep.net","article_modified_time":"2025-12-01T15:02:00+00:00","twitter_card":"summary_large_image","twitter_misc":{"Temps estimat de lectura":"2 minuts"},"schema":{"@context":"https:\/\/schema.org","@graph":[{"@type":"WebPage","@id":"https:\/\/www.santjosep.net\/ca\/informacio-practica\/","url":"https:\/\/www.santjosep.net\/ca\/informacio-practica\/","name":"Informaci\u00f3n pr\u00e1ctica para viajar a Sant Josep - Ibiza","isPartOf":{"@id":"https:\/\/www.santjosep.net\/#website"},"datePublished":"2014-02-12T12:50:27+00:00","dateModified":"2025-12-01T15:02:00+00:00","description":"Informaci\u00f3n pr\u00e1ctica sobre C\u00f3mo llegar a la isla de Ibiza, moverse en su interior, traslados, clima, salud, mapas descargablas y m\u00e1s.","inLanguage":"ca","potentialAction":[{"@type":"ReadAction","target":["https:\/\/www.santjosep.net\/ca\/informacio-practica\/"]}]},{"@type":"WebSite","@id":"https:\/\/www.santjosep.net\/#website","url":"https:\/\/www.santjosep.net\/","name":"Santjosep.net","description":"","potentialAction":[{"@type":"SearchAction","target":{"@type":"EntryPoint","urlTemplate":"https:\/\/www.santjosep.net\/?s={search_term_string}"},"query-input":{"@type":"PropertyValueSpecification","valueRequired":true,"valueName":"search_term_string"}}],"inLanguage":"ca"}]}},"_links":{"self":[{"href":"https:\/\/www.santjosep.net\/ca\/wp-json\/wp\/v2\/pages\/12440","targetHints":{"allow":["GET"]}}],"collection":[{"href":"https:\/\/www.santjosep.net\/ca\/wp-json\/wp\/v2\/pages"}],"about":[{"href":"https:\/\/www.santjosep.net\/ca\/wp-json\/wp\/v2\/types\/page"}],"author":[{"embeddable":true,"href":"https:\/\/www.santjosep.net\/ca\/wp-json\/wp\/v2\/users\/1"}],"replies":[{"embeddable":true,"href":"https:\/\/www.santjosep.net\/ca\/wp-json\/wp\/v2\/comments?post=12440"}],"version-history":[{"count":4,"href":"https:\/\/www.santjosep.net\/ca\/wp-json\/wp\/v2\/pages\/12440\/revisions"}],"predecessor-version":[{"id":39402,"href":"https:\/\/www.santjosep.net\/ca\/wp-json\/wp\/v2\/pages\/12440\/revisions\/39402"}],"wp:attachment":[{"href":"https:\/\/www.santjosep.net\/ca\/wp-json\/wp\/v2\/media?parent=12440"}],"wp:term":[{"taxonomy":"categoria_pagina","embeddable":true,"href":"https:\/\/www.santjosep.net\/ca\/wp-json\/wp\/v2\/categoria_pagina?post=12440"}],"curies":[{"name":"wp","href":"https:\/\/api.w.org\/{rel}","templated":true}]}}