{"id":12398,"date":"2016-03-07T08:28:47","date_gmt":"2016-03-07T08:28:47","guid":{"rendered":"https:\/\/www.santjosep.net\/actividades-deportivas\/paseos\/"},"modified":"2020-01-22T18:10:52","modified_gmt":"2020-01-22T17:10:52","slug":"passejos","status":"publish","type":"page","link":"https:\/\/www.santjosep.net\/ca\/turisme-actiu\/passejos\/","title":{"rendered":"Passejos"},"content":{"rendered":"<div class=\"wpb-content-wrapper\"><p>[vc_row enable_hue_rotation=&#8221;no&#8221; enable_text_marquee=&#8221;no&#8221;][vc_column][vc_column_text]Caminar \u00e9s la millor manera de con\u00e8ixer amb m\u00e9s detall els camins i paisatges m\u00e9s emblem\u00e0tics de Sant Josep d\u2019una forma m\u00e9s pausada, per admirar-los com es mereixen. Descobrir la m\u00e0gia dels estanys de ses Salines, con\u00e8ixer la hist\u00f2ria de les torres de defensa, pujar a sa Talaia i gaudir de les seues panor\u00e0miques o de la posta de sol, s\u00f3n algunes de les meravelles que podreu contemplar. Aix\u00f2 tamb\u00e9 us dona l\u2019oportunitat de dialogar pausadament amb la gent que trobareu pel cam\u00ed. Aquest mosaic d\u2019elements es tradueix en un paisatge excepcional, fruit de la relaci\u00f3 de l\u2019home amb el seu entorn, que forma part del nostre patrimoni cultural i que convidem a descobrir a tots els que visiten el municipi de Sant Josep.<\/p>\n<p>No us oblideu de dur cal\u00e7at c\u00f2mode i, si pot ser, adequat per al senderisme, roba esportiva, aigua i una mica de menjar a les parades que es facin per descansar. En aquest apartat tindreu a la vostra disposici\u00f3 tres rutes amb les seues respectives fitxes informatives, on trobareu descripcions de les caracter\u00edstiques del recorregut, el seu grau de dificultat i les recomanacions espec\u00edfiques per a cada itinerari.[\/vc_column_text][\/vc_column][\/vc_row][vc_row enable_hue_rotation=&#8221;no&#8221; enable_text_marquee=&#8221;no&#8221; el_class=&#8221;partfullgrid&#8221;][vc_column][vc_basic_grid post_type=&#8221;custom&#8221; item=&#8221;20141&#8243; grid_id=&#8221;vc_gid:1579713095440-2ff2df77-2f9c-5&#8243; custom_query=&#8221;post_type=page&amp;post_parent=12398&amp;orderby=rand&amp;posts_per_page=-1&#8243;][\/vc_column][\/vc_row]<\/p>\n<\/div>","protected":false},"excerpt":{"rendered":"<p>[vc_row enable_hue_rotation=&#8221;no&#8221; enable_text_marquee=&#8221;no&#8221;][vc_column][vc_column_text]Caminar \u00e9s la millor manera de con\u00e8ixer amb m\u00e9s detall els camins i paisatges m\u00e9s emblem\u00e0tics de Sant Josep d\u2019una forma m\u00e9s pausada, per admirar-los com es mereixen. Descobrir la m\u00e0gia dels estanys de ses Salines, con\u00e8ixer la [&hellip;]<\/p>\n","protected":false},"author":1,"featured_media":33518,"parent":12393,"menu_order":0,"comment_status":"closed","ping_status":"closed","template":"page-actividad.php","meta":{"_acf_changed":false,"inline_featured_image":false,"footnotes":""},"categoria_pagina":[],"class_list":["post-12398","page","type-page","status-publish","has-post-thumbnail","hentry"],"acf":[],"yoast_head":"<!-- This site is optimized with the Yoast SEO plugin v25.7 - https:\/\/yoast.com\/wordpress\/plugins\/seo\/ -->\n<title>Passejades i rutes a Sant Josep<\/title>\n<meta name=\"description\" content=\"Descobreix Sant Josep a peu per aquestes fant\u00e0stiques rutes.\" \/>\n<meta name=\"robots\" content=\"index, follow, max-snippet:-1, max-image-preview:large, max-video-preview:-1\" \/>\n<link rel=\"canonical\" href=\"https:\/\/www.santjosep.net\/ca\/turisme-actiu\/passejos\/\" \/>\n<meta property=\"og:locale\" content=\"ca_ES\" \/>\n<meta property=\"og:type\" content=\"article\" \/>\n<meta property=\"og:title\" content=\"Passejades i rutes a Sant Josep\" \/>\n<meta property=\"og:description\" content=\"Descobreix Sant Josep a peu per aquestes fant\u00e0stiques rutes.\" \/>\n<meta property=\"og:url\" content=\"https:\/\/www.santjosep.net\/ca\/turisme-actiu\/passejos\/\" \/>\n<meta property=\"og:site_name\" content=\"Santjosep.net\" \/>\n<meta property=\"article:modified_time\" content=\"2020-01-22T17:10:52+00:00\" \/>\n<meta property=\"og:image\" content=\"https:\/\/www.santjosep.net\/wp-content\/uploads\/2022\/11\/RR_03039-1.jpg\" \/>\n\t<meta property=\"og:image:width\" content=\"2000\" \/>\n\t<meta property=\"og:image:height\" content=\"1334\" \/>\n\t<meta property=\"og:image:type\" content=\"image\/jpeg\" \/>\n<meta name=\"twitter:card\" content=\"summary_large_image\" \/>\n<meta name=\"twitter:label1\" content=\"Temps estimat de lectura\" \/>\n\t<meta name=\"twitter:data1\" content=\"1 minut\" \/>\n<script type=\"application\/ld+json\" class=\"yoast-schema-graph\">{\"@context\":\"https:\/\/schema.org\",\"@graph\":[{\"@type\":\"WebPage\",\"@id\":\"https:\/\/www.santjosep.net\/ca\/turisme-actiu\/passejos\/\",\"url\":\"https:\/\/www.santjosep.net\/ca\/turisme-actiu\/passejos\/\",\"name\":\"Passejades i rutes a Sant Josep\",\"isPartOf\":{\"@id\":\"https:\/\/www.santjosep.net\/#website\"},\"primaryImageOfPage\":{\"@id\":\"https:\/\/www.santjosep.net\/ca\/turisme-actiu\/passejos\/#primaryimage\"},\"image\":{\"@id\":\"https:\/\/www.santjosep.net\/ca\/turisme-actiu\/passejos\/#primaryimage\"},\"thumbnailUrl\":\"https:\/\/www.santjosep.net\/wp-content\/uploads\/2022\/11\/RR_03039-1.jpg\",\"datePublished\":\"2016-03-07T08:28:47+00:00\",\"dateModified\":\"2020-01-22T17:10:52+00:00\",\"description\":\"Descobreix Sant Josep a peu per aquestes fant\u00e0stiques rutes.\",\"breadcrumb\":{\"@id\":\"https:\/\/www.santjosep.net\/ca\/turisme-actiu\/passejos\/#breadcrumb\"},\"inLanguage\":\"ca\",\"potentialAction\":[{\"@type\":\"ReadAction\",\"target\":[\"https:\/\/www.santjosep.net\/ca\/turisme-actiu\/passejos\/\"]}]},{\"@type\":\"ImageObject\",\"inLanguage\":\"ca\",\"@id\":\"https:\/\/www.santjosep.net\/ca\/turisme-actiu\/passejos\/#primaryimage\",\"url\":\"https:\/\/www.santjosep.net\/wp-content\/uploads\/2022\/11\/RR_03039-1.jpg\",\"contentUrl\":\"https:\/\/www.santjosep.net\/wp-content\/uploads\/2022\/11\/RR_03039-1.jpg\",\"width\":2000,\"height\":1334},{\"@type\":\"BreadcrumbList\",\"@id\":\"https:\/\/www.santjosep.net\/ca\/turisme-actiu\/passejos\/#breadcrumb\",\"itemListElement\":[{\"@type\":\"ListItem\",\"position\":1,\"name\":\"Turisme actiu\",\"item\":\"https:\/\/www.santjosep.net\/ca\/turisme-actiu\/\"},{\"@type\":\"ListItem\",\"position\":2,\"name\":\"Passejos\"}]},{\"@type\":\"WebSite\",\"@id\":\"https:\/\/www.santjosep.net\/#website\",\"url\":\"https:\/\/www.santjosep.net\/\",\"name\":\"Santjosep.net\",\"description\":\"\",\"potentialAction\":[{\"@type\":\"SearchAction\",\"target\":{\"@type\":\"EntryPoint\",\"urlTemplate\":\"https:\/\/www.santjosep.net\/?s={search_term_string}\"},\"query-input\":{\"@type\":\"PropertyValueSpecification\",\"valueRequired\":true,\"valueName\":\"search_term_string\"}}],\"inLanguage\":\"ca\"}]}<\/script>\n<!-- \/ Yoast SEO plugin. -->","yoast_head_json":{"title":"Passejades i rutes a Sant Josep","description":"Descobreix Sant Josep a peu per aquestes fant\u00e0stiques rutes.","robots":{"index":"index","follow":"follow","max-snippet":"max-snippet:-1","max-image-preview":"max-image-preview:large","max-video-preview":"max-video-preview:-1"},"canonical":"https:\/\/www.santjosep.net\/ca\/turisme-actiu\/passejos\/","og_locale":"ca_ES","og_type":"article","og_title":"Passejades i rutes a Sant Josep","og_description":"Descobreix Sant Josep a peu per aquestes fant\u00e0stiques rutes.","og_url":"https:\/\/www.santjosep.net\/ca\/turisme-actiu\/passejos\/","og_site_name":"Santjosep.net","article_modified_time":"2020-01-22T17:10:52+00:00","og_image":[{"width":2000,"height":1334,"url":"https:\/\/www.santjosep.net\/wp-content\/uploads\/2022\/11\/RR_03039-1.jpg","type":"image\/jpeg"}],"twitter_card":"summary_large_image","twitter_misc":{"Temps estimat de lectura":"1 minut"},"schema":{"@context":"https:\/\/schema.org","@graph":[{"@type":"WebPage","@id":"https:\/\/www.santjosep.net\/ca\/turisme-actiu\/passejos\/","url":"https:\/\/www.santjosep.net\/ca\/turisme-actiu\/passejos\/","name":"Passejades i rutes a Sant Josep","isPartOf":{"@id":"https:\/\/www.santjosep.net\/#website"},"primaryImageOfPage":{"@id":"https:\/\/www.santjosep.net\/ca\/turisme-actiu\/passejos\/#primaryimage"},"image":{"@id":"https:\/\/www.santjosep.net\/ca\/turisme-actiu\/passejos\/#primaryimage"},"thumbnailUrl":"https:\/\/www.santjosep.net\/wp-content\/uploads\/2022\/11\/RR_03039-1.jpg","datePublished":"2016-03-07T08:28:47+00:00","dateModified":"2020-01-22T17:10:52+00:00","description":"Descobreix Sant Josep a peu per aquestes fant\u00e0stiques rutes.","breadcrumb":{"@id":"https:\/\/www.santjosep.net\/ca\/turisme-actiu\/passejos\/#breadcrumb"},"inLanguage":"ca","potentialAction":[{"@type":"ReadAction","target":["https:\/\/www.santjosep.net\/ca\/turisme-actiu\/passejos\/"]}]},{"@type":"ImageObject","inLanguage":"ca","@id":"https:\/\/www.santjosep.net\/ca\/turisme-actiu\/passejos\/#primaryimage","url":"https:\/\/www.santjosep.net\/wp-content\/uploads\/2022\/11\/RR_03039-1.jpg","contentUrl":"https:\/\/www.santjosep.net\/wp-content\/uploads\/2022\/11\/RR_03039-1.jpg","width":2000,"height":1334},{"@type":"BreadcrumbList","@id":"https:\/\/www.santjosep.net\/ca\/turisme-actiu\/passejos\/#breadcrumb","itemListElement":[{"@type":"ListItem","position":1,"name":"Turisme actiu","item":"https:\/\/www.santjosep.net\/ca\/turisme-actiu\/"},{"@type":"ListItem","position":2,"name":"Passejos"}]},{"@type":"WebSite","@id":"https:\/\/www.santjosep.net\/#website","url":"https:\/\/www.santjosep.net\/","name":"Santjosep.net","description":"","potentialAction":[{"@type":"SearchAction","target":{"@type":"EntryPoint","urlTemplate":"https:\/\/www.santjosep.net\/?s={search_term_string}"},"query-input":{"@type":"PropertyValueSpecification","valueRequired":true,"valueName":"search_term_string"}}],"inLanguage":"ca"}]}},"_links":{"self":[{"href":"https:\/\/www.santjosep.net\/ca\/wp-json\/wp\/v2\/pages\/12398","targetHints":{"allow":["GET"]}}],"collection":[{"href":"https:\/\/www.santjosep.net\/ca\/wp-json\/wp\/v2\/pages"}],"about":[{"href":"https:\/\/www.santjosep.net\/ca\/wp-json\/wp\/v2\/types\/page"}],"author":[{"embeddable":true,"href":"https:\/\/www.santjosep.net\/ca\/wp-json\/wp\/v2\/users\/1"}],"replies":[{"embeddable":true,"href":"https:\/\/www.santjosep.net\/ca\/wp-json\/wp\/v2\/comments?post=12398"}],"version-history":[{"count":0,"href":"https:\/\/www.santjosep.net\/ca\/wp-json\/wp\/v2\/pages\/12398\/revisions"}],"up":[{"embeddable":true,"href":"https:\/\/www.santjosep.net\/ca\/wp-json\/wp\/v2\/pages\/12393"}],"wp:featuredmedia":[{"embeddable":true,"href":"https:\/\/www.santjosep.net\/ca\/wp-json\/wp\/v2\/media\/33518"}],"wp:attachment":[{"href":"https:\/\/www.santjosep.net\/ca\/wp-json\/wp\/v2\/media?parent=12398"}],"wp:term":[{"taxonomy":"categoria_pagina","embeddable":true,"href":"https:\/\/www.santjosep.net\/ca\/wp-json\/wp\/v2\/categoria_pagina?post=12398"}],"curies":[{"name":"wp","href":"https:\/\/api.w.org\/{rel}","templated":true}]}}