{"id":12397,"date":"2016-03-03T16:25:14","date_gmt":"2016-03-03T16:25:14","guid":{"rendered":"https:\/\/www.santjosep.net\/actividades-deportivas\/rutas-btt\/"},"modified":"2021-09-22T09:38:10","modified_gmt":"2021-09-22T07:38:10","slug":"rutes-btt","status":"publish","type":"page","link":"https:\/\/www.santjosep.net\/ca\/turisme-actiu\/rutes-btt\/","title":{"rendered":"Rutes BTT"},"content":{"rendered":"<div class=\"wpb-content-wrapper\"><p>[vc_row enable_hue_rotation=&#8221;no&#8221; enable_text_marquee=&#8221;no&#8221;][vc_column][vc_column_text]Benvingut a la zona dedicada al cicloturisme, on trobareu 8 rutes per con\u00e8ixer i gaudir del paisatge de Sant Josep a trav\u00e9s dels seus camins i senders, que s\u2019endinsen en aquesta zona de l\u2019illa d\u2019Eivissa.<\/p>\n<p>Aqu\u00ed tindreu a la vostra disposici\u00f3 una fitxa de cada ruta, amb descripcions de les diferents caracter\u00edstiques del recorregut, el seu grau de dificultat, recomanacions espec\u00edfiques per a cada itinerari i un llibre de ruta que assenyala els punts clau del recorregut. A m\u00e9s, obtindreu les dades t\u00e8cniques necess\u00e0ries sobre la dist\u00e0ncia total, l\u2019altitud, el perfil de la ruta, la longitud, el temps estimat de ruta, el desnivell acumulat i, en general, tota la informaci\u00f3 que pugui ser d\u2019inter\u00e8s.<\/p>\n<p>Per disposar d\u2019informaci\u00f3 m\u00e9s detallada, es podr\u00e0 comprovar el recorregut a trav\u00e9s de Google Maps i es podran visualitzar fotografies dels enclavaments naturals privilegiats de Sant Josep a cadascuna de les rutes ciclotur\u00edstiques.[\/vc_column_text][\/vc_column][\/vc_row][vc_row enable_hue_rotation=&#8221;no&#8221; enable_text_marquee=&#8221;no&#8221; el_class=&#8221;partfullgrid&#8221;][vc_column][vc_basic_grid post_type=&#8221;custom&#8221; item=&#8221;25293&#8243; grid_id=&#8221;vc_gid:1632296241479-22a4ab56-d9bf-1&#8243; custom_query=&#8221;post_type=page&amp;post_parent=12397&amp;orderby=rand&amp;posts_per_page=-1&#8243;][\/vc_column][\/vc_row]<\/p>\n<\/div>","protected":false},"excerpt":{"rendered":"<p>[vc_row enable_hue_rotation=&#8221;no&#8221; enable_text_marquee=&#8221;no&#8221;][vc_column][vc_column_text]Benvingut a la zona dedicada al cicloturisme, on trobareu 8 rutes per con\u00e8ixer i gaudir del paisatge de Sant Josep a trav\u00e9s dels seus camins i senders, que s\u2019endinsen en aquesta zona de l\u2019illa d\u2019Eivissa. Aqu\u00ed tindreu a [&hellip;]<\/p>\n","protected":false},"author":1,"featured_media":20114,"parent":12393,"menu_order":0,"comment_status":"closed","ping_status":"closed","template":"page-actividad.php","meta":{"_acf_changed":false,"inline_featured_image":false,"footnotes":""},"categoria_pagina":[],"class_list":["post-12397","page","type-page","status-publish","has-post-thumbnail","hentry"],"acf":[],"yoast_head":"<!-- This site is optimized with the Yoast SEO plugin v25.7 - https:\/\/yoast.com\/wordpress\/plugins\/seo\/ -->\n<title>Rutes a Mountain Bike a Sant Josep<\/title>\n<meta name=\"description\" content=\"Centenars de rutes i senders per perdre&#039;t practicant Mountain Bike a Sant Josep (Eivissa).\" \/>\n<meta name=\"robots\" content=\"index, follow, max-snippet:-1, max-image-preview:large, max-video-preview:-1\" \/>\n<link rel=\"canonical\" href=\"https:\/\/www.santjosep.net\/ca\/turisme-actiu\/rutes-btt\/\" \/>\n<meta property=\"og:locale\" content=\"ca_ES\" \/>\n<meta property=\"og:type\" content=\"article\" \/>\n<meta property=\"og:title\" content=\"Rutes a Mountain Bike a Sant Josep\" \/>\n<meta property=\"og:description\" content=\"Centenars de rutes i senders per perdre&#039;t practicant Mountain Bike a Sant Josep (Eivissa).\" \/>\n<meta property=\"og:url\" content=\"https:\/\/www.santjosep.net\/ca\/turisme-actiu\/rutes-btt\/\" \/>\n<meta property=\"og:site_name\" content=\"Santjosep.net\" \/>\n<meta property=\"article:modified_time\" content=\"2021-09-22T07:38:10+00:00\" \/>\n<meta property=\"og:image\" content=\"https:\/\/www.santjosep.net\/wp-content\/uploads\/2020\/01\/btt_IMG_0851.jpg\" \/>\n\t<meta property=\"og:image:width\" content=\"2100\" \/>\n\t<meta property=\"og:image:height\" content=\"1182\" \/>\n\t<meta property=\"og:image:type\" content=\"image\/jpeg\" \/>\n<meta name=\"twitter:card\" content=\"summary_large_image\" \/>\n<meta name=\"twitter:label1\" content=\"Temps estimat de lectura\" \/>\n\t<meta name=\"twitter:data1\" content=\"1 minut\" \/>\n<script type=\"application\/ld+json\" class=\"yoast-schema-graph\">{\"@context\":\"https:\/\/schema.org\",\"@graph\":[{\"@type\":\"WebPage\",\"@id\":\"https:\/\/www.santjosep.net\/ca\/turisme-actiu\/rutes-btt\/\",\"url\":\"https:\/\/www.santjosep.net\/ca\/turisme-actiu\/rutes-btt\/\",\"name\":\"Rutes a Mountain Bike a Sant Josep\",\"isPartOf\":{\"@id\":\"https:\/\/www.santjosep.net\/#website\"},\"primaryImageOfPage\":{\"@id\":\"https:\/\/www.santjosep.net\/ca\/turisme-actiu\/rutes-btt\/#primaryimage\"},\"image\":{\"@id\":\"https:\/\/www.santjosep.net\/ca\/turisme-actiu\/rutes-btt\/#primaryimage\"},\"thumbnailUrl\":\"https:\/\/www.santjosep.net\/wp-content\/uploads\/2020\/01\/btt_IMG_0851.jpg\",\"datePublished\":\"2016-03-03T16:25:14+00:00\",\"dateModified\":\"2021-09-22T07:38:10+00:00\",\"description\":\"Centenars de rutes i senders per perdre't practicant Mountain Bike a Sant Josep (Eivissa).\",\"breadcrumb\":{\"@id\":\"https:\/\/www.santjosep.net\/ca\/turisme-actiu\/rutes-btt\/#breadcrumb\"},\"inLanguage\":\"ca\",\"potentialAction\":[{\"@type\":\"ReadAction\",\"target\":[\"https:\/\/www.santjosep.net\/ca\/turisme-actiu\/rutes-btt\/\"]}]},{\"@type\":\"ImageObject\",\"inLanguage\":\"ca\",\"@id\":\"https:\/\/www.santjosep.net\/ca\/turisme-actiu\/rutes-btt\/#primaryimage\",\"url\":\"https:\/\/www.santjosep.net\/wp-content\/uploads\/2020\/01\/btt_IMG_0851.jpg\",\"contentUrl\":\"https:\/\/www.santjosep.net\/wp-content\/uploads\/2020\/01\/btt_IMG_0851.jpg\",\"width\":2100,\"height\":1182},{\"@type\":\"BreadcrumbList\",\"@id\":\"https:\/\/www.santjosep.net\/ca\/turisme-actiu\/rutes-btt\/#breadcrumb\",\"itemListElement\":[{\"@type\":\"ListItem\",\"position\":1,\"name\":\"Turisme actiu\",\"item\":\"https:\/\/www.santjosep.net\/ca\/turisme-actiu\/\"},{\"@type\":\"ListItem\",\"position\":2,\"name\":\"Rutes BTT\"}]},{\"@type\":\"WebSite\",\"@id\":\"https:\/\/www.santjosep.net\/#website\",\"url\":\"https:\/\/www.santjosep.net\/\",\"name\":\"Santjosep.net\",\"description\":\"\",\"potentialAction\":[{\"@type\":\"SearchAction\",\"target\":{\"@type\":\"EntryPoint\",\"urlTemplate\":\"https:\/\/www.santjosep.net\/?s={search_term_string}\"},\"query-input\":{\"@type\":\"PropertyValueSpecification\",\"valueRequired\":true,\"valueName\":\"search_term_string\"}}],\"inLanguage\":\"ca\"}]}<\/script>\n<!-- \/ Yoast SEO plugin. -->","yoast_head_json":{"title":"Rutes a Mountain Bike a Sant Josep","description":"Centenars de rutes i senders per perdre't practicant Mountain Bike a Sant Josep (Eivissa).","robots":{"index":"index","follow":"follow","max-snippet":"max-snippet:-1","max-image-preview":"max-image-preview:large","max-video-preview":"max-video-preview:-1"},"canonical":"https:\/\/www.santjosep.net\/ca\/turisme-actiu\/rutes-btt\/","og_locale":"ca_ES","og_type":"article","og_title":"Rutes a Mountain Bike a Sant Josep","og_description":"Centenars de rutes i senders per perdre't practicant Mountain Bike a Sant Josep (Eivissa).","og_url":"https:\/\/www.santjosep.net\/ca\/turisme-actiu\/rutes-btt\/","og_site_name":"Santjosep.net","article_modified_time":"2021-09-22T07:38:10+00:00","og_image":[{"width":2100,"height":1182,"url":"https:\/\/www.santjosep.net\/wp-content\/uploads\/2020\/01\/btt_IMG_0851.jpg","type":"image\/jpeg"}],"twitter_card":"summary_large_image","twitter_misc":{"Temps estimat de lectura":"1 minut"},"schema":{"@context":"https:\/\/schema.org","@graph":[{"@type":"WebPage","@id":"https:\/\/www.santjosep.net\/ca\/turisme-actiu\/rutes-btt\/","url":"https:\/\/www.santjosep.net\/ca\/turisme-actiu\/rutes-btt\/","name":"Rutes a Mountain Bike a Sant Josep","isPartOf":{"@id":"https:\/\/www.santjosep.net\/#website"},"primaryImageOfPage":{"@id":"https:\/\/www.santjosep.net\/ca\/turisme-actiu\/rutes-btt\/#primaryimage"},"image":{"@id":"https:\/\/www.santjosep.net\/ca\/turisme-actiu\/rutes-btt\/#primaryimage"},"thumbnailUrl":"https:\/\/www.santjosep.net\/wp-content\/uploads\/2020\/01\/btt_IMG_0851.jpg","datePublished":"2016-03-03T16:25:14+00:00","dateModified":"2021-09-22T07:38:10+00:00","description":"Centenars de rutes i senders per perdre't practicant Mountain Bike a Sant Josep (Eivissa).","breadcrumb":{"@id":"https:\/\/www.santjosep.net\/ca\/turisme-actiu\/rutes-btt\/#breadcrumb"},"inLanguage":"ca","potentialAction":[{"@type":"ReadAction","target":["https:\/\/www.santjosep.net\/ca\/turisme-actiu\/rutes-btt\/"]}]},{"@type":"ImageObject","inLanguage":"ca","@id":"https:\/\/www.santjosep.net\/ca\/turisme-actiu\/rutes-btt\/#primaryimage","url":"https:\/\/www.santjosep.net\/wp-content\/uploads\/2020\/01\/btt_IMG_0851.jpg","contentUrl":"https:\/\/www.santjosep.net\/wp-content\/uploads\/2020\/01\/btt_IMG_0851.jpg","width":2100,"height":1182},{"@type":"BreadcrumbList","@id":"https:\/\/www.santjosep.net\/ca\/turisme-actiu\/rutes-btt\/#breadcrumb","itemListElement":[{"@type":"ListItem","position":1,"name":"Turisme actiu","item":"https:\/\/www.santjosep.net\/ca\/turisme-actiu\/"},{"@type":"ListItem","position":2,"name":"Rutes BTT"}]},{"@type":"WebSite","@id":"https:\/\/www.santjosep.net\/#website","url":"https:\/\/www.santjosep.net\/","name":"Santjosep.net","description":"","potentialAction":[{"@type":"SearchAction","target":{"@type":"EntryPoint","urlTemplate":"https:\/\/www.santjosep.net\/?s={search_term_string}"},"query-input":{"@type":"PropertyValueSpecification","valueRequired":true,"valueName":"search_term_string"}}],"inLanguage":"ca"}]}},"_links":{"self":[{"href":"https:\/\/www.santjosep.net\/ca\/wp-json\/wp\/v2\/pages\/12397","targetHints":{"allow":["GET"]}}],"collection":[{"href":"https:\/\/www.santjosep.net\/ca\/wp-json\/wp\/v2\/pages"}],"about":[{"href":"https:\/\/www.santjosep.net\/ca\/wp-json\/wp\/v2\/types\/page"}],"author":[{"embeddable":true,"href":"https:\/\/www.santjosep.net\/ca\/wp-json\/wp\/v2\/users\/1"}],"replies":[{"embeddable":true,"href":"https:\/\/www.santjosep.net\/ca\/wp-json\/wp\/v2\/comments?post=12397"}],"version-history":[{"count":0,"href":"https:\/\/www.santjosep.net\/ca\/wp-json\/wp\/v2\/pages\/12397\/revisions"}],"up":[{"embeddable":true,"href":"https:\/\/www.santjosep.net\/ca\/wp-json\/wp\/v2\/pages\/12393"}],"wp:featuredmedia":[{"embeddable":true,"href":"https:\/\/www.santjosep.net\/ca\/wp-json\/wp\/v2\/media\/20114"}],"wp:attachment":[{"href":"https:\/\/www.santjosep.net\/ca\/wp-json\/wp\/v2\/media?parent=12397"}],"wp:term":[{"taxonomy":"categoria_pagina","embeddable":true,"href":"https:\/\/www.santjosep.net\/ca\/wp-json\/wp\/v2\/categoria_pagina?post=12397"}],"curies":[{"name":"wp","href":"https:\/\/api.w.org\/{rel}","templated":true}]}}