{"id":12396,"date":"2016-02-22T16:30:40","date_gmt":"2016-02-22T16:30:40","guid":{"rendered":"https:\/\/www.santjosep.net\/actividades-deportivas\/kayak\/"},"modified":"2020-01-28T08:39:40","modified_gmt":"2020-01-28T07:39:40","slug":"caiac","status":"publish","type":"page","link":"https:\/\/www.santjosep.net\/ca\/turisme-actiu\/caiac\/","title":{"rendered":"Caiac"},"content":{"rendered":"<div class=\"wpb-content-wrapper\"><p>[vc_row enable_hue_rotation=&#8221;no&#8221; enable_text_marquee=&#8221;no&#8221;][vc_column][vc_column_text]Una altra fant\u00e0stica manera de seguir coneixent m\u00e9s a fons la costa de Sant Josep \u00e9s amb rems i sobre un caiac. Vorejar la costa \u00e9s tot un plaer per a la vista, ja que el seu aspecte quasi verge compta amb un paisatge d\u2019all\u00f2 m\u00e9s variat.<br \/>\nEn aquesta guia trobar\u00e0s 8 travessies en caiac de mar, de manera que, mitjan\u00e7ant etapes d\u2019entre 3 i 6 milles, es voreja quasi tota la costa de Sant Josep de sa Talaia, amb l\u2019objectiu de gaudir al m\u00e0xim de l\u2019espectacularitat de les nostres costes, platges i cales. Les rutes que es descriuen han estat calculades per a una navegaci\u00f3 pausada, amb bona mar, anant per la costa i fent les parades imprescindibles per descansar i menjar alguna cosa, aix\u00ed que les dist\u00e0ncies i la duraci\u00f3 de les rutes s\u00f3n aproximades, tenint en compte una navegaci\u00f3 de 2 nusos o milles n\u00e0utiques per hora.<br \/>\nEl caiac de mar avui dia s\u2019ha convertit en un esport d\u2019inigualable simplicitat, que \u00e9s respectu\u00f3s amb la natura i amb el medi ambient. El clima suau de les nostres costes permet, a m\u00e9s, practicar-lo durant tot l\u2019any. \u00c9s, sens dubte, una de les opcions d\u2019oci n\u00e0utic m\u00e9s divertides, assequibles i senzilles que suposa poc risc i que \u00e9s interessant per a totes les edats. Gr\u00e0cies a l\u2019orientaci\u00f3 del municipi cap a ponent, mereix especialment la pena destacar la possibilitat de gaudir d\u2019una meravellosa posta de sol en el mar. Paisatge d\u2019una bellesa inigualable que convidem a descobrir, tant per als qui decideixen passar les vacances amb nosaltres, com per als qui gaudeixen de Sant Josep tot l\u2019any.[\/vc_column_text][\/vc_column][\/vc_row][vc_row enable_hue_rotation=&#8221;no&#8221; enable_text_marquee=&#8221;no&#8221; el_class=&#8221;partfullgrid&#8221;][vc_column][vc_basic_grid post_type=&#8221;custom&#8221; item=&#8221;20141&#8243; grid_id=&#8221;vc_gid:1579711335003-d65ba60e-3e98-5&#8243; custom_query=&#8221;post_type=page&amp;post_parent=12396&amp;orderby=rand&amp;posts_per_page=-1&#8243;][\/vc_column][\/vc_row]<\/p>\n<\/div>","protected":false},"excerpt":{"rendered":"<p>[vc_row enable_hue_rotation=&#8221;no&#8221; enable_text_marquee=&#8221;no&#8221;][vc_column][vc_column_text]Una altra fant\u00e0stica manera de seguir coneixent m\u00e9s a fons la costa de Sant Josep \u00e9s amb rems i sobre un caiac. Vorejar la costa \u00e9s tot un plaer per a la vista, ja que el seu aspecte [&hellip;]<\/p>\n","protected":false},"author":1,"featured_media":33524,"parent":12393,"menu_order":0,"comment_status":"closed","ping_status":"closed","template":"page-actividad.php","meta":{"_acf_changed":false,"inline_featured_image":false,"footnotes":""},"categoria_pagina":[],"class_list":["post-12396","page","type-page","status-publish","has-post-thumbnail","hentry"],"acf":[],"yoast_head":"<!-- This site is optimized with the Yoast SEO plugin v25.7 - https:\/\/yoast.com\/wordpress\/plugins\/seo\/ -->\n<title>Caiac a Sant Josep<\/title>\n<meta name=\"description\" content=\"Pr\u00e0ctica Caiac a la costa de Sant Josep (Eivissa).\" \/>\n<meta name=\"robots\" content=\"index, follow, max-snippet:-1, max-image-preview:large, max-video-preview:-1\" \/>\n<link rel=\"canonical\" href=\"https:\/\/www.santjosep.net\/ca\/turisme-actiu\/caiac\/\" \/>\n<meta property=\"og:locale\" content=\"ca_ES\" \/>\n<meta property=\"og:type\" content=\"article\" \/>\n<meta property=\"og:title\" content=\"Caiac a Sant Josep\" \/>\n<meta property=\"og:description\" content=\"Pr\u00e0ctica Caiac a la costa de Sant Josep (Eivissa).\" \/>\n<meta property=\"og:url\" content=\"https:\/\/www.santjosep.net\/ca\/turisme-actiu\/caiac\/\" \/>\n<meta property=\"og:site_name\" content=\"Santjosep.net\" \/>\n<meta property=\"article:modified_time\" content=\"2020-01-28T07:39:40+00:00\" \/>\n<meta property=\"og:image\" content=\"https:\/\/www.santjosep.net\/wp-content\/uploads\/2022\/11\/shutterstock_2203582297.jpg\" \/>\n\t<meta property=\"og:image:width\" content=\"1900\" \/>\n\t<meta property=\"og:image:height\" content=\"1268\" \/>\n\t<meta property=\"og:image:type\" content=\"image\/jpeg\" \/>\n<meta name=\"twitter:card\" content=\"summary_large_image\" \/>\n<meta name=\"twitter:label1\" content=\"Temps estimat de lectura\" \/>\n\t<meta name=\"twitter:data1\" content=\"2 minuts\" \/>\n<script type=\"application\/ld+json\" class=\"yoast-schema-graph\">{\"@context\":\"https:\/\/schema.org\",\"@graph\":[{\"@type\":\"WebPage\",\"@id\":\"https:\/\/www.santjosep.net\/ca\/turisme-actiu\/caiac\/\",\"url\":\"https:\/\/www.santjosep.net\/ca\/turisme-actiu\/caiac\/\",\"name\":\"Caiac a Sant Josep\",\"isPartOf\":{\"@id\":\"https:\/\/www.santjosep.net\/#website\"},\"primaryImageOfPage\":{\"@id\":\"https:\/\/www.santjosep.net\/ca\/turisme-actiu\/caiac\/#primaryimage\"},\"image\":{\"@id\":\"https:\/\/www.santjosep.net\/ca\/turisme-actiu\/caiac\/#primaryimage\"},\"thumbnailUrl\":\"https:\/\/www.santjosep.net\/wp-content\/uploads\/2022\/11\/shutterstock_2203582297.jpg\",\"datePublished\":\"2016-02-22T16:30:40+00:00\",\"dateModified\":\"2020-01-28T07:39:40+00:00\",\"description\":\"Pr\u00e0ctica Caiac a la costa de Sant Josep (Eivissa).\",\"breadcrumb\":{\"@id\":\"https:\/\/www.santjosep.net\/ca\/turisme-actiu\/caiac\/#breadcrumb\"},\"inLanguage\":\"ca\",\"potentialAction\":[{\"@type\":\"ReadAction\",\"target\":[\"https:\/\/www.santjosep.net\/ca\/turisme-actiu\/caiac\/\"]}]},{\"@type\":\"ImageObject\",\"inLanguage\":\"ca\",\"@id\":\"https:\/\/www.santjosep.net\/ca\/turisme-actiu\/caiac\/#primaryimage\",\"url\":\"https:\/\/www.santjosep.net\/wp-content\/uploads\/2022\/11\/shutterstock_2203582297.jpg\",\"contentUrl\":\"https:\/\/www.santjosep.net\/wp-content\/uploads\/2022\/11\/shutterstock_2203582297.jpg\",\"width\":1900,\"height\":1268},{\"@type\":\"BreadcrumbList\",\"@id\":\"https:\/\/www.santjosep.net\/ca\/turisme-actiu\/caiac\/#breadcrumb\",\"itemListElement\":[{\"@type\":\"ListItem\",\"position\":1,\"name\":\"Turisme actiu\",\"item\":\"https:\/\/www.santjosep.net\/ca\/turisme-actiu\/\"},{\"@type\":\"ListItem\",\"position\":2,\"name\":\"Caiac\"}]},{\"@type\":\"WebSite\",\"@id\":\"https:\/\/www.santjosep.net\/#website\",\"url\":\"https:\/\/www.santjosep.net\/\",\"name\":\"Santjosep.net\",\"description\":\"\",\"potentialAction\":[{\"@type\":\"SearchAction\",\"target\":{\"@type\":\"EntryPoint\",\"urlTemplate\":\"https:\/\/www.santjosep.net\/?s={search_term_string}\"},\"query-input\":{\"@type\":\"PropertyValueSpecification\",\"valueRequired\":true,\"valueName\":\"search_term_string\"}}],\"inLanguage\":\"ca\"}]}<\/script>\n<!-- \/ Yoast SEO plugin. -->","yoast_head_json":{"title":"Caiac a Sant Josep","description":"Pr\u00e0ctica Caiac a la costa de Sant Josep (Eivissa).","robots":{"index":"index","follow":"follow","max-snippet":"max-snippet:-1","max-image-preview":"max-image-preview:large","max-video-preview":"max-video-preview:-1"},"canonical":"https:\/\/www.santjosep.net\/ca\/turisme-actiu\/caiac\/","og_locale":"ca_ES","og_type":"article","og_title":"Caiac a Sant Josep","og_description":"Pr\u00e0ctica Caiac a la costa de Sant Josep (Eivissa).","og_url":"https:\/\/www.santjosep.net\/ca\/turisme-actiu\/caiac\/","og_site_name":"Santjosep.net","article_modified_time":"2020-01-28T07:39:40+00:00","og_image":[{"width":1900,"height":1268,"url":"https:\/\/www.santjosep.net\/wp-content\/uploads\/2022\/11\/shutterstock_2203582297.jpg","type":"image\/jpeg"}],"twitter_card":"summary_large_image","twitter_misc":{"Temps estimat de lectura":"2 minuts"},"schema":{"@context":"https:\/\/schema.org","@graph":[{"@type":"WebPage","@id":"https:\/\/www.santjosep.net\/ca\/turisme-actiu\/caiac\/","url":"https:\/\/www.santjosep.net\/ca\/turisme-actiu\/caiac\/","name":"Caiac a Sant Josep","isPartOf":{"@id":"https:\/\/www.santjosep.net\/#website"},"primaryImageOfPage":{"@id":"https:\/\/www.santjosep.net\/ca\/turisme-actiu\/caiac\/#primaryimage"},"image":{"@id":"https:\/\/www.santjosep.net\/ca\/turisme-actiu\/caiac\/#primaryimage"},"thumbnailUrl":"https:\/\/www.santjosep.net\/wp-content\/uploads\/2022\/11\/shutterstock_2203582297.jpg","datePublished":"2016-02-22T16:30:40+00:00","dateModified":"2020-01-28T07:39:40+00:00","description":"Pr\u00e0ctica Caiac a la costa de Sant Josep (Eivissa).","breadcrumb":{"@id":"https:\/\/www.santjosep.net\/ca\/turisme-actiu\/caiac\/#breadcrumb"},"inLanguage":"ca","potentialAction":[{"@type":"ReadAction","target":["https:\/\/www.santjosep.net\/ca\/turisme-actiu\/caiac\/"]}]},{"@type":"ImageObject","inLanguage":"ca","@id":"https:\/\/www.santjosep.net\/ca\/turisme-actiu\/caiac\/#primaryimage","url":"https:\/\/www.santjosep.net\/wp-content\/uploads\/2022\/11\/shutterstock_2203582297.jpg","contentUrl":"https:\/\/www.santjosep.net\/wp-content\/uploads\/2022\/11\/shutterstock_2203582297.jpg","width":1900,"height":1268},{"@type":"BreadcrumbList","@id":"https:\/\/www.santjosep.net\/ca\/turisme-actiu\/caiac\/#breadcrumb","itemListElement":[{"@type":"ListItem","position":1,"name":"Turisme actiu","item":"https:\/\/www.santjosep.net\/ca\/turisme-actiu\/"},{"@type":"ListItem","position":2,"name":"Caiac"}]},{"@type":"WebSite","@id":"https:\/\/www.santjosep.net\/#website","url":"https:\/\/www.santjosep.net\/","name":"Santjosep.net","description":"","potentialAction":[{"@type":"SearchAction","target":{"@type":"EntryPoint","urlTemplate":"https:\/\/www.santjosep.net\/?s={search_term_string}"},"query-input":{"@type":"PropertyValueSpecification","valueRequired":true,"valueName":"search_term_string"}}],"inLanguage":"ca"}]}},"_links":{"self":[{"href":"https:\/\/www.santjosep.net\/ca\/wp-json\/wp\/v2\/pages\/12396","targetHints":{"allow":["GET"]}}],"collection":[{"href":"https:\/\/www.santjosep.net\/ca\/wp-json\/wp\/v2\/pages"}],"about":[{"href":"https:\/\/www.santjosep.net\/ca\/wp-json\/wp\/v2\/types\/page"}],"author":[{"embeddable":true,"href":"https:\/\/www.santjosep.net\/ca\/wp-json\/wp\/v2\/users\/1"}],"replies":[{"embeddable":true,"href":"https:\/\/www.santjosep.net\/ca\/wp-json\/wp\/v2\/comments?post=12396"}],"version-history":[{"count":0,"href":"https:\/\/www.santjosep.net\/ca\/wp-json\/wp\/v2\/pages\/12396\/revisions"}],"up":[{"embeddable":true,"href":"https:\/\/www.santjosep.net\/ca\/wp-json\/wp\/v2\/pages\/12393"}],"wp:featuredmedia":[{"embeddable":true,"href":"https:\/\/www.santjosep.net\/ca\/wp-json\/wp\/v2\/media\/33524"}],"wp:attachment":[{"href":"https:\/\/www.santjosep.net\/ca\/wp-json\/wp\/v2\/media?parent=12396"}],"wp:term":[{"taxonomy":"categoria_pagina","embeddable":true,"href":"https:\/\/www.santjosep.net\/ca\/wp-json\/wp\/v2\/categoria_pagina?post=12396"}],"curies":[{"name":"wp","href":"https:\/\/api.w.org\/{rel}","templated":true}]}}