{"id":12393,"date":"2016-03-08T08:42:58","date_gmt":"2016-03-08T08:42:58","guid":{"rendered":"https:\/\/www.santjosep.net\/actividades-deportivas\/"},"modified":"2022-01-19T11:43:12","modified_gmt":"2022-01-19T10:43:12","slug":"turisme-actiu","status":"publish","type":"page","link":"https:\/\/www.santjosep.net\/ca\/turisme-actiu\/","title":{"rendered":"Turisme actiu"},"content":{"rendered":"<div class=\"wpb-content-wrapper\"><p>[vc_row enable_hue_rotation=&#8221;no&#8221; enable_text_marquee=&#8221;no&#8221;][vc_column][vc_column_text]<span style=\"font-weight: 400;\">La natura i la geografia de <strong>Sant Josep de Sa Talaia<\/strong> i un clima amb temperatures agradables durant tot l\u2019any constitueixen, sens dubte, alguns dels majors atractius que ofereix aquesta zona d\u2019Eivissa. Les platges i les cales d\u2019aig\u00fces turqueses, els boscos de pins que proporcionen un mantell verd constant durant tot l\u2019any, els illots de totes les dimensions que envolten l\u2019illa, el Parc Natural de ses Salines, la Reserva Natural des Vedr\u00e0, a Cala d\u2019Hort s\u00f3n tamb\u00e9 l\u2019escenari perfecte per realitzar tot tipus d\u2019activitats i esports a l\u2019aire lliure a qualsevol \u00e8poca de l\u2019any. L\u2019illa s\u2019ha especialitzat en l\u2019esport d\u2019aventura i tamb\u00e9 en activitats molts m\u00e9s suaus, que permeten gaudir amb major intensitat del paisatge de Sant Josep. Els recursos esportius i culturals existents ofereixen possibilitats tan atractives com explorar els fons marins gr\u00e0cies a l\u2019ajuda dels centres de busseig, rec\u00f3rrer les \u00e0rees naturals a peu o en bicicleta, gaudir de passejos organitzats o rutes recomanades, observar els penya-segats des del mar amb un caiac, participar en esdeveniments i proves esportives de bicicleta de muntanya o descobrir les cales m\u00e9s rec\u00f2ndites i solit\u00e0ries mentre es practica senderisme<\/span>[\/vc_column_text][\/vc_column][\/vc_row][vc_row enable_hue_rotation=&#8221;no&#8221; enable_text_marquee=&#8221;no&#8221; el_class=&#8221;partfullgrid&#8221;][vc_column][vc_basic_grid post_type=&#8221;ids&#8221; element_width=&#8221;6&#8243; item=&#8221;20128&#8243; grid_id=&#8221;vc_gid:1642588967693-9a926a13-a7db-9&#8243; include=&#8221;28101, 12395, 4840, 12398, 5070&#8243;][\/vc_column][\/vc_row]<\/p>\n<\/div>","protected":false},"excerpt":{"rendered":"<p>[vc_row enable_hue_rotation=&#8221;no&#8221; enable_text_marquee=&#8221;no&#8221;][vc_column][vc_column_text]La natura i la geografia de Sant Josep de Sa Talaia i un clima amb temperatures agradables durant tot l\u2019any constitueixen, sens dubte, alguns dels majors atractius que ofereix aquesta zona d\u2019Eivissa. Les platges i les cales d\u2019aig\u00fces [&hellip;]<\/p>\n","protected":false},"author":1,"featured_media":33497,"parent":0,"menu_order":0,"comment_status":"closed","ping_status":"closed","template":"page-actividad.php","meta":{"_acf_changed":false,"inline_featured_image":false,"footnotes":""},"categoria_pagina":[],"class_list":["post-12393","page","type-page","status-publish","has-post-thumbnail","hentry"],"acf":[],"yoast_head":"<!-- This site is optimized with the Yoast SEO plugin v25.7 - https:\/\/yoast.com\/wordpress\/plugins\/seo\/ -->\n<title>Activitats esportives a Sant Josep - Eivissa<\/title>\n<meta name=\"robots\" content=\"index, follow, max-snippet:-1, max-image-preview:large, max-video-preview:-1\" \/>\n<link rel=\"canonical\" href=\"https:\/\/www.santjosep.net\/ca\/turisme-actiu\/\" \/>\n<meta property=\"og:locale\" content=\"ca_ES\" \/>\n<meta property=\"og:type\" content=\"article\" \/>\n<meta property=\"og:title\" content=\"Activitats esportives a Sant Josep - Eivissa\" \/>\n<meta property=\"og:description\" content=\"[vc_row enable_hue_rotation=&#8221;no&#8221; enable_text_marquee=&#8221;no&#8221;][vc_column][vc_column_text]La natura i la geografia de Sant Josep de Sa Talaia i un clima amb temperatures agradables durant tot l\u2019any constitueixen, sens dubte, alguns dels majors atractius que ofereix aquesta zona d\u2019Eivissa. Les platges i les cales d\u2019aig\u00fces [&hellip;]\" \/>\n<meta property=\"og:url\" content=\"https:\/\/www.santjosep.net\/ca\/turisme-actiu\/\" \/>\n<meta property=\"og:site_name\" content=\"Santjosep.net\" \/>\n<meta property=\"article:modified_time\" content=\"2022-01-19T10:43:12+00:00\" \/>\n<meta property=\"og:image\" content=\"https:\/\/www.santjosep.net\/wp-content\/uploads\/2022\/11\/RR_09550-1024x683.jpg\" \/>\n\t<meta property=\"og:image:width\" content=\"1024\" \/>\n\t<meta property=\"og:image:height\" content=\"683\" \/>\n\t<meta property=\"og:image:type\" content=\"image\/jpeg\" \/>\n<meta name=\"twitter:card\" content=\"summary_large_image\" \/>\n<meta name=\"twitter:label1\" content=\"Temps estimat de lectura\" \/>\n\t<meta name=\"twitter:data1\" content=\"1 minut\" \/>\n<script type=\"application\/ld+json\" class=\"yoast-schema-graph\">{\"@context\":\"https:\/\/schema.org\",\"@graph\":[{\"@type\":\"WebPage\",\"@id\":\"https:\/\/www.santjosep.net\/ca\/turisme-actiu\/\",\"url\":\"https:\/\/www.santjosep.net\/ca\/turisme-actiu\/\",\"name\":\"Activitats esportives a Sant Josep - Eivissa\",\"isPartOf\":{\"@id\":\"https:\/\/www.santjosep.net\/#website\"},\"primaryImageOfPage\":{\"@id\":\"https:\/\/www.santjosep.net\/ca\/turisme-actiu\/#primaryimage\"},\"image\":{\"@id\":\"https:\/\/www.santjosep.net\/ca\/turisme-actiu\/#primaryimage\"},\"thumbnailUrl\":\"https:\/\/www.santjosep.net\/wp-content\/uploads\/2022\/11\/RR_09550.jpg\",\"datePublished\":\"2016-03-08T08:42:58+00:00\",\"dateModified\":\"2022-01-19T10:43:12+00:00\",\"inLanguage\":\"ca\",\"potentialAction\":[{\"@type\":\"ReadAction\",\"target\":[\"https:\/\/www.santjosep.net\/ca\/turisme-actiu\/\"]}]},{\"@type\":\"ImageObject\",\"inLanguage\":\"ca\",\"@id\":\"https:\/\/www.santjosep.net\/ca\/turisme-actiu\/#primaryimage\",\"url\":\"https:\/\/www.santjosep.net\/wp-content\/uploads\/2022\/11\/RR_09550.jpg\",\"contentUrl\":\"https:\/\/www.santjosep.net\/wp-content\/uploads\/2022\/11\/RR_09550.jpg\",\"width\":2500,\"height\":1667},{\"@type\":\"WebSite\",\"@id\":\"https:\/\/www.santjosep.net\/#website\",\"url\":\"https:\/\/www.santjosep.net\/\",\"name\":\"Santjosep.net\",\"description\":\"\",\"potentialAction\":[{\"@type\":\"SearchAction\",\"target\":{\"@type\":\"EntryPoint\",\"urlTemplate\":\"https:\/\/www.santjosep.net\/?s={search_term_string}\"},\"query-input\":{\"@type\":\"PropertyValueSpecification\",\"valueRequired\":true,\"valueName\":\"search_term_string\"}}],\"inLanguage\":\"ca\"}]}<\/script>\n<!-- \/ Yoast SEO plugin. -->","yoast_head_json":{"title":"Activitats esportives a Sant Josep - Eivissa","robots":{"index":"index","follow":"follow","max-snippet":"max-snippet:-1","max-image-preview":"max-image-preview:large","max-video-preview":"max-video-preview:-1"},"canonical":"https:\/\/www.santjosep.net\/ca\/turisme-actiu\/","og_locale":"ca_ES","og_type":"article","og_title":"Activitats esportives a Sant Josep - Eivissa","og_description":"[vc_row enable_hue_rotation=&#8221;no&#8221; enable_text_marquee=&#8221;no&#8221;][vc_column][vc_column_text]La natura i la geografia de Sant Josep de Sa Talaia i un clima amb temperatures agradables durant tot l\u2019any constitueixen, sens dubte, alguns dels majors atractius que ofereix aquesta zona d\u2019Eivissa. Les platges i les cales d\u2019aig\u00fces [&hellip;]","og_url":"https:\/\/www.santjosep.net\/ca\/turisme-actiu\/","og_site_name":"Santjosep.net","article_modified_time":"2022-01-19T10:43:12+00:00","og_image":[{"width":1024,"height":683,"url":"https:\/\/www.santjosep.net\/wp-content\/uploads\/2022\/11\/RR_09550-1024x683.jpg","type":"image\/jpeg"}],"twitter_card":"summary_large_image","twitter_misc":{"Temps estimat de lectura":"1 minut"},"schema":{"@context":"https:\/\/schema.org","@graph":[{"@type":"WebPage","@id":"https:\/\/www.santjosep.net\/ca\/turisme-actiu\/","url":"https:\/\/www.santjosep.net\/ca\/turisme-actiu\/","name":"Activitats esportives a Sant Josep - Eivissa","isPartOf":{"@id":"https:\/\/www.santjosep.net\/#website"},"primaryImageOfPage":{"@id":"https:\/\/www.santjosep.net\/ca\/turisme-actiu\/#primaryimage"},"image":{"@id":"https:\/\/www.santjosep.net\/ca\/turisme-actiu\/#primaryimage"},"thumbnailUrl":"https:\/\/www.santjosep.net\/wp-content\/uploads\/2022\/11\/RR_09550.jpg","datePublished":"2016-03-08T08:42:58+00:00","dateModified":"2022-01-19T10:43:12+00:00","inLanguage":"ca","potentialAction":[{"@type":"ReadAction","target":["https:\/\/www.santjosep.net\/ca\/turisme-actiu\/"]}]},{"@type":"ImageObject","inLanguage":"ca","@id":"https:\/\/www.santjosep.net\/ca\/turisme-actiu\/#primaryimage","url":"https:\/\/www.santjosep.net\/wp-content\/uploads\/2022\/11\/RR_09550.jpg","contentUrl":"https:\/\/www.santjosep.net\/wp-content\/uploads\/2022\/11\/RR_09550.jpg","width":2500,"height":1667},{"@type":"WebSite","@id":"https:\/\/www.santjosep.net\/#website","url":"https:\/\/www.santjosep.net\/","name":"Santjosep.net","description":"","potentialAction":[{"@type":"SearchAction","target":{"@type":"EntryPoint","urlTemplate":"https:\/\/www.santjosep.net\/?s={search_term_string}"},"query-input":{"@type":"PropertyValueSpecification","valueRequired":true,"valueName":"search_term_string"}}],"inLanguage":"ca"}]}},"_links":{"self":[{"href":"https:\/\/www.santjosep.net\/ca\/wp-json\/wp\/v2\/pages\/12393","targetHints":{"allow":["GET"]}}],"collection":[{"href":"https:\/\/www.santjosep.net\/ca\/wp-json\/wp\/v2\/pages"}],"about":[{"href":"https:\/\/www.santjosep.net\/ca\/wp-json\/wp\/v2\/types\/page"}],"author":[{"embeddable":true,"href":"https:\/\/www.santjosep.net\/ca\/wp-json\/wp\/v2\/users\/1"}],"replies":[{"embeddable":true,"href":"https:\/\/www.santjosep.net\/ca\/wp-json\/wp\/v2\/comments?post=12393"}],"version-history":[{"count":0,"href":"https:\/\/www.santjosep.net\/ca\/wp-json\/wp\/v2\/pages\/12393\/revisions"}],"wp:featuredmedia":[{"embeddable":true,"href":"https:\/\/www.santjosep.net\/ca\/wp-json\/wp\/v2\/media\/33497"}],"wp:attachment":[{"href":"https:\/\/www.santjosep.net\/ca\/wp-json\/wp\/v2\/media?parent=12393"}],"wp:term":[{"taxonomy":"categoria_pagina","embeddable":true,"href":"https:\/\/www.santjosep.net\/ca\/wp-json\/wp\/v2\/categoria_pagina?post=12393"}],"curies":[{"name":"wp","href":"https:\/\/api.w.org\/{rel}","templated":true}]}}