{"id":12322,"date":"2013-11-11T12:22:43","date_gmt":"2013-11-11T12:22:43","guid":{"rendered":"https:\/\/www.santjosep.net\/ver\/sant-josep-de-sa-talaia\/"},"modified":"2025-01-21T10:28:23","modified_gmt":"2025-01-21T09:28:23","slug":"sant-josep-de-sa-talaia","status":"publish","type":"page","link":"https:\/\/www.santjosep.net\/ca\/veure\/pobles\/sant-josep-de-sa-talaia\/","title":{"rendered":"Sant Josep de Sa Talaia"},"content":{"rendered":"<div class=\"wpb-content-wrapper\"><p>[vc_row enable_hue_rotation=&#8221;no&#8221; enable_text_marquee=&#8221;no&#8221;][vc_column][vc_column_text]El municipi de Sant Josep de sa Talaia \u00e9s la porta per via a\u00e8ria de milions de viatgers i, tot i ser el tercer municipi de l\u2019illa en nombre de poblaci\u00f3 (l\u2019any 2019 es varen superar els 27.000), \u00e9s el primer d\u2019Eivissa en superf\u00edcie, ja que ocupa 154 km2.<\/p>\n<p>A m\u00e9s a m\u00e9s, Sant Josep de sa Talaia tamb\u00e9 alberga i ofereix un total de 32 platges i 80 km de costa, que permeten realitzar qualsevol esport n\u00e0utic. Situat al sud-oest de l\u2019illa, limita amb els municipis d\u2019Eivissa i amb el de Sant Antoni. El seu territori va ser establert de manera artificial amb la uni\u00f3 de l\u2019antic quart\u00f3 de ses Salines i gran part del quart\u00f3 de Portmany.<\/p>\n<p>El municipi compr\u00e8n, a m\u00e9s del poble amb el mateix nom, el de Sant Agust\u00ed des Vedr\u00e0, es Cubells, Sant Jordi de ses Salines i Sant Francesc de s\u2019Estany. Gr\u00e0cies als seus paisatges de gran atractiu, cadascun d\u2019ells ofereix una postal id\u00edl\u00b7lica per gaudir de la seva activitat, de la natura i del seu encant. Tamb\u00e9 cal mencionar l\u2019exist\u00e8ncia de l\u2019\u00fanic parc natural que hi ha a l\u2019illa des de 1995: el Parc Natural de ses Salines, la Reserva Natural des Vedr\u00e0, es Vedranell i dels illots de Ponent, aix\u00ed com diverses zones qualificades com a \u00e0rees naturals d\u2019 especial inter\u00e8s. Les torres de defensa, com poden ser la torre de ses Portes o la torre de Comte o d\u2019en Rovira, aixecades pels eivissencs entre els segles XVII i XVIII, s\u00f3n alguns dels elements que ressalten la costa d\u2019aquest municipi i des d\u2019on es poden veure di\u00e0riament les postes de sol m\u00e0giques d\u2019aquesta illa.<\/p>\n<p>Sant Josep de sa Talaia ofereix una \u00e0mplia oferta historicoart\u00edstica. Els amants de la hist\u00f2ria han de realitzar una visita obligada a l\u2019assentament rural punicorom\u00e0\u00a0 de ses Pa\u00efses de Cala d\u2019Hort, establiment rural del segle V aC i al poblat fenici de sa Caleta.<\/p>\n<p>Aix\u00f2 \u00e9s nom\u00e9s una part del que es pot trobar a Sant Josep de sa Talaia, dest\u00ed tur\u00edstic per excel\u00b7l\u00e8ncia, que tamb\u00e9 disposa d\u2019una gran varietat de restaurants on podreu tastar i gaudir a la vora del mar de tota la gastronomia t\u00edpica de l\u2019illa. Per aix\u00f2 podem dir que Sant Josep de sa Talaia aglutina tot el que es busca en un dest\u00ed tur\u00edstic: sol, platges, natura, tranquil\u00b7litat, cultura, diversi\u00f3, esports, gastronomia\u00a0 i molt d\u2019ambient per fer-vos gaudir del nostre municipi.[\/vc_column_text][vc_column_text]<span data-sheets-root=\"1\"><div class=\"gm-map\" style=\"position: relative;height: 200px; width: 200px;\"><iframe name=\"gm-map-1\" allowfullscreen src=\"https:\/\/www.santjosep.net\/ca\/?geo_mashup_content=render-map&amp;map_data_key=79bac29f546759b1240173448f7706ae&amp;lang=ca&amp;zoom=13&amp;name=gm-map-1&amp;map_content=contextual&amp;error_comment=&lt;!-- Geo Mashup found no objects to map in this context--&gt;\" style=\"position: absolute; top: 0; left: 0; width: 100%; height: 100%; border: none; overflow: hidden;\"><\/iframe><\/div><\/span>[\/vc_column_text][\/vc_column][\/vc_row][vc_row full_width=&#8221;stretch_row_content_no_spaces&#8221; enable_hue_rotation=&#8221;no&#8221; enable_text_marquee=&#8221;no&#8221; el_id=&#8221;galeria&#8221;][vc_column css=&#8221;.vc_custom_1579097066588{padding-bottom: 20px !important;}&#8221;][vc_column_text]<style>#jtg-17570 .modula-item .jtg-social a, .lightbox-socials.jtg-social a{ fill: #ffffff; color: #ffffff }#jtg-17570 .modula-item .jtg-social-mobile a{ fill: #ffffff; color: #ffffff }#jtg-17570 .modula-item .jtg-social svg, .lightbox-socials.jtg-social svg { height: 16px; width: 16px }#jtg-17570 .modula-item .jtg-social-mobile svg { height: 16px; width: 16px }#jtg-17570 .modula-item .jtg-social a:not(:last-child), .lightbox-socials.jtg-social a:not(:last-child) { margin-right: 10px }#jtg-17570 .modula-item .jtg-social-mobile .jtg-social-mobile-icons a:not(:last-child){ margin-right: 10px }#jtg-17570 .modula-item .figc {color:#ffffff;}#jtg-17570 .modula-item .modula-item-content { transform: scale(1) }#jtg-17570 .modula-items .figc p.description { font-size:14px; }#jtg-17570 .modula-items .figc p.description { color:#ffffff;}#jtg-17570.modula-gallery .modula-item > a, #jtg-17570.modula-gallery .modula-item, #jtg-17570.modula-gallery .modula-item-content > a:not(.modula-no-follow) { cursor:zoom-in; } #jtg-17570.modula-gallery .modula-item-content .modula-no-follow { cursor: default; } @media screen and (max-width:480px){#jtg-17570 .modula-item .figc .jtg-title {  font-size: 12px; }#jtg-17570 .modula-items .figc p.description { color:#ffffff;font-size:10px; }}#jtg-17570 .modula-items .modula-item:hover img{opacity:1;}<\/style>\n<div  id=\"jtg-17570\" class=\"modula modula-gallery modula-custom-grid\" data-config=\"{&quot;height&quot;:800,&quot;tabletHeight&quot;:800,&quot;mobileHeight&quot;:800,&quot;desktopHeight&quot;:800,&quot;enableTwitter&quot;:true,&quot;enableWhatsapp&quot;:false,&quot;enableFacebook&quot;:true,&quot;enablePinterest&quot;:true,&quot;enableLinkedin&quot;:true,&quot;enableEmail&quot;:false,&quot;randomFactor&quot;:0.5,&quot;type&quot;:&quot;custom-grid&quot;,&quot;columns&quot;:12,&quot;gutter&quot;:0,&quot;mobileGutter&quot;:0,&quot;tabletGutter&quot;:0,&quot;desktopGutter&quot;:0,&quot;enableResponsive&quot;:&quot;1&quot;,&quot;tabletColumns&quot;:&quot;2&quot;,&quot;mobileColumns&quot;:&quot;1&quot;,&quot;lazyLoad&quot;:&quot;0&quot;,&quot;lightboxOpts&quot;:{&quot;animated&quot;:true,&quot;Thumbs&quot;:{&quot;type&quot;:&quot;modern&quot;,&quot;showOnStart&quot;:false},&quot;Toolbar&quot;:{&quot;display&quot;:{&quot;right&quot;:[&quot;close&quot;]},&quot;enabled&quot;:true},&quot;Carousel&quot;:{&quot;Panzoom&quot;:{&quot;touch&quot;:false},&quot;infinite&quot;:false},&quot;keyboard&quot;:{&quot;Escape&quot;:&quot;close&quot;,&quot;Delete&quot;:&quot;close&quot;,&quot;Backspace&quot;:&quot;close&quot;,&quot;PageUp&quot;:false,&quot;PageDown&quot;:false,&quot;ArrowUp&quot;:false,&quot;ArrowDown&quot;:false,&quot;ArrowRight&quot;:false,&quot;ArrowLeft&quot;:false},&quot;touch&quot;:false,&quot;backdropClick&quot;:false,&quot;l10n&quot;:{&quot;CLOSE&quot;:&quot;Close&quot;,&quot;NEXT&quot;:&quot;Next&quot;,&quot;PREV&quot;:&quot;Previous&quot;,&quot;Error&quot;:&quot;The requested content cannot be loaded. Please try again later.&quot;,&quot;PLAY_START&quot;:&quot;Start slideshow&quot;,&quot;PLAY_STOP&quot;:&quot;Pause slideshow&quot;,&quot;FULL_SCREEN&quot;:&quot;Full screen&quot;,&quot;THUMBS&quot;:&quot;Thumbnails&quot;,&quot;DOWNLOAD&quot;:&quot;Download&quot;,&quot;SHARE&quot;:&quot;Share&quot;,&quot;ZOOM&quot;:&quot;Zoom&quot;,&quot;EMAIL&quot;:&quot;Here is the link to the image : %%image_link%% and this is the link to the gallery : %%gallery_link%%&quot;,&quot;MODAL&quot;:&quot;You can close this modal content with the ESC key&quot;,&quot;ERROR&quot;:&quot;Something Went Wrong, Please Try Again Later&quot;,&quot;IMAGE_ERROR&quot;:&quot;Image Not Found&quot;,&quot;ELEMENT_NOT_FOUND&quot;:&quot;HTML Element Not Found&quot;,&quot;AJAX_NOT_FOUND&quot;:&quot;Error Loading AJAX : Not Found&quot;,&quot;AJAX_FORBIDDEN&quot;:&quot;Error Loading AJAX : Forbidden&quot;,&quot;IFRAME_ERROR&quot;:&quot;Error Loading Page&quot;,&quot;TOGGLE_ZOOM&quot;:&quot;Toggle zoom level&quot;,&quot;TOGGLE_THUMBS&quot;:&quot;Toggle thumbnails&quot;,&quot;TOGGLE_SLIDESHOW&quot;:&quot;Toggle slideshow&quot;,&quot;TOGGLE_FULLSCREEN&quot;:&quot;Toggle full-screen mode&quot;},&quot;Images&quot;:{&quot;Panzoom&quot;:{&quot;maxScale&quot;:2}},&quot;mainClass&quot;:&quot;modula-fancybox-container modula-lightbox-jtg-17570&quot;,&quot;Html&quot;:{&quot;videoAutoplay&quot;:0,&quot;videoTpl&quot;:&quot;&lt;video class=\\&quot;fancybox__html5video\\&quot; controls muted playsinline controlsList controlsList=\\&quot;nodownload\\&quot; poster=\\&quot;{{poster}}\\&quot; src=\\&quot;{{src}}\\&quot; type=\\&quot;{{format}}\\&quot; &gt;  Sorry, your browser doesn&#039;t support embedded videos, &lt;a href=\\&quot;{{src}}\\&quot;&gt; download &lt;\\\/a&gt; and watch with your favorite video player! &lt;\\\/video&gt;&quot;}},&quot;inView&quot;:false,&quot;email_subject&quot;:&quot;Check out this awesome image !!&quot;,&quot;email_message&quot;:&quot;Here is the link to the image : %%image_link%% and this is the link to the gallery : %%gallery_link%%&quot;,&quot;lightbox&quot;:&quot;fancybox&quot;}\">\n\n\t\n\t<div  class=\"modula-items\">\n\t\t<div class=\"modula-item\" data-width=\"6\" data-height=\"8\" >\n\t<div class=\"modula-item-content\">\n\t\t\n\t\t\t\t\t<a data-image-id=\"17581\" tabindex=\"0\" rel=\"jtg-17570\" data-caption=\"\" aria-label=\"Open image in lightbox\" role=\"button\" class=\"tile-inner modula-item-link\"><\/a>\n\t\t\n\t\t<img loading=\"lazy\" decoding=\"async\" class=\"pic wp-image-17581\"  data-valign=\"middle\" data-halign=\"center\" alt=\"\" data-full=\"https:\/\/www.santjosep.net\/wp-content\/uploads\/2020\/01\/P1012922.jpg\" title=\"P1012922\" width=\"1125\" height=\"1500\" src=\"https:\/\/www.santjosep.net\/wp-content\/uploads\/2020\/01\/P1012922.jpg\" data-src=\"https:\/\/www.santjosep.net\/wp-content\/uploads\/2020\/01\/P1012922.jpg\" data-caption=\"\" srcset=\"https:\/\/www.santjosep.net\/wp-content\/uploads\/2020\/01\/P1012922.jpg 1125w, https:\/\/www.santjosep.net\/wp-content\/uploads\/2020\/01\/P1012922-225x300.jpg 225w, https:\/\/www.santjosep.net\/wp-content\/uploads\/2020\/01\/P1012922-768x1024.jpg 768w\" sizes=\"auto, (max-width: 1125px) 100vw, 1125px\" \/>\n\t<\/div>\n\n<\/div><div class=\"modula-item\" data-width=\"6\" data-height=\"4\" >\n\t<div class=\"modula-item-content\">\n\t\t\n\t\t\t\t\t<a data-image-id=\"17611\" tabindex=\"0\" rel=\"jtg-17570\" data-caption=\"\" aria-label=\"Open image in lightbox\" role=\"button\" class=\"tile-inner modula-item-link\"><\/a>\n\t\t\n\t\t<img loading=\"lazy\" decoding=\"async\" class=\"pic wp-image-17611\"  data-valign=\"middle\" data-halign=\"center\" alt=\"\" data-full=\"https:\/\/www.santjosep.net\/wp-content\/uploads\/2020\/01\/P1085105.jpg\" title=\"P1085105\" width=\"1500\" height=\"1125\" src=\"https:\/\/www.santjosep.net\/wp-content\/uploads\/2020\/01\/P1085105.jpg\" data-src=\"https:\/\/www.santjosep.net\/wp-content\/uploads\/2020\/01\/P1085105.jpg\" data-caption=\"\" srcset=\"https:\/\/www.santjosep.net\/wp-content\/uploads\/2020\/01\/P1085105.jpg 1500w, https:\/\/www.santjosep.net\/wp-content\/uploads\/2020\/01\/P1085105-300x225.jpg 300w, https:\/\/www.santjosep.net\/wp-content\/uploads\/2020\/01\/P1085105-1024x768.jpg 1024w, https:\/\/www.santjosep.net\/wp-content\/uploads\/2020\/01\/P1085105-768x576.jpg 768w, https:\/\/www.santjosep.net\/wp-content\/uploads\/2020\/01\/P1085105-800x600.jpg 800w\" sizes=\"auto, (max-width: 1500px) 100vw, 1500px\" \/>\n\t<\/div>\n\n<\/div><div class=\"modula-item\" data-width=\"6\" data-height=\"4\" >\n\t<div class=\"modula-item-content\">\n\t\t\n\t\t\t\t\t<a data-image-id=\"17621\" tabindex=\"0\" rel=\"jtg-17570\" data-caption=\"\" aria-label=\"Open image in lightbox\" role=\"button\" class=\"tile-inner modula-item-link\"><\/a>\n\t\t\n\t\t<img loading=\"lazy\" decoding=\"async\" class=\"pic wp-image-17621\"  data-valign=\"middle\" data-halign=\"center\" alt=\"\" data-full=\"https:\/\/www.santjosep.net\/wp-content\/uploads\/2020\/01\/P1000146.jpg\" title=\"P1000146\" width=\"1200\" height=\"900\" src=\"https:\/\/www.santjosep.net\/wp-content\/uploads\/2020\/01\/P1000146.jpg\" data-src=\"https:\/\/www.santjosep.net\/wp-content\/uploads\/2020\/01\/P1000146.jpg\" data-caption=\"\" srcset=\"https:\/\/www.santjosep.net\/wp-content\/uploads\/2020\/01\/P1000146.jpg 1200w, https:\/\/www.santjosep.net\/wp-content\/uploads\/2020\/01\/P1000146-300x225.jpg 300w, https:\/\/www.santjosep.net\/wp-content\/uploads\/2020\/01\/P1000146-1024x768.jpg 1024w, https:\/\/www.santjosep.net\/wp-content\/uploads\/2020\/01\/P1000146-768x576.jpg 768w, https:\/\/www.santjosep.net\/wp-content\/uploads\/2020\/01\/P1000146-800x600.jpg 800w\" sizes=\"auto, (max-width: 1200px) 100vw, 1200px\" \/>\n\t<\/div>\n\n<\/div><div class=\"modula-item\" data-width=\"12\" data-height=\"7\" >\n\t<div class=\"modula-item-content\">\n\t\t\n\t\t\t\t\t<a data-image-id=\"19167\" tabindex=\"0\" rel=\"jtg-17570\" data-caption=\"\" aria-label=\"Open image in lightbox\" role=\"button\" class=\"tile-inner modula-item-link\"><\/a>\n\t\t\n\t\t<img loading=\"lazy\" decoding=\"async\" class=\"pic wp-image-19167\"  data-valign=\"middle\" data-halign=\"center\" alt=\"\" data-full=\"https:\/\/www.santjosep.net\/wp-content\/uploads\/2020\/01\/P1190711.jpg\" title=\"P1190711\" width=\"1500\" height=\"1125\" src=\"https:\/\/www.santjosep.net\/wp-content\/uploads\/2020\/01\/P1190711.jpg\" data-src=\"https:\/\/www.santjosep.net\/wp-content\/uploads\/2020\/01\/P1190711.jpg\" data-caption=\"\" srcset=\"https:\/\/www.santjosep.net\/wp-content\/uploads\/2020\/01\/P1190711.jpg 1500w, https:\/\/www.santjosep.net\/wp-content\/uploads\/2020\/01\/P1190711-300x225.jpg 300w, https:\/\/www.santjosep.net\/wp-content\/uploads\/2020\/01\/P1190711-1024x768.jpg 1024w, https:\/\/www.santjosep.net\/wp-content\/uploads\/2020\/01\/P1190711-768x576.jpg 768w, https:\/\/www.santjosep.net\/wp-content\/uploads\/2020\/01\/P1190711-800x600.jpg 800w\" sizes=\"auto, (max-width: 1500px) 100vw, 1500px\" \/>\n\t<\/div>\n\n<\/div>\t\t\n\t<\/div>\n\n\t\n\t\n\t<script type=\"application\/ld+json\">\n\t{\n\t\t\"@context\": \"http:\/\/schema.org\",\n\t\t\"@type\"   : \"ImageGallery\",\n\t\t\"id\"      : \"https:\/\/www.santjosep.net\/ca\/veure\/pobles\/sant-josep-de-sa-talaia\/\",\n\t\t\"url\"     : \"https:\/\/www.santjosep.net\/ca\/veure\/pobles\/sant-josep-de-sa-talaia\/\"\n\t}\n\n\t<\/script>\n\n\t\n<\/div>\n[\/vc_column_text][\/vc_column][\/vc_row][vc_row enable_hue_rotation=&#8221;no&#8221; enable_text_marquee=&#8221;no&#8221;][vc_column][vc_video link=&#8221;https:\/\/vimeo.com\/1034724217&#8243;][\/vc_column][\/vc_row]<\/p>\n<\/div>","protected":false},"excerpt":{"rendered":"<p>[vc_row enable_hue_rotation=&#8221;no&#8221; enable_text_marquee=&#8221;no&#8221;][vc_column][vc_column_text]El municipi de Sant Josep de sa Talaia \u00e9s la porta per via a\u00e8ria de milions de viatgers i, tot i ser el tercer municipi de l\u2019illa en nombre de poblaci\u00f3 (l\u2019any 2019 es varen superar els 27.000), [&hellip;]<\/p>\n","protected":false},"author":1,"featured_media":38554,"parent":12321,"menu_order":0,"comment_status":"closed","ping_status":"closed","template":"","meta":{"_acf_changed":false,"inline_featured_image":false,"footnotes":""},"categoria_pagina":[],"class_list":["post-12322","page","type-page","status-publish","has-post-thumbnail","hentry"],"acf":[],"yoast_head":"<!-- This site is optimized with the Yoast SEO plugin v25.7 - https:\/\/yoast.com\/wordpress\/plugins\/seo\/ -->\n<title>Sant Josep de Sa Talaia - Santjosep.net<\/title>\n<meta name=\"robots\" content=\"index, follow, max-snippet:-1, max-image-preview:large, max-video-preview:-1\" \/>\n<link rel=\"canonical\" href=\"https:\/\/www.santjosep.net\/ca\/veure\/pobles\/sant-josep-de-sa-talaia\/\" \/>\n<meta property=\"og:locale\" content=\"ca_ES\" \/>\n<meta property=\"og:type\" content=\"article\" \/>\n<meta property=\"og:title\" content=\"Sant Josep de Sa Talaia - Santjosep.net\" \/>\n<meta property=\"og:description\" content=\"[vc_row enable_hue_rotation=&#8221;no&#8221; enable_text_marquee=&#8221;no&#8221;][vc_column][vc_column_text]El municipi de Sant Josep de sa Talaia \u00e9s la porta per via a\u00e8ria de milions de viatgers i, tot i ser el tercer municipi de l\u2019illa en nombre de poblaci\u00f3 (l\u2019any 2019 es varen superar els 27.000), [&hellip;]\" \/>\n<meta property=\"og:url\" content=\"https:\/\/www.santjosep.net\/ca\/veure\/pobles\/sant-josep-de-sa-talaia\/\" \/>\n<meta property=\"og:site_name\" content=\"Santjosep.net\" \/>\n<meta property=\"article:modified_time\" content=\"2025-01-21T09:28:23+00:00\" \/>\n<meta property=\"og:image\" content=\"https:\/\/www.santjosep.net\/wp-content\/uploads\/2013\/11\/santjosep_IMG_1090-1024x682.jpg\" \/>\n\t<meta property=\"og:image:width\" content=\"1024\" \/>\n\t<meta property=\"og:image:height\" content=\"682\" \/>\n\t<meta property=\"og:image:type\" content=\"image\/jpeg\" \/>\n<meta name=\"twitter:card\" content=\"summary_large_image\" \/>\n<meta name=\"twitter:label1\" content=\"Temps estimat de lectura\" \/>\n\t<meta name=\"twitter:data1\" content=\"3 minuts\" \/>\n<script type=\"application\/ld+json\" class=\"yoast-schema-graph\">{\"@context\":\"https:\/\/schema.org\",\"@graph\":[{\"@type\":\"WebPage\",\"@id\":\"https:\/\/www.santjosep.net\/ca\/veure\/pobles\/sant-josep-de-sa-talaia\/\",\"url\":\"https:\/\/www.santjosep.net\/ca\/veure\/pobles\/sant-josep-de-sa-talaia\/\",\"name\":\"Sant Josep de Sa Talaia - Santjosep.net\",\"isPartOf\":{\"@id\":\"https:\/\/www.santjosep.net\/#website\"},\"primaryImageOfPage\":{\"@id\":\"https:\/\/www.santjosep.net\/ca\/veure\/pobles\/sant-josep-de-sa-talaia\/#primaryimage\"},\"image\":{\"@id\":\"https:\/\/www.santjosep.net\/ca\/veure\/pobles\/sant-josep-de-sa-talaia\/#primaryimage\"},\"thumbnailUrl\":\"https:\/\/www.santjosep.net\/wp-content\/uploads\/2025\/09\/P1012904.jpg\",\"datePublished\":\"2013-11-11T12:22:43+00:00\",\"dateModified\":\"2025-01-21T09:28:23+00:00\",\"breadcrumb\":{\"@id\":\"https:\/\/www.santjosep.net\/ca\/veure\/pobles\/sant-josep-de-sa-talaia\/#breadcrumb\"},\"inLanguage\":\"ca\",\"potentialAction\":[{\"@type\":\"ReadAction\",\"target\":[\"https:\/\/www.santjosep.net\/ca\/veure\/pobles\/sant-josep-de-sa-talaia\/\"]}]},{\"@type\":\"ImageObject\",\"inLanguage\":\"ca\",\"@id\":\"https:\/\/www.santjosep.net\/ca\/veure\/pobles\/sant-josep-de-sa-talaia\/#primaryimage\",\"url\":\"https:\/\/www.santjosep.net\/wp-content\/uploads\/2025\/09\/P1012904.jpg\",\"contentUrl\":\"https:\/\/www.santjosep.net\/wp-content\/uploads\/2025\/09\/P1012904.jpg\",\"width\":1500,\"height\":1125},{\"@type\":\"BreadcrumbList\",\"@id\":\"https:\/\/www.santjosep.net\/ca\/veure\/pobles\/sant-josep-de-sa-talaia\/#breadcrumb\",\"itemListElement\":[{\"@type\":\"ListItem\",\"position\":1,\"name\":\"Veure\",\"item\":\"https:\/\/www.santjosep.net\/ca\/veure\/\"},{\"@type\":\"ListItem\",\"position\":2,\"name\":\"Pobles\",\"item\":\"https:\/\/www.santjosep.net\/ca\/veure\/pobles\/\"},{\"@type\":\"ListItem\",\"position\":3,\"name\":\"Sant Josep de Sa Talaia\"}]},{\"@type\":\"WebSite\",\"@id\":\"https:\/\/www.santjosep.net\/#website\",\"url\":\"https:\/\/www.santjosep.net\/\",\"name\":\"Santjosep.net\",\"description\":\"\",\"potentialAction\":[{\"@type\":\"SearchAction\",\"target\":{\"@type\":\"EntryPoint\",\"urlTemplate\":\"https:\/\/www.santjosep.net\/?s={search_term_string}\"},\"query-input\":{\"@type\":\"PropertyValueSpecification\",\"valueRequired\":true,\"valueName\":\"search_term_string\"}}],\"inLanguage\":\"ca\"}]}<\/script>\n<!-- \/ Yoast SEO plugin. -->","yoast_head_json":{"title":"Sant Josep de Sa Talaia - Santjosep.net","robots":{"index":"index","follow":"follow","max-snippet":"max-snippet:-1","max-image-preview":"max-image-preview:large","max-video-preview":"max-video-preview:-1"},"canonical":"https:\/\/www.santjosep.net\/ca\/veure\/pobles\/sant-josep-de-sa-talaia\/","og_locale":"ca_ES","og_type":"article","og_title":"Sant Josep de Sa Talaia - Santjosep.net","og_description":"[vc_row enable_hue_rotation=&#8221;no&#8221; enable_text_marquee=&#8221;no&#8221;][vc_column][vc_column_text]El municipi de Sant Josep de sa Talaia \u00e9s la porta per via a\u00e8ria de milions de viatgers i, tot i ser el tercer municipi de l\u2019illa en nombre de poblaci\u00f3 (l\u2019any 2019 es varen superar els 27.000), [&hellip;]","og_url":"https:\/\/www.santjosep.net\/ca\/veure\/pobles\/sant-josep-de-sa-talaia\/","og_site_name":"Santjosep.net","article_modified_time":"2025-01-21T09:28:23+00:00","og_image":[{"width":1024,"height":682,"url":"https:\/\/www.santjosep.net\/wp-content\/uploads\/2013\/11\/santjosep_IMG_1090-1024x682.jpg","type":"image\/jpeg"}],"twitter_card":"summary_large_image","twitter_misc":{"Temps estimat de lectura":"3 minuts"},"schema":{"@context":"https:\/\/schema.org","@graph":[{"@type":"WebPage","@id":"https:\/\/www.santjosep.net\/ca\/veure\/pobles\/sant-josep-de-sa-talaia\/","url":"https:\/\/www.santjosep.net\/ca\/veure\/pobles\/sant-josep-de-sa-talaia\/","name":"Sant Josep de Sa Talaia - Santjosep.net","isPartOf":{"@id":"https:\/\/www.santjosep.net\/#website"},"primaryImageOfPage":{"@id":"https:\/\/www.santjosep.net\/ca\/veure\/pobles\/sant-josep-de-sa-talaia\/#primaryimage"},"image":{"@id":"https:\/\/www.santjosep.net\/ca\/veure\/pobles\/sant-josep-de-sa-talaia\/#primaryimage"},"thumbnailUrl":"https:\/\/www.santjosep.net\/wp-content\/uploads\/2025\/09\/P1012904.jpg","datePublished":"2013-11-11T12:22:43+00:00","dateModified":"2025-01-21T09:28:23+00:00","breadcrumb":{"@id":"https:\/\/www.santjosep.net\/ca\/veure\/pobles\/sant-josep-de-sa-talaia\/#breadcrumb"},"inLanguage":"ca","potentialAction":[{"@type":"ReadAction","target":["https:\/\/www.santjosep.net\/ca\/veure\/pobles\/sant-josep-de-sa-talaia\/"]}]},{"@type":"ImageObject","inLanguage":"ca","@id":"https:\/\/www.santjosep.net\/ca\/veure\/pobles\/sant-josep-de-sa-talaia\/#primaryimage","url":"https:\/\/www.santjosep.net\/wp-content\/uploads\/2025\/09\/P1012904.jpg","contentUrl":"https:\/\/www.santjosep.net\/wp-content\/uploads\/2025\/09\/P1012904.jpg","width":1500,"height":1125},{"@type":"BreadcrumbList","@id":"https:\/\/www.santjosep.net\/ca\/veure\/pobles\/sant-josep-de-sa-talaia\/#breadcrumb","itemListElement":[{"@type":"ListItem","position":1,"name":"Veure","item":"https:\/\/www.santjosep.net\/ca\/veure\/"},{"@type":"ListItem","position":2,"name":"Pobles","item":"https:\/\/www.santjosep.net\/ca\/veure\/pobles\/"},{"@type":"ListItem","position":3,"name":"Sant Josep de Sa Talaia"}]},{"@type":"WebSite","@id":"https:\/\/www.santjosep.net\/#website","url":"https:\/\/www.santjosep.net\/","name":"Santjosep.net","description":"","potentialAction":[{"@type":"SearchAction","target":{"@type":"EntryPoint","urlTemplate":"https:\/\/www.santjosep.net\/?s={search_term_string}"},"query-input":{"@type":"PropertyValueSpecification","valueRequired":true,"valueName":"search_term_string"}}],"inLanguage":"ca"}]}},"_links":{"self":[{"href":"https:\/\/www.santjosep.net\/ca\/wp-json\/wp\/v2\/pages\/12322","targetHints":{"allow":["GET"]}}],"collection":[{"href":"https:\/\/www.santjosep.net\/ca\/wp-json\/wp\/v2\/pages"}],"about":[{"href":"https:\/\/www.santjosep.net\/ca\/wp-json\/wp\/v2\/types\/page"}],"author":[{"embeddable":true,"href":"https:\/\/www.santjosep.net\/ca\/wp-json\/wp\/v2\/users\/1"}],"replies":[{"embeddable":true,"href":"https:\/\/www.santjosep.net\/ca\/wp-json\/wp\/v2\/comments?post=12322"}],"version-history":[{"count":0,"href":"https:\/\/www.santjosep.net\/ca\/wp-json\/wp\/v2\/pages\/12322\/revisions"}],"up":[{"embeddable":true,"href":"https:\/\/www.santjosep.net\/ca\/wp-json\/wp\/v2\/pages\/12321"}],"wp:featuredmedia":[{"embeddable":true,"href":"https:\/\/www.santjosep.net\/ca\/wp-json\/wp\/v2\/media\/38554"}],"wp:attachment":[{"href":"https:\/\/www.santjosep.net\/ca\/wp-json\/wp\/v2\/media?parent=12322"}],"wp:term":[{"taxonomy":"categoria_pagina","embeddable":true,"href":"https:\/\/www.santjosep.net\/ca\/wp-json\/wp\/v2\/categoria_pagina?post=12322"}],"curies":[{"name":"wp","href":"https:\/\/api.w.org\/{rel}","templated":true}]}}